{"id":409,"date":"2017-08-16T18:11:15","date_gmt":"2017-08-16T18:11:15","guid":{"rendered":"https:\/\/ebf-inc.com\/prodotti\/"},"modified":"2017-08-19T00:44:47","modified_gmt":"2017-08-19T00:44:47","slug":"prodotti","status":"publish","type":"page","link":"https:\/\/ebf-inc.com\/it\/prodotti\/","title":{"rendered":"Prodotti"},"content":{"rendered":"<p>[vc_row][vc_column width=&#8221;1\/2&#8243;][vc_empty_space height=&#8221;62px&#8221;][vc_column_text]<\/p>\n<h3>903 Dispositivi per la raccolta del sangue secco sono progettati per la raccolta di sangue neonatale.<\/h3>\n<p>Le schede prestampate includono un modulo per compilare informazioni demografiche sul neonato. Scegliere tra una gamma di formati prestampati o scegliere la stampa personalizzata per applicazioni specifiche.<\/p>\n<p>Le schede a secco di sangue sono pronte all&#8217;uso e consentono la raccolta, l&#8217;identificazione e il trasporto di campioni facili, senza la necessit\u00e0 di congelare costosi o di consegnare il ghiaccio secco.[\/vc_column_text][vc_column_text]<\/p>\n<ul>\n<li><strong><a href=\"#twopart\" rel=\"m_PageScroll2id\">903 Carte a due parti<\/a><\/strong><\/li>\n<li><strong><a href=\"#multipart\" rel=\"m_PageScroll2id\">903 Schede multifunzione<\/a><\/strong><\/li>\n<li><strong><a href=\"#cassette\" rel=\"m_PageScroll2id\">903 Cartelle a cassetta<\/a><\/strong><\/li>\n<\/ul>\n<p>[\/vc_column_text]<a class=\"btn no-border-radius btn-default\" href=\"https:\/\/ebf-inc.com\/contact\/?lang=it\">Contatto<\/a><a class=\"btn no-border-radius btn-primary\" href=\"https:\/\/ebf-inc.com\/shop\/?lang=it\">Ordina adesso<\/a>[\/vc_column][vc_column width=&#8221;1\/2&#8243;][vc_single_image image=&#8221;144&#8243; img_size=&#8221;full&#8221; alignment=&#8221;center&#8221;][\/vc_column][\/vc_row][vc_row text_align=&#8221;center&#8221; text_color=&#8221;#ffffff&#8221; type=&#8221;image&#8221; bg_position=&#8221;center&#8221; bg_position_horizontal=&#8221;center&#8221; enable_parallax=&#8221;false&#8221; parallax_speed=&#8221;0.05&#8243; padding_top=&#8221;30&#8243; padding_bottom=&#8221;30&#8243; bg_image=&#8221;151&#8243;][vc_column][vc_column_text]<\/p>\n<h3>Le schede e i corredi a secco asciutti pronti all&#8217;uso permettono di risparmiare tempo e costi<br \/>\nDurante la raccolta, il trasporto e l&#8217;archiviazione neonatale.<\/h3>\n<p>[\/vc_column_text][\/vc_column][\/vc_row][vc_row el_id=&#8221;twopart&#8221;][vc_column width=&#8221;1\/2&#8243; css=&#8221;.vc_custom_1501086552886{padding: 10% !important;}&#8221;][vc_images_carousel images=&#8221;153,154,155,156,157&#8243; img_size=&#8221;full&#8221; speed=&#8221;3500&#8243; autoplay=&#8221;yes&#8221; min_items=&#8221;1&#8243; max_items=&#8221;1&#8243;][\/vc_column][vc_column width=&#8221;1\/2&#8243;][vc_empty_space height=&#8221;62px&#8221;][vc_column_text]<\/p>\n<h2>903 SCHEDA DUE PARTE<\/h2>\n<p>La scrittura direttamente sulla carta 903 non \u00e8 fattibile perch\u00e9 assorbe l&#8217;inchiostro dalla penna e le parole potrebbero apparire illeggibili. Inoltre aumenta il rischio di contaminazione del campione. La scheda a due parti consiste nell&#8217;area di campionamento 903 incollata su una carta demografica disponibile in nero o in OCR (riconoscimento ottico dei caratteri) rosso.<\/p>\n<p>La scheda a due parti pu\u00f2 anche includere funzioni aggiuntive come un codice a barre e possono essere stampate in pi\u00f9 colori.<\/p>\n<p><strong>Vantaggi del prodotto<\/strong><\/p>\n<ul>\n<li>Uso del sistema a codice a barre<\/li>\n<li>La carta pu\u00f2 essere stampata con diversi colori<\/li>\n<li>Pi\u00f9 facile scrittura sulla sezione demogioca<\/li>\n<li>Formato di scansione OCR<\/li>\n<\/ul>\n<p>[\/vc_column_text]<a class=\"btn no-border-radius btn-default\" href=\"https:\/\/ebf-inc.com\/contact\/?lang=it\">Contatto<\/a><a class=\"btn no-border-radius btn-primary\" href=\"https:\/\/ebf-inc.com\/shop\/?lang=it\">Ordina adesso<\/a>[\/vc_column][\/vc_row][vc_row text_align=&#8221;center&#8221; text_color=&#8221;#ffffff&#8221; type=&#8221;image&#8221; bg_position=&#8221;center&#8221; bg_position_horizontal=&#8221;center&#8221; enable_parallax=&#8221;false&#8221; parallax_speed=&#8221;0.05&#8243; padding_top=&#8221;30&#8243; padding_bottom=&#8221;30&#8243; bg_image=&#8221;151&#8243;][vc_column][vc_column_text]<\/p>\n<h3>Controllo rigoroso della qualit\u00e0 e standard di produzione GMP<br \/>\nGarantire alta qualit\u00e0, riproducibilit\u00e0 e purezza.<\/h3>\n<p>[\/vc_column_text][\/vc_column][\/vc_row][vc_row el_id=&#8221;multipart&#8221;][vc_column width=&#8221;1\/2&#8243; css=&#8221;.vc_custom_1501086552886{padding: 10% !important;}&#8221;][vc_images_carousel images=&#8221;164,162,163,165,166&#8243; img_size=&#8221;full&#8221; speed=&#8221;3500&#8243; autoplay=&#8221;yes&#8221; min_items=&#8221;1&#8243; max_items=&#8221;1&#8243;][\/vc_column][vc_column width=&#8221;1\/2&#8243;][vc_empty_space height=&#8221;62px&#8221;][vc_column_text]<\/p>\n<h2>903 SCHEDA MULTIPART<\/h2>\n<p>La scheda a secco asciutta multipla \u00e8 costituita da tre parti o pi\u00f9 e pu\u00f2 essere stampata in nero o in OCR. Simile alla scheda a due parti, l&#8217;area di campionamento 903 \u00e8 collegata alla scheda demografica e pu\u00f2 avere uno o due livelli di carbonio superiori per il trasferimento delle informazioni.<\/p>\n<p>Le caratteristiche aggiuntive della carta multipart include una copertura avvolgente che protegge la carta di raccolta del sangue 903, un codice a barre, un numero di identificazione univoco ed \u00e8 disponibile in diversi colori inchiostrati.<\/p>\n<p><strong>Vantaggi del prodotto<\/strong><\/p>\n<ul>\n<li>Strati superficiali senza carbone per la produzione di diverse copie<\/li>\n<li>Protezione dell&#8217;area del campione mediante copertura avvolgente<\/li>\n<\/ul>\n<p>[\/vc_column_text]<a class=\"btn no-border-radius btn-default\" href=\"https:\/\/ebf-inc.com\/contact\/?lang=it\">Contatto<\/a><a class=\"btn no-border-radius btn-primary\" href=\"https:\/\/ebf-inc.com\/shop\/?lang=it\">Ordina adesso<\/a>[\/vc_column][\/vc_row][vc_row text_align=&#8221;center&#8221; text_color=&#8221;#ffffff&#8221; type=&#8221;image&#8221; bg_position=&#8221;center&#8221; bg_position_horizontal=&#8221;center&#8221; enable_parallax=&#8221;false&#8221; parallax_speed=&#8221;0.05&#8243; padding_top=&#8221;30&#8243; padding_bottom=&#8221;30&#8243; bg_image=&#8221;151&#8243;][vc_column][vc_column_text]<\/p>\n<h3>Crea il tuo formato personalizzato oppure scegli<br \/>\nUna vasta gamma di formati generici di carte di raccolta<\/h3>\n<p>[\/vc_column_text][\/vc_column][\/vc_row][vc_row el_id=&#8221;cassette&#8221;][vc_column width=&#8221;1\/2&#8243; css=&#8221;.vc_custom_1501086552886{padding: 10% !important;}&#8221;][vc_images_carousel images=&#8221;163,164,162,165,166&#8243; img_size=&#8221;full&#8221; speed=&#8221;3500&#8243; autoplay=&#8221;yes&#8221; min_items=&#8221;1&#8243; max_items=&#8221;1&#8243;][\/vc_column][vc_column width=&#8221;1\/2&#8243;][vc_empty_space height=&#8221;62px&#8221;][vc_column_text]<\/p>\n<h2>903 SCHEDA CASSETTE<\/h2>\n<p>I formati cassetta personalizzati sono adatti per l&#8217;elaborazione automatizzata. L&#8217;area campione 903 \u00e8 integrata in un telaio di cartone, incollato con la parte demografica.<\/p>\n<p>Il telaio di cartone d\u00e0 stabilit\u00e0 all&#8217;area campione 903, che \u00e8 necessaria quando i campioni sono gestiti da strumenti robotici.<\/p>\n<p>La scheda della cassetta \u00e8 disponibile con le informazioni del codice a barre per la tracciabilit\u00e0 e le sezioni demografiche scannerabili da OCR. Naturalmente, il tuo logo pu\u00f2 essere stampato in pi\u00f9 colori.<\/p>\n<p><strong>\ufffcBenefici del prodotto:<\/strong><\/p>\n<ul>\n<li>Struttura del cassetto del cartone intorno all&#8217;area del campione per la movimentazione automatizzata<\/li>\n<\/ul>\n<p>[\/vc_column_text]<a class=\"btn no-border-radius btn-default\" href=\"https:\/\/ebf-inc.com\/contact\/?lang=it\">Contatto<\/a><a class=\"btn no-border-radius btn-primary\" href=\"https:\/\/ebf-inc.com\/shop\/?lang=it\">Ordina adesso<\/a>[\/vc_column][\/vc_row]<\/p>\n","protected":false},"excerpt":{"rendered":"<p>[vc_row][vc_column width=&#8221;1\/2&#8243;][vc_empty_space height=&#8221;62px&#8221;][vc_column_text] 903 Dispositivi per la raccolta del sangue secco sono progettati per la raccolta di sangue neonatale. Le schede prestampate includono un modulo per compilare informazioni demografiche sul neonato. Scegliere tra una gamma di formati prestampati o scegliere la stampa personalizzata per applicazioni specifiche. Le schede a secco di sangue sono pronte all&#8217;uso e consentono la raccolta, l&#8217;identificazione [&hellip;]<\/p>\n","protected":false},"author":32,"featured_media":0,"parent":0,"menu_order":0,"comment_status":"closed","ping_status":"closed","template":"page-templates\/full-width.php","meta":{"footnotes":""},"class_list":["post-409","page","type-page","status-publish","hentry"],"_links":{"self":[{"href":"https:\/\/ebf-inc.com\/it\/wp-json\/wp\/v2\/pages\/409","targetHints":{"allow":["GET"]}}],"collection":[{"href":"https:\/\/ebf-inc.com\/it\/wp-json\/wp\/v2\/pages"}],"about":[{"href":"https:\/\/ebf-inc.com\/it\/wp-json\/wp\/v2\/types\/page"}],"author":[{"embeddable":true,"href":"https:\/\/ebf-inc.com\/it\/wp-json\/wp\/v2\/users\/32"}],"replies":[{"embeddable":true,"href":"https:\/\/ebf-inc.com\/it\/wp-json\/wp\/v2\/comments?post=409"}],"version-history":[{"count":11,"href":"https:\/\/ebf-inc.com\/it\/wp-json\/wp\/v2\/pages\/409\/revisions"}],"predecessor-version":[{"id":788,"href":"https:\/\/ebf-inc.com\/it\/wp-json\/wp\/v2\/pages\/409\/revisions\/788"}],"wp:attachment":[{"href":"https:\/\/ebf-inc.com\/it\/wp-json\/wp\/v2\/media?parent=409"}],"curies":[{"name":"wp","href":"https:\/\/api.w.org\/{rel}","templated":true}]}}