{"id":346,"date":"2017-08-16T02:15:06","date_gmt":"2017-08-16T02:15:06","guid":{"rendered":"https:\/\/ebf-inc.com\/?page_id=346"},"modified":"2017-08-16T02:15:06","modified_gmt":"2017-08-16T02:15:06","slug":"funzionalita","status":"publish","type":"page","link":"https:\/\/ebf-inc.com\/it\/funzionalita\/","title":{"rendered":"Funzionalit\u00e0"},"content":{"rendered":"<p>[vc_row padding_top=&#8221;50&#8243; padding_bottom=&#8221;20&#8243;][vc_column width=&#8221;1\/6&#8243;][\/vc_column][vc_column width=&#8221;1\/3&#8243;][vc_row_inner][vc_column_inner width=&#8221;1\/4&#8243;]<div class=\"text-right\" ><i class=\"icon-barcode icon-4x\"style=\"color: #ef3d35\"><\/i> <\/div>[\/vc_column_inner][vc_column_inner width=&#8221;3\/4&#8243;][vc_column_text]<\/p>\n<h3>Codici a barre<\/h3>\n<p>Le carte secche del sangue possono essere fornite con barcoding sulla porzione demografica in qualsiasi formato in grado di stampare caratteri alfanumerici (lettere, cifre e alcuni simboli speciali). L&#8217;integrit\u00e0 dei dati \u00e8 migliorata dall&#8217;utilizzo di caratteri digitali di controllo del modulo.<\/p>\n<p>I codici a barre possono essere stampati su una perforazione in cui la scheda sar\u00e0 separata in laboratorio. Ci\u00f2 consente la possibilit\u00e0 di tracciare tutte le sezioni della scheda. Mostrato a sinistra \u00e8 una rappresentazione della carta Florida mostrata su P8. Possiamo anche stampare codici a barre adesivi rimovibili per le tue carte che possono essere aderenti a documenti di accompagnamento.[\/vc_column_text][\/vc_column_inner][\/vc_row_inner][\/vc_column][vc_column width=&#8221;1\/3&#8243;][vc_row_inner][vc_column_inner width=&#8221;1\/4&#8243;]<div class=\"text-right\" ><i class=\"icon-cog icon-4x\"style=\"color: #ef3d35\"><\/i> <\/div>[\/vc_column_inner][vc_column_inner width=&#8221;3\/4&#8243;][vc_column_text]<\/p>\n<h3>Kit personalizzati<\/h3>\n<p>La raccolta di campioni basata su campi richiede spesso l&#8217;uso di pi\u00f9 prodotti come guanti, salviette sterili e una lancetta oltre alla stessa carta di raccolta campione. EBF pu\u00f2 sviluppare e realizzare kit personalizzati pronti all&#8217;uso specifico per le proprie applicazioni, garantendo che tutti gli strumenti per la raccolta ottimale dei campioni siano presenti sul sito e pronti per essere utilizzati.[\/vc_column_text][\/vc_column_inner][\/vc_row_inner][\/vc_column][vc_column width=&#8221;1\/6&#8243;][\/vc_column][\/vc_row][vc_row padding_top=&#8221;20&#8243; padding_bottom=&#8221;20&#8243;][vc_column width=&#8221;1\/6&#8243;][\/vc_column][vc_column width=&#8221;1\/3&#8243;][vc_row_inner][vc_column_inner width=&#8221;1\/4&#8243;]<div class=\"text-right\" ><i class=\"icon-exchange icon-4x\"style=\"color: #ef3d35\"><\/i> <\/div>[\/vc_column_inner][vc_column_inner width=&#8221;3\/4&#8243;][vc_column_text]<\/p>\n<h3>Copertine avvolgenti<\/h3>\n<p>Le coperture avvolgenti sono attaccate alla scheda a secco del sangue secco 903 e possono essere &#8220;avvolte&#8221; la parte di raccolta dei campioni 903 della scheda per proteggere l&#8217;area di campionamento. Questa copertina avvolgente \u00e8 disponibile in diversi materiali: carta da 28 libbre, vetroina traslucida o barriera anti-umidit\u00e0 libera. Questo protegge il campione e pu\u00f2 eliminare la necessit\u00e0 di ulteriori buste di vetro.[\/vc_column_text][\/vc_column_inner][\/vc_row_inner][\/vc_column][vc_column width=&#8221;1\/3&#8243;][vc_row_inner][vc_column_inner width=&#8221;1\/4&#8243;]<div class=\"text-right\" ><i class=\"icon-sort-number-up icon-4x\"style=\"color: #ef3d35\"><\/i> <\/div>[\/vc_column_inner][vc_column_inner width=&#8221;3\/4&#8243;][vc_column_text]<\/p>\n<h3>Numerazione sequenziale<\/h3>\n<p>Possono essere fornite schede a punti di sangue secche con numerazione sequenziale. Ci\u00f2 significa che ciascuna delle tue carte avr\u00e0 un numero diverso, che \u00e8 essenziale per scopi di monitoraggio e identificazione.[\/vc_column_text][\/vc_column_inner][\/vc_row_inner][\/vc_column][vc_column width=&#8221;1\/6&#8243;][\/vc_column][\/vc_row][vc_row padding_top=&#8221;20&#8243; padding_bottom=&#8221;20&#8243;][vc_column width=&#8221;1\/6&#8243;][\/vc_column][vc_column width=&#8221;1\/3&#8243;][vc_row_inner][vc_column_inner width=&#8221;1\/4&#8243;]<div class=\"text-right\" ><i class=\"icon-cog icon-4x\"style=\"color: #ef3d35\"><\/i> <\/div>[\/vc_column_inner][vc_column_inner width=&#8221;3\/4&#8243;][vc_column_text]<\/p>\n<h3>Formato di scansione OCR<\/h3>\n<p>EBF pu\u00f2 utilizzare inchiostri speciali per stampare forme invisibili ai rilevatori di caratteri ottici (OCR), in modo che gli scanner rileveranno solo le informazioni demografiche variabili (cio\u00e8 le informazioni scritte fornite dal campionatore).[\/vc_column_text][\/vc_column_inner][\/vc_row_inner][\/vc_column][vc_column width=&#8221;1\/3&#8243;][vc_row_inner][vc_column_inner width=&#8221;1\/4&#8243;]<div class=\"text-right\" ><i class=\"icon-pencil-1 icon-4x\"style=\"color: #ef3d35\"><\/i> <\/div>[\/vc_column_inner][vc_column_inner width=&#8221;3\/4&#8243;][vc_column_text]<\/p>\n<h3>Codificazione del colore<\/h3>\n<p>Le schede di sangue secche personalizzate stampate possono essere colorate per semplificare la distribuzione di forme dopo la raccolta dei campioni.[\/vc_column_text][\/vc_column_inner][\/vc_row_inner][\/vc_column][vc_column width=&#8221;1\/6&#8243;][\/vc_column][\/vc_row][vc_row padding_top=&#8221;20&#8243; padding_bottom=&#8221;20&#8243;][vc_column width=&#8221;1\/6&#8243;][\/vc_column][vc_column width=&#8221;1\/3&#8243;][vc_row_inner][vc_column_inner width=&#8221;1\/4&#8243;]<div class=\"text-right\" ><i class=\"icon-box icon-4x\"style=\"color: #ef3d35\"><\/i> <\/div>[\/vc_column_inner][vc_column_inner width=&#8221;3\/4&#8243;][vc_column_text]<\/p>\n<h3>Imballaggio personalizzato<\/h3>\n<p>Un sistema di codifica specificato pu\u00f2 essere stampato su ogni confezione, cartone e scatola di spedizione. I cartoni esterni possono essere etichettati per riflettere la numerazione sequenziale delle forme racchiuse.[\/vc_column_text][\/vc_column_inner][\/vc_row_inner][\/vc_column][vc_column width=&#8221;1\/3&#8243;][vc_row_inner][vc_column_inner width=&#8221;1\/4&#8243;]<div class=\"text-right\" ><i class=\"icon-headphones icon-4x\"style=\"color: #ef3d35\"><\/i> <\/div>[\/vc_column_inner][vc_column_inner width=&#8221;3\/4&#8243;][vc_column_text]<\/p>\n<h3>Sezione uditiva<\/h3>\n<p>\u00c8 possibile aggiungere una sezione ad una scheda di sangue secco per i risultati delle prove uditive. Questo mette insieme tutti i risultati di screening in un database sotto un unico numero di controllo.[\/vc_column_text][\/vc_column_inner][\/vc_row_inner][\/vc_column][vc_column width=&#8221;1\/6&#8243;][\/vc_column][\/vc_row][vc_row padding_top=&#8221;20&#8243; padding_bottom=&#8221;50&#8243;][vc_column width=&#8221;1\/6&#8243;][\/vc_column][vc_column width=&#8221;1\/3&#8243;][vc_row_inner][vc_column_inner width=&#8221;1\/4&#8243;]<div class=\"text-right\" ><i class=\"icon-doc-text-inv icon-4x\"style=\"color: #ef3d35\"><\/i> <\/div>[\/vc_column_inner][vc_column_inner width=&#8221;3\/4&#8243;][vc_column_text]<\/p>\n<h3>Schede informative dei genitori \/ opuscoli<\/h3>\n<p>Le schede informative genitori che fanno parte del dispositivo di raccolta neonatale e includono i numeri di apparecchiature possono essere forniti come prima parte di un modulo a pi\u00f9 parti. In alternativa, opuscoli dettagliati di informazioni genitori possono essere incollati sul modulo.[\/vc_column_text][\/vc_column_inner][\/vc_row_inner][\/vc_column][vc_column width=&#8221;1\/3&#8243;][vc_row_inner][vc_column_inner width=&#8221;1\/4&#8243;]<div class=\"text-right\" ><i class=\"icon-mail-alt icon-4x\"style=\"color: #ef3d35\"><\/i> <\/div>[\/vc_column_inner][vc_column_inner width=&#8221;3\/4&#8243;][vc_column_text]<\/p>\n<h3>Trasferimento o invio di buste<\/h3>\n<p>L&#8217;EBF pu\u00f2 fornire buste personalizzate per l&#8217;invio di campioni al laboratorio centrale, per inviare una home screening presso il genitore per il campionamento di follow-up o inviare campioni a laboratori separati per test di screening non standard (ad esempio, per test di DNA o supplementari selezione). Queste buste sono spesso colorate.[\/vc_column_text][\/vc_column_inner][\/vc_row_inner][\/vc_column][vc_column width=&#8221;1\/6&#8243;][\/vc_column][\/vc_row][vc_row][vc_column][vc_column_text]<\/p>\n<h2 style=\"text-align: center;\">GRAFICO COMPARATIVO<\/h2>\n<p>[\/vc_column_text][vc_raw_html]JTNDdGFibGUlMjBjbGFzcyUzRCUyMnRhYmxlJTIwdGFibGUtc3RyaXBlZCUyMiUzRSUwQSUzQ3RoZWFkJTNFJTBBJTNDdHIlM0UlMEElM0N0ZCUyMGNsYXNzJTNEJTIydGMlMjIlM0UlM0MlMkZ0ZCUzRSUwQSUzQ3RkJTIwY2xhc3MlM0QlMjJ0YyUyMiUzRSUzQ3N0cm9uZyUzRTkwMyUyMENBUlRBJTIwU0lOR09MQSUyMFBBUlRFJTNDJTJGc3Ryb25nJTNFJTNDJTJGdGQlM0UlMEElM0N0ZCUyMGNsYXNzJTNEJTIydGMlMjIlM0UlM0NzdHJvbmclM0U5MDMlMjBDQVJUQSUyMERVRSUyMFBBUlRFJTNDJTJGc3Ryb25nJTNFJTNDJTJGdGQlM0UlMEElM0N0ZCUyMGNsYXNzJTNEJTIydGMlMjIlM0UlM0NzdHJvbmclM0U5MDMlMjBDQVJURUxMQSUyME1VTFRJUEFSVCUzQyUyRnN0cm9uZyUzRSUzQyUyRnRkJTNFJTBBJTNDdGQlMjBjbGFzcyUzRCUyMnRjJTIyJTNFJTNDc3Ryb25nJTNFOTAzJTIwQ0FSVEElMjBDQVNTRVRURSUzQyUyRnN0cm9uZyUzRSUzQyUyRnRkJTNFJTBBJTNDJTJGdHIlM0UlMEElM0MlMkZ0aGVhZCUzRSUwQSUzQ3Rib2R5JTNFJTBBJTNDdHIlM0UlMEElM0N0ZCUzRUNhcnRhJTIwcmFjY29tYW5kYXRhJTIwcGVyJTIwaWwlMjBjb250cm9sbG8lMjBuZW9uYXRhbGUlMjBkaSUyMENEQyUzQyUyRnRkJTNFJTBBJTNDdGQlM0UlM0MlMkZ0ZCUzRSUwQSUzQ3RkJTIwY2xhc3MlM0QlMjJ0YyUyMiUzRSUzQ2klMjBjbGFzcyUzRCUyMmljb24tY2hlY2slMjIlM0UlM0MlMkZpJTNFJTNDJTJGdGQlM0UlMEElM0N0ZCUyMGNsYXNzJTNEJTIydGMlMjIlM0UlM0NpJTIwY2xhc3MlM0QlMjJpY29uLWNoZWNrJTIyJTNFJTNDJTJGaSUzRSUzQyUyRnRkJTNFJTBBJTNDdGQlMjBjbGFzcyUzRCUyMnRjJTIyJTNFJTNDaSUyMGNsYXNzJTNEJTIyaWNvbi1jaGVjayUyMiUzRSUzQyUyRmklM0UlM0MlMkZ0ZCUzRSUwQSUzQyUyRnRyJTNFJTBBJTNDdHIlM0UlMEElM0N0ZCUzRUlsJTIwcHJvZG90dG8lMjBpbmNvbnRyYSUyMFN0YXRpJTIwVW5pdGklMjBlJTIwVUUlMjBwZXIlMjBsbyUyMHNjcmVlbmluZyUyMG5lb25hdGFsZSUzQyUyRnRkJTNFJTBBJTNDdGQlM0UlM0MlMkZ0ZCUzRSUwQSUzQ3RkJTIwY2xhc3MlM0QlMjJ0YyUyMiUzRSUzQ2klMjBjbGFzcyUzRCUyMmljb24tY2hlY2slMjIlM0UlM0MlMkZpJTNFJTNDJTJGdGQlM0UlMEElM0N0ZCUyMGNsYXNzJTNEJTIydGMlMjIlM0UlM0NpJTIwY2xhc3MlM0QlMjJpY29uLWNoZWNrJTIyJTNFJTNDJTJGaSUzRSUzQyUyRnRkJTNFJTBBJTNDdGQlMjBjbGFzcyUzRCUyMnRjJTIyJTNFJTNDaSUyMGNsYXNzJTNEJTIyaWNvbi1jaGVjayUyMiUzRSUzQyUyRmklM0UlM0MlMkZ0ZCUzRSUwQSUzQyUyRnRyJTNFJTBBJTNDdHIlM0UlMEElM0N0ZCUzRVByb2RvdHRvJTIwcHJvZG90dG8lMjBpbiUyMGJ1b25lJTIwcHJhdGljaGUlMjBkaSUyMGZhYmJyaWNhemlvbmUlMjAlMjhHTVAlMjklM0MlMkZ0ZCUzRSUwQSUzQ3RkJTIwY2xhc3MlM0QlMjJ0YyUyMiUzRSUzQ2klMjBjbGFzcyUzRCUyMmljb24tY2hlY2slMjIlM0UlM0MlMkZpJTNFJTNDJTJGdGQlM0UlMEElM0N0ZCUyMGNsYXNzJTNEJTIydGMlMjIlM0UlM0NpJTIwY2xhc3MlM0QlMjJpY29uLWNoZWNrJTIyJTNFJTNDJTJGaSUzRSUzQyUyRnRkJTNFJTBBJTNDdGQlMjBjbGFzcyUzRCUyMnRjJTIyJTNFJTNDaSUyMGNsYXNzJTNEJTIyaWNvbi1jaGVjayUyMiUzRSUzQyUyRmklM0UlM0MlMkZ0ZCUzRSUwQSUzQ3RkJTIwY2xhc3MlM0QlMjJ0YyUyMiUzRSUzQ2klMjBjbGFzcyUzRCUyMmljb24tY2hlY2slMjIlM0UlM0MlMkZpJTNFJTNDJTJGdGQlM0UlMEElM0MlMkZ0ciUzRSUwQSUzQ3RyJTNFJTBBJTNDdGQlM0VTY2hlZGElMjBzZXF1ZW56aWFsZSUzQyUyRnRkJTNFJTBBJTNDdGQlMjBjbGFzcyUzRCUyMnRjJTIyJTNFJTNDaSUyMGNsYXNzJTNEJTIyaWNvbi1jaGVjayUyMiUzRSUzQyUyRmklM0UlM0MlMkZ0ZCUzRSUwQSUzQ3RkJTIwY2xhc3MlM0QlMjJ0YyUyMiUzRSUzQ2klMjBjbGFzcyUzRCUyMmljb24tY2hlY2slMjIlM0UlM0MlMkZpJTNFJTNDJTJGdGQlM0UlMEElM0N0ZCUyMGNsYXNzJTNEJTIydGMlMjIlM0UlM0NpJTIwY2xhc3MlM0QlMjJpY29uLWNoZWNrJTIyJTNFJTNDJTJGaSUzRSUzQyUyRnRkJTNFJTBBJTNDdGQlMjBjbGFzcyUzRCUyMnRjJTIyJTNFJTNDaSUyMGNsYXNzJTNEJTIyaWNvbi1jaGVjayUyMiUzRSUzQyUyRmklM0UlM0MlMkZ0ZCUzRSUwQSUzQyUyRnRyJTNFJTBBJTNDdHIlM0UlMEElM0N0ZCUzRURpc3BvbmliaWxlJTIwaW4lMjBwaSVDMyVCOSUyMGRpJTIwdW4lMjBjb2xvcmUlMjBkaSUyMHN0YW1wYSUzQyUyRnRkJTNFJTBBJTNDdGQlM0UlM0MlMkZ0ZCUzRSUwQSUzQ3RkJTIwY2xhc3MlM0QlMjJ0YyUyMiUzRSUzQ2klMjBjbGFzcyUzRCUyMmljb24tY2hlY2slMjIlM0UlM0MlMkZpJTNFJTNDJTJGdGQlM0UlMEElM0N0ZCUyMGNsYXNzJTNEJTIydGMlMjIlM0UlM0NpJTIwY2xhc3MlM0QlMjJpY29uLWNoZWNrJTIyJTNFJTNDJTJGaSUzRSUzQyUyRnRkJTNFJTBBJTNDdGQlMjBjbGFzcyUzRCUyMnRjJTIyJTNFJTNDaSUyMGNsYXNzJTNEJTIyaWNvbi1jaGVjayUyMiUzRSUzQyUyRmklM0UlM0MlMkZ0ZCUzRSUwQSUzQyUyRnRyJTNFJTBBJTNDdHIlM0UlMEElM0N0ZCUzRUZvcm1hdG8lMjBkaSUyMHNjYW5zaW9uZSUyME9DUiUzQyUyRnRkJTNFJTBBJTNDdGQlM0UlM0MlMkZ0ZCUzRSUwQSUzQ3RkJTIwY2xhc3MlM0QlMjJ0YyUyMiUzRSUzQ2klMjBjbGFzcyUzRCUyMmljb24tY2hlY2slMjIlM0UlM0MlMkZpJTNFJTNDJTJGdGQlM0UlMEElM0N0ZCUyMGNsYXNzJTNEJTIydGMlMjIlM0UlM0NpJTIwY2xhc3MlM0QlMjJpY29uLWNoZWNrJTIyJTNFJTNDJTJGaSUzRSUzQyUyRnRkJTNFJTBBJTNDdGQlMjBjbGFzcyUzRCUyMnRjJTIyJTNFJTNDaSUyMGNsYXNzJTNEJTIyaWNvbi1jaGVjayUyMiUzRSUzQyUyRmklM0UlM0MlMkZ0ZCUzRSUwQSUzQyUyRnRyJTNFJTBBJTNDdHIlM0UlMEElM0N0ZCUzRUNvZGljaSUyMGElMjBiYXJyZSUyMGFkYXR0YXRpJTIwYWwlMjBzaXN0ZW1hJTIwYSUyMGJhcnJlJTNDJTJGdGQlM0UlMEElM0N0ZCUzRSUzQyUyRnRkJTNFJTBBJTNDdGQlMjBjbGFzcyUzRCUyMnRjJTIyJTNFJTNDaSUyMGNsYXNzJTNEJTIyaWNvbi1jaGVjayUyMiUzRSUzQyUyRmklM0UlM0MlMkZ0ZCUzRSUwQSUzQ3RkJTIwY2xhc3MlM0QlMjJ0YyUyMiUzRSUzQ2klMjBjbGFzcyUzRCUyMmljb24tY2hlY2slMjIlM0UlM0MlMkZpJTNFJTNDJTJGdGQlM0UlMEElM0N0ZCUyMGNsYXNzJTNEJTIydGMlMjIlM0UlM0NpJTIwY2xhc3MlM0QlMjJpY29uLWNoZWNrJTIyJTNFJTNDJTJGaSUzRSUzQyUyRnRkJTNFJTBBJTNDJTJGdHIlM0UlMEElM0N0ciUzRSUwQSUzQ3RkJTNFQ29wZXJ0dXJhJTIwYXZ2b2xnZW50ZSUyMHBlciUyMGxhJTIwcHJvdGV6aW9uZSUyMGRlbGwlMjdhcmVhJTIwY2FtcGlvbmUlM0MlMkZ0ZCUzRSUwQSUzQ3RkJTNFJTNDJTJGdGQlM0UlMEElM0N0ZCUzRSUzQyUyRnRkJTNFJTBBJTNDdGQlMjBjbGFzcyUzRCUyMnRjJTIyJTNFJTNDaSUyMGNsYXNzJTNEJTIyaWNvbi1jaGVjayUyMiUzRSUzQyUyRmklM0UlM0MlMkZ0ZCUzRSUwQSUzQ3RkJTIwY2xhc3MlM0QlMjJ0YyUyMiUzRSUzQ2klMjBjbGFzcyUzRCUyMmljb24tY2hlY2slMjIlM0UlM0MlMkZpJTNFJTNDJTJGdGQlM0UlMEElM0MlMkZ0ciUzRSUwQSUzQ3RyJTNFJTBBJTNDdGQlM0VVbHRlcmlvcmklMjBsaXZlbGxpJTIwZGklMjBjYXJib25pbyUyMHBlciUyMGR1cGxpY2FyZSUyMGxlJTIwaW5mb3JtYXppb25pJTNDJTJGdGQlM0UlMEElM0N0ZCUzRSUzQyUyRnRkJTNFJTBBJTNDdGQlM0UlM0MlMkZ0ZCUzRSUwQSUzQ3RkJTIwY2xhc3MlM0QlMjJ0YyUyMiUzRSUzQ2klMjBjbGFzcyUzRCUyMmljb24tY2hlY2slMjIlM0UlM0MlMkZpJTNFJTNDJTJGdGQlM0UlMEElM0N0ZCUyMGNsYXNzJTNEJTIydGMlMjIlM0UlM0NpJTIwY2xhc3MlM0QlMjJpY29uLWNoZWNrJTIyJTNFJTNDJTJGaSUzRSUzQyUyRnRkJTNFJTBBJTNDJTJGdHIlM0UlMEElM0N0ciUzRSUwQSUzQ3RkJTNFQ2Fzc2V0dGElMjB0ZWxhaW8lMjBwZXIlMjBsJTI3YXV0b21hemlvbmUlM0MlMkZ0ZCUzRSUwQSUzQ3RkJTNFJTNDJTJGdGQlM0UlMEElM0N0ZCUzRSUzQyUyRnRkJTNFJTBBJTNDdGQlM0UlM0MlMkZ0ZCUzRSUwQSUzQ3RkJTIwY2xhc3MlM0QlMjJ0YyUyMiUzRSUzQ2klMjBjbGFzcyUzRCUyMmljb24tY2hlY2slMjIlM0UlM0MlMkZpJTNFJTNDJTJGdGQlM0UlMEElM0MlMkZ0ciUzRSUwQSUzQyUyRnRib2R5JTNFJTBBJTNDJTJGdGFibGUlM0U=[\/vc_raw_html][\/vc_column][\/vc_row]<\/p>\n","protected":false},"excerpt":{"rendered":"<p>[vc_row padding_top=&#8221;50&#8243; padding_bottom=&#8221;20&#8243;][vc_column width=&#8221;1\/6&#8243;][\/vc_column][vc_column width=&#8221;1\/3&#8243;][vc_row_inner][vc_column_inner width=&#8221;1\/4&#8243;][\/vc_column_inner][vc_column_inner width=&#8221;3\/4&#8243;][vc_column_text] Codici a barre Le carte secche del sangue possono essere fornite con barcoding sulla porzione demografica in qualsiasi formato in grado di stampare caratteri alfanumerici (lettere, cifre e alcuni simboli speciali). L&#8217;integrit\u00e0 dei dati \u00e8 migliorata dall&#8217;utilizzo di caratteri digitali di controllo del modulo. I codici a barre possono essere stampati su una [&hellip;]<\/p>\n","protected":false},"author":2,"featured_media":0,"parent":0,"menu_order":0,"comment_status":"closed","ping_status":"closed","template":"page-templates\/full-width.php","meta":{"footnotes":""},"class_list":["post-346","page","type-page","status-publish","hentry"],"_links":{"self":[{"href":"https:\/\/ebf-inc.com\/it\/wp-json\/wp\/v2\/pages\/346","targetHints":{"allow":["GET"]}}],"collection":[{"href":"https:\/\/ebf-inc.com\/it\/wp-json\/wp\/v2\/pages"}],"about":[{"href":"https:\/\/ebf-inc.com\/it\/wp-json\/wp\/v2\/types\/page"}],"author":[{"embeddable":true,"href":"https:\/\/ebf-inc.com\/it\/wp-json\/wp\/v2\/users\/2"}],"replies":[{"embeddable":true,"href":"https:\/\/ebf-inc.com\/it\/wp-json\/wp\/v2\/comments?post=346"}],"version-history":[{"count":1,"href":"https:\/\/ebf-inc.com\/it\/wp-json\/wp\/v2\/pages\/346\/revisions"}],"predecessor-version":[{"id":348,"href":"https:\/\/ebf-inc.com\/it\/wp-json\/wp\/v2\/pages\/346\/revisions\/348"}],"wp:attachment":[{"href":"https:\/\/ebf-inc.com\/it\/wp-json\/wp\/v2\/media?parent=346"}],"curies":[{"name":"wp","href":"https:\/\/api.w.org\/{rel}","templated":true}]}}