{"id":339,"date":"2017-08-16T02:07:13","date_gmt":"2017-08-16T02:07:13","guid":{"rendered":"https:\/\/ebf-inc.com\/?page_id=339"},"modified":"2017-08-16T02:07:13","modified_gmt":"2017-08-16T02:07:13","slug":"requisiti-normativi","status":"publish","type":"page","link":"https:\/\/ebf-inc.com\/it\/requisiti-normativi\/","title":{"rendered":"Requisiti normativi"},"content":{"rendered":"<p>[vc_row][vc_column width=&#8221;2\/3&#8243;][vc_empty_space][vc_column_text]<\/p>\n<h2>903 Requisiti cartacei<\/h2>\n<p>Classificato come Dispositivo Medico di Classe II, sono prodotti 903 Dispositivi di Raccolta e la qualit\u00e0 viene rilasciata in conformit\u00e0 con il Regolamento del Sistema Qualit\u00e0 FDA 21 CFR Part 820.QSR. Pertanto, i nostri siti di produzione possono essere ispezionati dalla Food and Drug Administration. Nell&#8217;aprile 2007, GE Healthcare \u00e8 stata sottoposta a revisione dal Centro per i dispositivi e la salute radiologica. Durante questo processo siamo riusciti a dimostrare che i neonati neonatali sono stati fabbricati conformemente alle buone pratiche di fabbricazione (GMP).<\/p>\n<p>Appliciamo un marchio IVD a 903 carte di raccolta del sangue neonatale perch\u00e9 sono dispositivi &#8220;in vitro diagnostici&#8221; sia negli Stati Uniti che nell&#8217;UE. Ci\u00f2 dimostra che GE Healthcare ha applicato e dimostrato tutti i requisiti applicabili della FDA e della direttiva europea &#8220;IVD&#8221; per quanto riguarda i dispositivi di raccolta dei campioni.<\/p>\n<p>La FDA e la direttiva europea &#8220;IVD&#8221; richiedono che i dispositivi medici beneficino i pazienti e gli utenti in quanto sicuri ed efficaci. Queste agenzie di regolamentazione raggiungono questo obiettivo definendo &#8220;requisiti essenziali&#8221; per garantire che il dispositivo non comprometta la salute o la sicurezza del paziente o dell&#8217;utilizzatore in uso. GE Healthcare \u00e8 responsabile per garantire che il prodotto sia sicuro ed efficace in base a queste linee guida oltre a soddisfare requisiti normativi come la norma internazionale di qualit\u00e0 per i dispositivi medici ISO 13485: 2003 e la direttiva 98\/79 \/ CE.[\/vc_column_text][\/vc_column][vc_column width=&#8221;1\/3&#8243;][vc_single_image image=&#8221;139&#8243; img_size=&#8221;full&#8221; alignment=&#8221;center&#8221;][\/vc_column][\/vc_row]<\/p>\n","protected":false},"excerpt":{"rendered":"<p>[vc_row][vc_column width=&#8221;2\/3&#8243;][vc_empty_space][vc_column_text] 903 Requisiti cartacei Classificato come Dispositivo Medico di Classe II, sono prodotti 903 Dispositivi di Raccolta e la qualit\u00e0 viene rilasciata in conformit\u00e0 con il Regolamento del Sistema Qualit\u00e0 FDA 21 CFR Part 820.QSR. Pertanto, i nostri siti di produzione possono essere ispezionati dalla Food and Drug Administration. Nell&#8217;aprile 2007, GE Healthcare \u00e8 stata sottoposta a revisione dal [&hellip;]<\/p>\n","protected":false},"author":2,"featured_media":0,"parent":0,"menu_order":0,"comment_status":"closed","ping_status":"closed","template":"page-templates\/full-width.php","meta":{"footnotes":""},"class_list":["post-339","page","type-page","status-publish","hentry"],"_links":{"self":[{"href":"https:\/\/ebf-inc.com\/it\/wp-json\/wp\/v2\/pages\/339","targetHints":{"allow":["GET"]}}],"collection":[{"href":"https:\/\/ebf-inc.com\/it\/wp-json\/wp\/v2\/pages"}],"about":[{"href":"https:\/\/ebf-inc.com\/it\/wp-json\/wp\/v2\/types\/page"}],"author":[{"embeddable":true,"href":"https:\/\/ebf-inc.com\/it\/wp-json\/wp\/v2\/users\/2"}],"replies":[{"embeddable":true,"href":"https:\/\/ebf-inc.com\/it\/wp-json\/wp\/v2\/comments?post=339"}],"version-history":[{"count":1,"href":"https:\/\/ebf-inc.com\/it\/wp-json\/wp\/v2\/pages\/339\/revisions"}],"predecessor-version":[{"id":342,"href":"https:\/\/ebf-inc.com\/it\/wp-json\/wp\/v2\/pages\/339\/revisions\/342"}],"wp:attachment":[{"href":"https:\/\/ebf-inc.com\/it\/wp-json\/wp\/v2\/media?parent=339"}],"curies":[{"name":"wp","href":"https:\/\/api.w.org\/{rel}","templated":true}]}}