{"id":337,"date":"2017-08-16T02:08:15","date_gmt":"2017-08-16T02:08:15","guid":{"rendered":"https:\/\/ebf-inc.com\/?page_id=337"},"modified":"2017-08-16T02:08:15","modified_gmt":"2017-08-16T02:08:15","slug":"produzione","status":"publish","type":"page","link":"https:\/\/ebf-inc.com\/it\/produzione\/","title":{"rendered":"Produzione"},"content":{"rendered":"<p>[vc_row][vc_column width=&#8221;1\/3&#8243;][vc_single_image image=&#8221;138&#8243; img_size=&#8221;full&#8221; alignment=&#8221;center&#8221;][\/vc_column][vc_column width=&#8221;2\/3&#8243;][vc_empty_space][vc_column_text]<\/p>\n<h2>Controllo di qualit\u00e0<\/h2>\n<p>La stampa di carta per lo screening neonatale \u00e8 una fase di produzione molto critica strettamente definita nello standard CLSI. Le tecnologie di stampa inadeguate potrebbero avere un impatto negativo sulle caratteristiche della carta e provocare risultati falsi. 903 La carta per la raccolta di campioni viene stampata e fornita come pacchetto controllato che include dettagliate informazioni demografiche sul neonato.<\/p>\n<p>Il nostro team di controllo di qualit\u00e0 svolge regolarmente una serie di carte da ogni lavoro stampato per valutare il tempo di assorbimento del sangue e la dimensione del cerchio. Solo se tutti i risultati del test sono entro i parametri concordati, la produzione della scheda pu\u00f2 essere rilasciata e spedita al cliente.[\/vc_column_text][\/vc_column][\/vc_row][vc_row][vc_column width=&#8221;2\/3&#8243;][vc_empty_space][vc_column_text]<\/p>\n<h2>Trasporto e stoccaggio<\/h2>\n<p>903 Dispositivi di raccolta dei campioni Le carte di raccolta del sangue neonatale forniscono un metodo sicuro ed efficace per una facile raccolta, identificazione e trasporto dei campioni.<\/p>\n<p>I dati appena nati sono documentati sulla parte demografica del modulo, che viene allegato all&#8217;area di campionamento Whatman 903. Questo disegno di prodotto riduce la probabilit\u00e0 di identificazione errata del campione.<\/p>\n<p>Il trasporto di campioni appena nati raccolti e asciugati su 903 carte pu\u00f2 essere inviato in modo sicuro in imballaggi non specializzati per la spedizione a un laboratorio centrale per la lavorazione. Ci\u00f2 elimina in modo significativo i costi elevati di consegna durante la notte su ghiaccio secco. Il trasporto aereo non \u00e8 anche una preoccupazione perch\u00e9 i campioni di sangue essiccati legati alla carta sono classificati nella categoria di rischio pi\u00f9 bassa dall&#8217;Associazione internazionale di trasporto aereo (IATA).<\/p>\n<p>I campioni di sangue essiccati su 903 Le schede per la raccolta dei campioni per l&#8217;analisi proteica devono essere conservate a -20 \u00b0 C in una sacca sigillata con una sacca desiccante per eliminare la possibilit\u00e0 di degradazione per lunghi periodi di tempo (CLSI LA4-A5).[\/vc_column_text][\/vc_column][vc_column width=&#8221;1\/3&#8243;][vc_single_image image=&#8221;139&#8243; img_size=&#8221;full&#8221; alignment=&#8221;center&#8221;][\/vc_column][\/vc_row]<\/p>\n","protected":false},"excerpt":{"rendered":"<p>[vc_row][vc_column width=&#8221;1\/3&#8243;][vc_single_image image=&#8221;138&#8243; img_size=&#8221;full&#8221; alignment=&#8221;center&#8221;][\/vc_column][vc_column width=&#8221;2\/3&#8243;][vc_empty_space][vc_column_text] Controllo di qualit\u00e0 La stampa di carta per lo screening neonatale \u00e8 una fase di produzione molto critica strettamente definita nello standard CLSI. Le tecnologie di stampa inadeguate potrebbero avere un impatto negativo sulle caratteristiche della carta e provocare risultati falsi. 903 La carta per la raccolta di campioni viene stampata e fornita come [&hellip;]<\/p>\n","protected":false},"author":2,"featured_media":0,"parent":0,"menu_order":0,"comment_status":"closed","ping_status":"closed","template":"page-templates\/full-width.php","meta":{"footnotes":""},"class_list":["post-337","page","type-page","status-publish","hentry"],"_links":{"self":[{"href":"https:\/\/ebf-inc.com\/it\/wp-json\/wp\/v2\/pages\/337","targetHints":{"allow":["GET"]}}],"collection":[{"href":"https:\/\/ebf-inc.com\/it\/wp-json\/wp\/v2\/pages"}],"about":[{"href":"https:\/\/ebf-inc.com\/it\/wp-json\/wp\/v2\/types\/page"}],"author":[{"embeddable":true,"href":"https:\/\/ebf-inc.com\/it\/wp-json\/wp\/v2\/users\/2"}],"replies":[{"embeddable":true,"href":"https:\/\/ebf-inc.com\/it\/wp-json\/wp\/v2\/comments?post=337"}],"version-history":[{"count":1,"href":"https:\/\/ebf-inc.com\/it\/wp-json\/wp\/v2\/pages\/337\/revisions"}],"predecessor-version":[{"id":344,"href":"https:\/\/ebf-inc.com\/it\/wp-json\/wp\/v2\/pages\/337\/revisions\/344"}],"wp:attachment":[{"href":"https:\/\/ebf-inc.com\/it\/wp-json\/wp\/v2\/media?parent=337"}],"curies":[{"name":"wp","href":"https:\/\/api.w.org\/{rel}","templated":true}]}}