{"id":327,"date":"2017-08-16T02:03:41","date_gmt":"2017-08-16T02:03:41","guid":{"rendered":"https:\/\/ebf-inc.com\/?page_id=327"},"modified":"2017-08-16T02:03:41","modified_gmt":"2017-08-16T02:03:41","slug":"riguardo-a-noi","status":"publish","type":"page","link":"https:\/\/ebf-inc.com\/it\/riguardo-a-noi\/","title":{"rendered":"Riguardo a noi"},"content":{"rendered":"<p>[vc_row][vc_column][vc_column_text]<\/p>\n<h2>Eastern Business Forms<\/h2>\n<p><img loading=\"lazy\" decoding=\"async\" class=\"alignleft size-medium wp-image-226\" src=\"https:\/\/ebf-inc.com\/wp-content\/uploads\/2017\/07\/businessman-252x300.png\" alt=\"\" width=\"168\" height=\"200\" srcset=\"https:\/\/ebf-inc.com\/wp-content\/uploads\/2017\/07\/businessman-252x300.png 252w, https:\/\/ebf-inc.com\/wp-content\/uploads\/2017\/07\/businessman.png 558w\" sizes=\"auto, (max-width: 168px) 100vw, 168px\" \/><\/p>\n<p>L&#8217;EBF sta producendo dispositivi di screening per neonati da oltre 40 anni. EBF \u00e8 l&#8217;unico fornitore di 903 filtri a livello mondiale per uso diagnostico e ha un&#8217;ampia esperienza nella progettazione e nella produzione di 903 dispositivi diagnostici e procedure pacchetti. EBF \u00e8 stato il produttore esclusivo di dispositivi di raccolta a secco di sangue per Schleicher &amp; Shuell, Whatman e GE Healthcare.<\/p>\n<p>Il nostro obiettivo \u00e8 quello di superare le esigenze dei clienti sfruttando la nostra vasta esperienza produttiva e fornendo un servizio clienti superiore. Forniamo un elevato livello di personalizzazione del prodotto e lavoreremo con voi per fornire un prodotto di alta qualit\u00e0 con il pi\u00f9 basso tempo possibile per soddisfare le vostre esigenze.<\/p>\n<p>L&#8217;ufficio aziendale e lo stabilimento di produzione di EBF si trovano a Greenville, SC, Stati Uniti.<\/p>\n<p style=\"padding-top: 35px;\"><strong>903 Dispositivo di raccolta dei campioni<\/strong><\/p>\n<p>Nel 1962, il dottor Robert Guthrie ha pubblicato per la prima volta procedure per la selezione dei neonati per la fenilchetonuria (PKU). Il dispositivo di raccolta dei campioni 903 ha svolto un ruolo importante in questo screening, aiutando nel test di diffusione della PKU. Ci\u00f2 ha portato alla rilevazione precoce e all&#8217;intervento per decine di migliaia di bambini negli Stati Uniti. Oggi, la nostra carta di raccolta di campioni 903 \u00e8 possibile con lo screening neonatale per ovunque da tre a venti o pi\u00f9 analiti, tra cui ipotiroidismo congenito, galattosemia, ketonuria a catena ramificata, disturbi d&#8217;urina d&#8217;acero e anemia falciforme. Pi\u00f9 di recente, con l&#8217;avvento della tecnologia di spettrometria di massa tandem, molti programmi stanno aggiungendo disturbi meno frequenti al loro pannello di analiti, tra cui MCAD, fibrosi cistica e una gamma di disturbi aminoacidi. Nel 1998, la carta raccolta di campioni di 903 divenne lo standard internazionale per la raccolta, il trasporto, l&#8217;analisi e l&#8217;archiviazione dei campioni di liquidi corporei.<\/p>\n<p>Purezza, consistenza e ottimo assorbimento sono caratteristiche importanti per i fogli di raccolta del sangue neonatale. La carta deve essere libera da impurit\u00e0 che potrebbero interferire con la qualit\u00e0 o la composizione del campione. Deve inoltre essere convalidato in conformit\u00e0 ai requisiti del CLSI LA4-A5 consenso standard. 903 Dispositivi di raccolta dei campioni soddisfano queste specifiche e sono elencati come un dispositivo medico di classe II di FDA. In Europa vengono venduti come &#8220;CE&#8221; con &#8220;diagnostica in vitro&#8221; conformemente alla 98\/79 \/ EC.[\/vc_column_text][\/vc_column][\/vc_row]<\/p>\n","protected":false},"excerpt":{"rendered":"<p>[vc_row][vc_column][vc_column_text] Eastern Business Forms L&#8217;EBF sta producendo dispositivi di screening per neonati da oltre 40 anni. EBF \u00e8 l&#8217;unico fornitore di 903 filtri a livello mondiale per uso diagnostico e ha un&#8217;ampia esperienza nella progettazione e nella produzione di 903 dispositivi diagnostici e procedure pacchetti. EBF \u00e8 stato il produttore esclusivo di dispositivi di raccolta a secco di sangue per [&hellip;]<\/p>\n","protected":false},"author":2,"featured_media":0,"parent":0,"menu_order":0,"comment_status":"closed","ping_status":"closed","template":"","meta":{"footnotes":""},"class_list":["post-327","page","type-page","status-publish","hentry"],"_links":{"self":[{"href":"https:\/\/ebf-inc.com\/it\/wp-json\/wp\/v2\/pages\/327","targetHints":{"allow":["GET"]}}],"collection":[{"href":"https:\/\/ebf-inc.com\/it\/wp-json\/wp\/v2\/pages"}],"about":[{"href":"https:\/\/ebf-inc.com\/it\/wp-json\/wp\/v2\/types\/page"}],"author":[{"embeddable":true,"href":"https:\/\/ebf-inc.com\/it\/wp-json\/wp\/v2\/users\/2"}],"replies":[{"embeddable":true,"href":"https:\/\/ebf-inc.com\/it\/wp-json\/wp\/v2\/comments?post=327"}],"version-history":[{"count":1,"href":"https:\/\/ebf-inc.com\/it\/wp-json\/wp\/v2\/pages\/327\/revisions"}],"predecessor-version":[{"id":328,"href":"https:\/\/ebf-inc.com\/it\/wp-json\/wp\/v2\/pages\/327\/revisions\/328"}],"wp:attachment":[{"href":"https:\/\/ebf-inc.com\/it\/wp-json\/wp\/v2\/media?parent=327"}],"curies":[{"name":"wp","href":"https:\/\/api.w.org\/{rel}","templated":true}]}}