{"id":325,"date":"2017-08-16T02:01:22","date_gmt":"2017-08-16T02:01:22","guid":{"rendered":"https:\/\/ebf-inc.com\/?page_id=325"},"modified":"2017-08-19T00:37:58","modified_gmt":"2017-08-19T00:37:58","slug":"casa","status":"publish","type":"page","link":"https:\/\/ebf-inc.com\/it\/","title":{"rendered":"Casa"},"content":{"rendered":"<p>[vc_row text_align=&#8221;center&#8221; text_color=&#8221;#ffffff&#8221; type=&#8221;image&#8221; enable_parallax=&#8221;false&#8221; padding_top=&#8221;90&#8243; el_class=&#8221;section-one&#8221; bg_image=&#8221;66&#8243;][vc_column][vc_single_image image=&#8221;70&#8243; img_size=&#8221;full&#8221; alignment=&#8221;center&#8221; animation=&#8221;animate-when-almost-visible&#8221; css_animation=&#8221;bottom-to-top&#8221;][vc_column_text css=&#8221;.vc_custom_1502848576810{margin-top: -25px !important;margin-bottom: 20px !important;}&#8221;]<\/p>\n<h1>903 Dispositivi di raccolta del sangue<\/h1>\n<h4>Un leader nel settore per 40 anni<\/h4>\n<p>[\/vc_column_text]<a class=\"btn no-border-radius btn-primary\" href=\"https:\/\/ebf-inc.com\/shop\/?lang=it\">PRODOTTI<\/a><a class=\"btn no-border-radius btn-default\" href=\"https:\/\/ebf-inc.com\/contatto\/?lang=it\">CONTATTO<\/a>[vc_empty_space height=&#8221;50&#8243;][vc_row_inner css=&#8221;.vc_custom_1501580716826{padding-right: 15% !important;padding-left: 15% !important;}&#8221;][vc_column_inner width=&#8221;1\/3&#8243;][vc_column_text lead=&#8221;yes&#8221;]<i class=\"icon-check\"><\/i>  Sangue secco[\/vc_column_text][\/vc_column_inner][vc_column_inner width=&#8221;1\/3&#8243;][vc_column_text lead=&#8221;yes&#8221;]<i class=\"icon-check\"><\/i>  Raccolta di urina secca[\/vc_column_text][\/vc_column_inner][vc_column_inner width=&#8221;1\/3&#8243;][vc_column_text lead=&#8221;yes&#8221;]<i class=\"icon-check\"><\/i>  Kit di raccolta personalizzata[\/vc_column_text][\/vc_column_inner][\/vc_row_inner][\/vc_column][\/vc_row][vc_row type=&#8221;color&#8221; bg_color=&#8221;#f7f7f7&#8243; padding_top=&#8221;50&#8243; padding_bottom=&#8221;50&#8243;][vc_column]<div class=\"row multi-columns-row colored-icons two-column-items divided-items\"><div class=\"one-by-one-animated animate-when-almost-visible\"><div class=\"feature-items col-xs-12 col-sm-6 col-md-6\"><div class=\"kleo-block feature-item list-el-animated default-icons-size\"><span class=\"feature-icon el-appear icon-check\"><\/span><h3 class=\"feature-title\">Informazione generale<\/h3><div class=\"feature-text\">Le schede di raccolta di sangue secco (DBS) sono un metodo stabile e conveniente per ottenere campioni di sangue da un pugno dito facilmente trasportabile per ulteriori analisi. EBF \u00e8 l&#8217;esclusiva produzione di carte raccolta di esemplari da 903 DBS in tutto il mondo. Produciamo anche schede di raccolta per i kit di raccolta di urine e campioni. 903 schede DBS sono registrate presso la FDA e in conformit\u00e0 alla direttiva IVD UE.<\/div><\/div><\/div><div class=\"feature-items col-xs-12 col-sm-6 col-md-6\"><div class=\"kleo-block feature-item list-el-animated default-icons-size\"><span class=\"feature-icon el-appear icon-check\"><\/span><h3 class=\"feature-title\">Controllo qualit\u00e0 EBF 903<\/h3><div class=\"feature-text\">EBF controlla attentamente il processo di fabbricazione per garantire una composizione omogenea, spessore uniforme, portata, assorbimento e purezza. Dal momento che \u00e8 un dispositivo medico negli Stati Uniti, la carta EBF 903 deve essere fabbricata sotto controlli conformi alle normative FDA Quality System. Inoltre, per ciascun lotto di carta 903 viene eseguita un&#8217;analisi di assorbimento del siero da parte del Centro per il controllo della malattia di Newborn Screening Quality Assurance Program.<\/div><\/div><\/div><div class=\"feature-items col-xs-12 col-sm-6 col-md-6\"><div class=\"kleo-block feature-item list-el-animated default-icons-size\"><span class=\"feature-icon el-appear icon-check\"><\/span><h3 class=\"feature-title\">Applicazioni<\/h3><div class=\"feature-text\">Le carte di raccolta del campione EBF 903 sono dispositivi medici di classe II approvati dalla FDA destinati alle applicazioni diagnostiche. DBS viene usualmente utilizzato in neonati screening metabolico, virologia, immunologia, tossicologia, biomarker analisi, salute e benessere e altre applicazioni diagnostiche.<\/div><\/div><\/div><div class=\"feature-items col-xs-12 col-sm-6 col-md-6\"><div class=\"kleo-block feature-item list-el-animated default-icons-size\"><span class=\"feature-icon el-appear icon-check\"><\/span><h3 class=\"feature-title\">Soluzioni personalizzate<\/h3><div class=\"feature-text\">EBF \u00e8 specializzata in soluzioni personalizzate per la raccolta di campioni DBS. Produciamo un certo numero di formati di carte di raccolta, incluse le schede di tipo cassetta adatte per l&#8217;analisi DBS automatizzata. Possiamo anche includere numeri sequenziali e codici a barre per soddisfare le vostre specifiche. Inoltre, forniamo soluzioni personalizzate personalizzate, incluse tutte le componenti necessarie per la raccolta, l&#8217;immagazzinamento e il trasporto di macchie di sangue secco.<\/div><\/div><\/div><\/div><\/div>[\/vc_column][\/vc_row][vc_row][vc_column][vc_column_text]<\/p>\n<h2>Prodotti<\/h2>\n<p>[\/vc_column_text]<div class=\"woocommerce columns-5 \"><ul class=\"products\"><li class=\"post-11 product type-product status-publish has-post-thumbnail product_cat-uncategorized-it first instock shipping-taxable purchasable product-type-simple\">\n\t<div class=\"product-loop-inner\">\n\t\t<figure class=\"product-transition-single\">\n\t\t\t\n\t\t\t<a href=\"https:\/\/ebf-inc.com\/it\/prodotto\/903-cinque-carte-di-sangue-spot-eu\/\">\n\n\t\t\t\t<div class=\"kleo-woo-image kleo-woo-front-image\"><img loading=\"lazy\" decoding=\"async\" width=\"300\" height=\"300\" src=\"https:\/\/ebf-inc.com\/wp-content\/uploads\/2017\/07\/5-spot-eu.jpg\" class=\"attachment-woocommerce_thumbnail size-woocommerce_thumbnail\" alt=\"903 Five Spot Blood Card (EU)\" srcset=\"https:\/\/ebf-inc.com\/wp-content\/uploads\/2017\/07\/5-spot-eu.jpg 500w, https:\/\/ebf-inc.com\/wp-content\/uploads\/2017\/07\/5-spot-eu-150x150.jpg 150w, https:\/\/ebf-inc.com\/wp-content\/uploads\/2017\/07\/5-spot-eu-300x300.jpg 300w, https:\/\/ebf-inc.com\/wp-content\/uploads\/2017\/07\/5-spot-eu-180x180.jpg 180w\" sizes=\"auto, (max-width: 300px) 100vw, 300px\" \/><\/div>\n\t\t\t<\/a>\n\n\t\t\t\t\t\t<figcaption>\n\t\t\t\t<div class=\"shop-actions clearfix\">\n\t\t\t\t\n\t\t\t\t\t<a href=\"\/it\/wp-json\/wp\/v2\/pages\/325?add-to-cart=11\" aria-describedby=\"woocommerce_loop_add_to_cart_link_describedby_11\" data-quantity=\"1\" class=\"button product_type_simple add_to_cart_button ajax_add_to_cart\" data-product_id=\"11\" data-product_sku=\"\" aria-label=\"Aggiungi al carrello: &quot;903 Five Spot Blood Card (EU)&quot;\" rel=\"nofollow\" data-success_message=\"&quot;903 Five Spot Blood Card (EU)&quot; \u00e8 stato aggiunto al tuo carrello\" data-product_price=\"125\" data-product_name=\"903 Five Spot Blood Card (EU)\" data-google_product_id=\"\">Aggiungi al carrello<\/a>\t<span id=\"woocommerce_loop_add_to_cart_link_describedby_11\" class=\"screen-reader-text\">\n\t\t\t<\/span>\n<div class=\"quick-view hover-tip\" data-prod=\"11\">Quick View<\/div>\t\t\t\t\t\n\t\t\t\t<\/div>\n\t\t\t<\/figcaption>\n\t\t\t\t\t<\/figure>\n\n\t\t<div class=\"product-details\">\n\t\t\t<span class=\"posted_in\"> <a href=\"https:\/\/ebf-inc.com\/it\/product-category\/uncategorized-it\/\" rel=\"tag\">Uncategorized<\/a><\/span><h3><a href=\"https:\/\/ebf-inc.com\/it\/prodotto\/903-cinque-carte-di-sangue-spot-eu\/\">903 Five Spot Blood Card (EU)<\/a><\/h3>\t\t<\/div>\n\n\t\t\n\t<span class=\"price\"><span class=\"woocommerce-Price-amount amount\"><bdi><span class=\"woocommerce-Price-currencySymbol\">&#36;<\/span>125.00<\/bdi><\/span><\/span>\n\t<\/div>\n<\/li><li class=\"post-14 product type-product status-publish has-post-thumbnail product_cat-uncategorized-it  instock shipping-taxable purchasable product-type-simple\">\n\t<div class=\"product-loop-inner\">\n\t\t<figure class=\"product-transition-single\">\n\t\t\t\n\t\t\t<a href=\"https:\/\/ebf-inc.com\/it\/prodotto\/903-cinque-carte-di-sangue-spot-us\/\">\n\n\t\t\t\t<div class=\"kleo-woo-image kleo-woo-front-image\"><img loading=\"lazy\" decoding=\"async\" width=\"300\" height=\"300\" src=\"https:\/\/ebf-inc.com\/wp-content\/uploads\/2017\/07\/5-spot-us.jpg\" class=\"attachment-woocommerce_thumbnail size-woocommerce_thumbnail\" alt=\"903 Five Spot Blood Card (US)\" srcset=\"https:\/\/ebf-inc.com\/wp-content\/uploads\/2017\/07\/5-spot-us.jpg 500w, https:\/\/ebf-inc.com\/wp-content\/uploads\/2017\/07\/5-spot-us-150x150.jpg 150w, https:\/\/ebf-inc.com\/wp-content\/uploads\/2017\/07\/5-spot-us-300x300.jpg 300w, https:\/\/ebf-inc.com\/wp-content\/uploads\/2017\/07\/5-spot-us-180x180.jpg 180w\" sizes=\"auto, (max-width: 300px) 100vw, 300px\" \/><\/div>\n\t\t\t<\/a>\n\n\t\t\t\t\t\t<figcaption>\n\t\t\t\t<div class=\"shop-actions clearfix\">\n\t\t\t\t\n\t\t\t\t\t<a href=\"\/it\/wp-json\/wp\/v2\/pages\/325?add-to-cart=14\" aria-describedby=\"woocommerce_loop_add_to_cart_link_describedby_14\" data-quantity=\"1\" class=\"button product_type_simple add_to_cart_button ajax_add_to_cart\" data-product_id=\"14\" data-product_sku=\"\" aria-label=\"Aggiungi al carrello: &quot;903 Five Spot Blood Card (US)&quot;\" rel=\"nofollow\" data-success_message=\"&quot;903 Five Spot Blood Card (US)&quot; \u00e8 stato aggiunto al tuo carrello\" data-product_price=\"125.00\" data-product_name=\"903 Five Spot Blood Card (US)\" data-google_product_id=\"\">Aggiungi al carrello<\/a>\t<span id=\"woocommerce_loop_add_to_cart_link_describedby_14\" class=\"screen-reader-text\">\n\t\t\t<\/span>\n<div class=\"quick-view hover-tip\" data-prod=\"14\">Quick View<\/div>\t\t\t\t\t\n\t\t\t\t<\/div>\n\t\t\t<\/figcaption>\n\t\t\t\t\t<\/figure>\n\n\t\t<div class=\"product-details\">\n\t\t\t<span class=\"posted_in\"> <a href=\"https:\/\/ebf-inc.com\/it\/product-category\/uncategorized-it\/\" rel=\"tag\">Uncategorized<\/a><\/span><h3><a href=\"https:\/\/ebf-inc.com\/it\/prodotto\/903-cinque-carte-di-sangue-spot-us\/\">903 Five Spot Blood Card (US)<\/a><\/h3>\t\t<\/div>\n\n\t\t\n\t<span class=\"price\"><span class=\"woocommerce-Price-amount amount\"><bdi><span class=\"woocommerce-Price-currencySymbol\">&#36;<\/span>125.00<\/bdi><\/span><\/span>\n\t<\/div>\n<\/li><li class=\"post-88 product type-product status-publish has-post-thumbnail product_cat-uncategorized-it  instock shipping-taxable purchasable product-type-simple\">\n\t<div class=\"product-loop-inner\">\n\t\t<figure class=\"product-transition-single\">\n\t\t\t\n\t\t\t<a href=\"https:\/\/ebf-inc.com\/it\/prodotto\/borsa-in-alluminio-ebf-3-7-8-x-5-5-8\/\">\n\n\t\t\t\t<div class=\"kleo-woo-image kleo-woo-front-image\"><img loading=\"lazy\" decoding=\"async\" width=\"300\" height=\"300\" src=\"https:\/\/ebf-inc.com\/wp-content\/uploads\/2017\/07\/foil-bag.jpg\" class=\"attachment-woocommerce_thumbnail size-woocommerce_thumbnail\" alt=\"EBF Foil Bag (3-7\/8\u2033 x 5-5\/8\u2033)\" srcset=\"https:\/\/ebf-inc.com\/wp-content\/uploads\/2017\/07\/foil-bag.jpg 500w, https:\/\/ebf-inc.com\/wp-content\/uploads\/2017\/07\/foil-bag-150x150.jpg 150w, https:\/\/ebf-inc.com\/wp-content\/uploads\/2017\/07\/foil-bag-300x300.jpg 300w, https:\/\/ebf-inc.com\/wp-content\/uploads\/2017\/07\/foil-bag-180x180.jpg 180w\" sizes=\"auto, (max-width: 300px) 100vw, 300px\" \/><\/div>\n\t\t\t<\/a>\n\n\t\t\t\t\t\t<figcaption>\n\t\t\t\t<div class=\"shop-actions clearfix\">\n\t\t\t\t\n\t\t\t\t\t<a href=\"\/it\/wp-json\/wp\/v2\/pages\/325?add-to-cart=88\" aria-describedby=\"woocommerce_loop_add_to_cart_link_describedby_88\" data-quantity=\"1\" class=\"button product_type_simple add_to_cart_button ajax_add_to_cart\" data-product_id=\"88\" data-product_sku=\"\" aria-label=\"Aggiungi al carrello: &quot;EBF Foil Bag (3-7\/8\u2033 x 5-5\/8\u2033)&quot;\" rel=\"nofollow\" data-success_message=\"&quot;EBF Foil Bag (3-7\/8\u2033 x 5-5\/8\u2033)&quot; \u00e8 stato aggiunto al tuo carrello\" data-product_price=\"65\" data-product_name=\"EBF Foil Bag (3-7\/8\u2033 x 5-5\/8\u2033)\" data-google_product_id=\"\">Aggiungi al carrello<\/a>\t<span id=\"woocommerce_loop_add_to_cart_link_describedby_88\" class=\"screen-reader-text\">\n\t\t\t<\/span>\n<div class=\"quick-view hover-tip\" data-prod=\"88\">Quick View<\/div>\t\t\t\t\t\n\t\t\t\t<\/div>\n\t\t\t<\/figcaption>\n\t\t\t\t\t<\/figure>\n\n\t\t<div class=\"product-details\">\n\t\t\t<span class=\"posted_in\"> <a href=\"https:\/\/ebf-inc.com\/it\/product-category\/uncategorized-it\/\" rel=\"tag\">Uncategorized<\/a><\/span><h3><a href=\"https:\/\/ebf-inc.com\/it\/prodotto\/borsa-in-alluminio-ebf-3-7-8-x-5-5-8\/\">EBF Foil Bag (3-7\/8\u2033 x 5-5\/8\u2033)<\/a><\/h3>\t\t<\/div>\n\n\t\t\n\t<span class=\"price\"><span class=\"woocommerce-Price-amount amount\"><bdi><span class=\"woocommerce-Price-currencySymbol\">&#36;<\/span>65.00<\/bdi><\/span><\/span>\n\t<\/div>\n<\/li><li class=\"post-90 product type-product status-publish has-post-thumbnail product_cat-uncategorized-it  instock shipping-taxable purchasable product-type-simple\">\n\t<div class=\"product-loop-inner\">\n\t\t<figure class=\"product-transition-single\">\n\t\t\t\n\t\t\t<a href=\"https:\/\/ebf-inc.com\/it\/prodotto\/generale-multipart-card\/\">\n\n\t\t\t\t<div class=\"kleo-woo-image kleo-woo-front-image\"><img loading=\"lazy\" decoding=\"async\" width=\"300\" height=\"300\" src=\"https:\/\/ebf-inc.com\/wp-content\/uploads\/2017\/07\/generic.jpg\" class=\"attachment-woocommerce_thumbnail size-woocommerce_thumbnail\" alt=\"Generic Multipart Card\" srcset=\"https:\/\/ebf-inc.com\/wp-content\/uploads\/2017\/07\/generic.jpg 500w, https:\/\/ebf-inc.com\/wp-content\/uploads\/2017\/07\/generic-150x150.jpg 150w, https:\/\/ebf-inc.com\/wp-content\/uploads\/2017\/07\/generic-300x300.jpg 300w, https:\/\/ebf-inc.com\/wp-content\/uploads\/2017\/07\/generic-180x180.jpg 180w\" sizes=\"auto, (max-width: 300px) 100vw, 300px\" \/><\/div>\n\t\t\t<\/a>\n\n\t\t\t\t\t\t<figcaption>\n\t\t\t\t<div class=\"shop-actions clearfix\">\n\t\t\t\t\n\t\t\t\t\t<a href=\"\/it\/wp-json\/wp\/v2\/pages\/325?add-to-cart=90\" aria-describedby=\"woocommerce_loop_add_to_cart_link_describedby_90\" data-quantity=\"1\" class=\"button product_type_simple add_to_cart_button ajax_add_to_cart\" data-product_id=\"90\" data-product_sku=\"\" aria-label=\"Aggiungi al carrello: &quot;Generic Multipart Card&quot;\" rel=\"nofollow\" data-success_message=\"&quot;Generic Multipart Card&quot; \u00e8 stato aggiunto al tuo carrello\" data-product_price=\"144\" data-product_name=\"Generic Multipart Card\" data-google_product_id=\"\">Aggiungi al carrello<\/a>\t<span id=\"woocommerce_loop_add_to_cart_link_describedby_90\" class=\"screen-reader-text\">\n\t\t\t<\/span>\n<div class=\"quick-view hover-tip\" data-prod=\"90\">Quick View<\/div>\t\t\t\t\t\n\t\t\t\t<\/div>\n\t\t\t<\/figcaption>\n\t\t\t\t\t<\/figure>\n\n\t\t<div class=\"product-details\">\n\t\t\t<span class=\"posted_in\"> <a href=\"https:\/\/ebf-inc.com\/it\/product-category\/uncategorized-it\/\" rel=\"tag\">Uncategorized<\/a><\/span><h3><a href=\"https:\/\/ebf-inc.com\/it\/prodotto\/generale-multipart-card\/\">Generic Multipart Card<\/a><\/h3>\t\t<\/div>\n\n\t\t\n\t<span class=\"price\"><span class=\"woocommerce-Price-amount amount\"><bdi><span class=\"woocommerce-Price-currencySymbol\">&#36;<\/span>144.00<\/bdi><\/span><\/span>\n\t<\/div>\n<\/li><li class=\"post-92 product type-product status-publish product_cat-uncategorized-it last instock shipping-taxable purchasable product-type-simple\">\n\t<div class=\"product-loop-inner\">\n\t\t<figure class=\"product-transition-single\">\n\t\t\t\n\t\t\t<a href=\"https:\/\/ebf-inc.com\/it\/prodotto\/scheda-inglese-neonatale-std-eu\/\">\n\n\t\t\t\t<div class=\"kleo-woo-image kleo-woo-front-image\"><img loading=\"lazy\" decoding=\"async\" width=\"300\" height=\"300\" src=\"https:\/\/ebf-inc.com\/wp-content\/uploads\/woocommerce-placeholder.png\" class=\"woocommerce-placeholder wp-post-image\" alt=\"Segnaposto\" srcset=\"https:\/\/ebf-inc.com\/wp-content\/uploads\/woocommerce-placeholder.png 1200w, https:\/\/ebf-inc.com\/wp-content\/uploads\/woocommerce-placeholder-300x300.png 300w, https:\/\/ebf-inc.com\/wp-content\/uploads\/woocommerce-placeholder-1024x1024.png 1024w, https:\/\/ebf-inc.com\/wp-content\/uploads\/woocommerce-placeholder-150x150.png 150w, https:\/\/ebf-inc.com\/wp-content\/uploads\/woocommerce-placeholder-768x768.png 768w, https:\/\/ebf-inc.com\/wp-content\/uploads\/woocommerce-placeholder-672x672.png 672w, https:\/\/ebf-inc.com\/wp-content\/uploads\/woocommerce-placeholder-1038x1038.png 1038w\" sizes=\"auto, (max-width: 300px) 100vw, 300px\" \/><\/div>\n\t\t\t<\/a>\n\n\t\t\t\t\t\t<figcaption>\n\t\t\t\t<div class=\"shop-actions clearfix\">\n\t\t\t\t\n\t\t\t\t\t<a href=\"\/it\/wp-json\/wp\/v2\/pages\/325?add-to-cart=92\" aria-describedby=\"woocommerce_loop_add_to_cart_link_describedby_92\" data-quantity=\"1\" class=\"button product_type_simple add_to_cart_button ajax_add_to_cart\" data-product_id=\"92\" data-product_sku=\"\" aria-label=\"Aggiungi al carrello: &quot;903 Ten Spot Card&quot;\" rel=\"nofollow\" data-success_message=\"&quot;903 Ten Spot Card&quot; \u00e8 stato aggiunto al tuo carrello\" data-product_price=\"165\" data-product_name=\"903 Ten Spot Card\" data-google_product_id=\"\">Aggiungi al carrello<\/a>\t<span id=\"woocommerce_loop_add_to_cart_link_describedby_92\" class=\"screen-reader-text\">\n\t\t\t<\/span>\n<div class=\"quick-view hover-tip\" data-prod=\"92\">Quick View<\/div>\t\t\t\t\t\n\t\t\t\t<\/div>\n\t\t\t<\/figcaption>\n\t\t\t\t\t<\/figure>\n\n\t\t<div class=\"product-details\">\n\t\t\t<span class=\"posted_in\"> <a href=\"https:\/\/ebf-inc.com\/it\/product-category\/uncategorized-it\/\" rel=\"tag\">Uncategorized<\/a><\/span><h3><a href=\"https:\/\/ebf-inc.com\/it\/prodotto\/scheda-inglese-neonatale-std-eu\/\">903 Ten Spot Card<\/a><\/h3>\t\t<\/div>\n\n\t\t\n\t<span class=\"price\"><span class=\"woocommerce-Price-amount amount\"><bdi><span class=\"woocommerce-Price-currencySymbol\">&#36;<\/span>165.00<\/bdi><\/span><\/span>\n\t<\/div>\n<\/li><\/ul>\n<\/div>[\/vc_column][\/vc_row][vc_row text_align=&#8221;center&#8221; text_color=&#8221;#ffffff&#8221; type=&#8221;color&#8221; bg_color=&#8221;#154b6b&#8221; padding_top=&#8221;50&#8243; padding_bottom=&#8221;50&#8243;][vc_column width=&#8221;1\/3&#8243;][vc_single_image image=&#8221;57&#8243; img_size=&#8221;full&#8221; alignment=&#8221;center&#8221;][vc_column_text]<\/p>\n<h3>Produzione di alta qualit\u00e0<\/h3>\n<p>Il controllo rigoroso della qualit\u00e0 e gli standard GMP assicurano alta qualit\u00e0, riproducibilit\u00e0 e purezza[\/vc_column_text][\/vc_column][vc_column width=&#8221;1\/3&#8243;][vc_single_image image=&#8221;62&#8243; img_size=&#8221;full&#8221; alignment=&#8221;center&#8221;][vc_column_text]<\/p>\n<h3>Funzionalit\u00e0 di personalizzazione<\/h3>\n<p>Compresi i codici a barre, i formati scannabili che utilizzano il riconoscimento ottico dei caratteri (OCR), le copie senza carbonio e altro ancora[\/vc_column_text][\/vc_column][vc_column width=&#8221;1\/3&#8243;][vc_single_image image=&#8221;61&#8243; img_size=&#8221;full&#8221; alignment=&#8221;center&#8221;][vc_column_text]<\/p>\n<h3>Crea il tuo modulo<\/h3>\n<p>O scegliere tra una vasta gamma di formati generici di carte di raccolta[\/vc_column_text][\/vc_column][\/vc_row][vc_row text_align=&#8221;center&#8221; padding_top=&#8221;50&#8243; padding_bottom=&#8221;55&#8243;][vc_column][vc_column_text lead=&#8221;yes&#8221;]<strong>EBF \u00e8 certificata ISO, registrata presso la<\/strong><br \/>\n<strong>FDA e conforme alla direttiva IVD dell&#8217;UE.<\/strong>[\/vc_column_text][vc_single_image image=&#8221;50&#8243; img_size=&#8221;full&#8221; alignment=&#8221;center&#8221;][\/vc_column][\/vc_row][vc_row type=&#8221;color&#8221; bg_color=&#8221;#fcfcfc&#8221; padding_top=&#8221;50&#8243; padding_bottom=&#8221;55&#8243;][vc_column]<div class=\"wpb_wrapper\"><div class=\"kleo-carousel-container kleo-testimonials\"><div class=\"kleo-carousel-items kleo-carousel-testimonials\" data-scroll-fx=\"crossfade\" data-autoplay=\"true\" data-min-items=\"1\" data-max-items=\"2\" data-speed=\"5000\" data-items-height=\"300\"><ul class=\"kleo-carousel\">\t\n\n\t\t\t\t<li class=\"\">\n\t\t\t\t\t<div class=\"testimonial-image\">\n\t\t\t\t\t\t\t\t\t\t\t<\/div>\n\t\t\t\t\t<div class=\"testimonial-content\">\n\t\t\t\t\t\t<p>Valutiamo il nostro rapporto con l&#8217;EBF. Sono cordiali, ben informati, e il loro tempo di risposta sulle citazioni e altre richieste varie \u00e8 impeccabile. Questo livello di risposta \u00e8 particolarmente importante per noi in un fornitore partner in quanto consente di mantenere il livello di servizio necessario per i nostri clienti.<\/p>\n\t\t\t\t\t<\/div>\n\t\t\t\t\t<div class=\"testimonial-meta\">\n\t\t\t\t\t\t<strong class=\"testimonial-name\">Cindy Dickman<\/strong>\n\t\t\t\t\t\t<span class=\"testimonial-subtitle\"><\/span>\n\t\t\t\t\t<\/div>\n\t\t\t\t<\/li>\n\t\t\n\t\t\t\t\n\n\t\t\t\t<li class=\"\">\n\t\t\t\t\t<div class=\"testimonial-image\">\n\t\t\t\t\t\t\t\t\t\t\t<\/div>\n\t\t\t\t\t<div class=\"testimonial-content\">\n\t\t\t\t\t\t<p>&#8220;La standardizzazione e la garanzia della qualit\u00e0 della carta di un pezzo sono le pi\u00f9 importanti perch\u00e9 garantisce una gestione sicura e accreditata&#8221;.<\/p>\n\t\t\t\t\t<\/div>\n\t\t\t\t\t<div class=\"testimonial-meta\">\n\t\t\t\t\t\t<strong class=\"testimonial-name\">Linda Malan<\/strong>\n\t\t\t\t\t\t<span class=\"testimonial-subtitle\"><\/span>\n\t\t\t\t\t<\/div>\n\t\t\t\t<\/li>\n\t\t\n\t\t\t\t\n\n\t\t\t\t<li class=\"\">\n\t\t\t\t\t<div class=\"testimonial-image\">\n\t\t\t\t\t\t\t\t\t\t\t<\/div>\n\t\t\t\t\t<div class=\"testimonial-content\">\n\t\t\t\t\t\t<p>&#8220;La carta a due parti \u00e8 di grande valore in quanto consente di memorizzare il campione di sangue e i dati demografici in luoghi diversi, garantendo cos\u00ec una protezione assoluta dei dati&#8221;.<\/p>\n\t\t\t\t\t<\/div>\n\t\t\t\t\t<div class=\"testimonial-meta\">\n\t\t\t\t\t\t<strong class=\"testimonial-name\">Dr. rer. nat. Cornelia Mueller<\/strong>\n\t\t\t\t\t\t<span class=\"testimonial-subtitle\"><\/span>\n\t\t\t\t\t<\/div>\n\t\t\t\t<\/li>\n\t\t\n\t\t\t\t\n\n\t\t\t\t<li class=\"\">\n\t\t\t\t\t<div class=\"testimonial-image\">\n\t\t\t\t\t\t\t\t\t\t\t<\/div>\n\t\t\t\t\t<div class=\"testimonial-content\">\n\t\t\t\t\t\t<p>&#8220;Non solo i laboratori di screening ma anche il personale sanitario che raccolgono i punti di sangue apprezzano la flessibilit\u00e0 di utilizzare la stessa carta per i loro requisiti di documentazione individuale&#8221;.<\/p>\n\t\t\t\t\t<\/div>\n\t\t\t\t\t<div class=\"testimonial-meta\">\n\t\t\t\t\t\t<strong class=\"testimonial-name\">Kate Hall<\/strong>\n\t\t\t\t\t\t<span class=\"testimonial-subtitle\"><\/span>\n\t\t\t\t\t<\/div>\n\t\t\t\t<\/li>\n\t\t\n\t\t\t\t\n\n\t\t\t\t<li class=\"\">\n\t\t\t\t\t<div class=\"testimonial-image\">\n\t\t\t\t\t\t\t\t\t\t\t<\/div>\n\t\t\t\t\t<div class=\"testimonial-content\">\n\t\t\t\t\t\t<p>&#8220;La chiara differenziazione sulle schede di cassetta tra il telaio in cui \u00e8 posta tutta la registrazione e la carta filtrante in cui viene raccolto il sangue ha migliorato chiaramente i flussi di lavoro di processo, la velocit\u00e0 e la qualit\u00e0&#8221;.<\/p>\n\t\t\t\t\t<\/div>\n\t\t\t\t\t<div class=\"testimonial-meta\">\n\t\t\t\t\t\t<strong class=\"testimonial-name\">Dr. Francois Eyskens<\/strong>\n\t\t\t\t\t\t<span class=\"testimonial-subtitle\"><\/span>\n\t\t\t\t\t<\/div>\n\t\t\t\t<\/li>\n\t\t\n\t\t\t<\/ul><!-- end kleo-carousel --><\/div><!-- end kleo-carousel-items --><div class=\"kleo-carousel-pager carousel-pager\"><\/div><\/div><!-- end kleo-testimonials carousel-container --><\/div>[\/vc_column][\/vc_row]<\/p>\n","protected":false},"excerpt":{"rendered":"<p>[vc_row text_align=&#8221;center&#8221; text_color=&#8221;#ffffff&#8221; type=&#8221;image&#8221; enable_parallax=&#8221;false&#8221; padding_top=&#8221;90&#8243; el_class=&#8221;section-one&#8221; bg_image=&#8221;66&#8243;][vc_column][vc_single_image image=&#8221;70&#8243; img_size=&#8221;full&#8221; alignment=&#8221;center&#8221; animation=&#8221;animate-when-almost-visible&#8221; css_animation=&#8221;bottom-to-top&#8221;][vc_column_text css=&#8221;.vc_custom_1502848576810{margin-top: -25px !important;margin-bottom: 20px !important;}&#8221;] 903 Dispositivi di raccolta del sangue Un leader nel settore per 40 anni [\/vc_column_text][vc_empty_space height=&#8221;50&#8243;][vc_row_inner css=&#8221;.vc_custom_1501580716826{padding-right: 15% !important;padding-left: 15% !important;}&#8221;][vc_column_inner width=&#8221;1\/3&#8243;][vc_column_text lead=&#8221;yes&#8221;] Sangue secco[\/vc_column_text][\/vc_column_inner][vc_column_inner width=&#8221;1\/3&#8243;][vc_column_text lead=&#8221;yes&#8221;] Raccolta di urina secca[\/vc_column_text][\/vc_column_inner][vc_column_inner width=&#8221;1\/3&#8243;][vc_column_text lead=&#8221;yes&#8221;] Kit di raccolta personalizzata[\/vc_column_text][\/vc_column_inner][\/vc_row_inner][\/vc_column][\/vc_row][vc_row type=&#8221;color&#8221; bg_color=&#8221;#f7f7f7&#8243; padding_top=&#8221;50&#8243; padding_bottom=&#8221;50&#8243;][vc_column][\/vc_column][\/vc_row][vc_row][vc_column][vc_column_text] Prodotti [\/vc_column_text][\/vc_column][\/vc_row][vc_row [&hellip;]<\/p>\n","protected":false},"author":2,"featured_media":0,"parent":0,"menu_order":0,"comment_status":"closed","ping_status":"closed","template":"page-templates\/full-width.php","meta":{"footnotes":""},"class_list":["post-325","page","type-page","status-publish","hentry"],"_links":{"self":[{"href":"https:\/\/ebf-inc.com\/it\/wp-json\/wp\/v2\/pages\/325","targetHints":{"allow":["GET"]}}],"collection":[{"href":"https:\/\/ebf-inc.com\/it\/wp-json\/wp\/v2\/pages"}],"about":[{"href":"https:\/\/ebf-inc.com\/it\/wp-json\/wp\/v2\/types\/page"}],"author":[{"embeddable":true,"href":"https:\/\/ebf-inc.com\/it\/wp-json\/wp\/v2\/users\/2"}],"replies":[{"embeddable":true,"href":"https:\/\/ebf-inc.com\/it\/wp-json\/wp\/v2\/comments?post=325"}],"version-history":[{"count":2,"href":"https:\/\/ebf-inc.com\/it\/wp-json\/wp\/v2\/pages\/325\/revisions"}],"predecessor-version":[{"id":781,"href":"https:\/\/ebf-inc.com\/it\/wp-json\/wp\/v2\/pages\/325\/revisions\/781"}],"wp:attachment":[{"href":"https:\/\/ebf-inc.com\/it\/wp-json\/wp\/v2\/media?parent=325"}],"curies":[{"name":"wp","href":"https:\/\/api.w.org\/{rel}","templated":true}]}}