{"id":469,"date":"2017-07-13T13:22:34","date_gmt":"2017-07-13T13:22:34","guid":{"rendered":"https:\/\/ebf-inc.com\/product\/carte-danglais-neonatale-de-std-de-lue\/"},"modified":"2017-07-13T13:22:34","modified_gmt":"2017-07-13T13:22:34","slug":"carte-danglais-neonatale-de-std-de-lue","status":"publish","type":"product","link":"https:\/\/ebf-inc.com\/fr\/produit\/carte-danglais-neonatale-de-std-de-lue\/","title":{"rendered":"Carte d&rsquo;anglais n\u00e9onatale de STD de l&rsquo;UE"},"content":{"rendered":"<p>La carte Neonatal STD EU English contient une section d\u00e9mographique o\u00f9 l&rsquo;information sur les d\u00e9tails du nouveau-n\u00e9, des parents, du m\u00e9decin et du laboratoire peut \u00eatre saisie. La carte poss\u00e8de un num\u00e9ro s\u00e9quentiel unique sur la carte et la zone de filtrage. Le papier de collection 903 contient quatre cercles de demi-pouce (13 mm) avec un couvercle enveloppant pour prot\u00e9ger le 903 avant et apr\u00e8s la collecte du sang. Chaque cercle d\u00e9tient 75 \u00e0 80 \u03bcl de sang.<\/p>\n<p><strong>100 \/ pack<\/strong><\/p>\n<p><em>Produit #10538069<\/em><\/p>\n","protected":false},"excerpt":{"rendered":"<p>La carte Neonatal STD EU English contient une section d\u00e9mographique o\u00f9 l&rsquo;information sur les d\u00e9tails du nouveau-n\u00e9, des parents, du m\u00e9decin et du laboratoire peut \u00eatre saisie. La carte poss\u00e8de un num\u00e9ro s\u00e9quentiel unique sur la carte et la zone de filtrage. Le papier de collection 903 contient quatre cercles de demi-pouce (13 mm) avec un couvercle enveloppant pour prot\u00e9ger le 903 avant et apr\u00e8s la collecte du sang. Chaque cercle d\u00e9tient 75 \u00e0 80 \u03bcl de sang.<\/p>\n<p><strong>100 \/ pack<\/strong><\/p>\n<p><em>Produit #10538069<\/em><\/p>\n","protected":false},"featured_media":0,"template":"","meta":[],"product_brand":[],"product_cat":[43],"product_tag":[],"class_list":{"0":"post-469","1":"product","2":"type-product","3":"status-publish","5":"product_cat-uncategorized-fr","7":"first","8":"instock","9":"shipping-taxable","10":"purchasable","11":"product-type-simple"},"_links":{"self":[{"href":"https:\/\/ebf-inc.com\/fr\/wp-json\/wp\/v2\/product\/469","targetHints":{"allow":["GET"]}}],"collection":[{"href":"https:\/\/ebf-inc.com\/fr\/wp-json\/wp\/v2\/product"}],"about":[{"href":"https:\/\/ebf-inc.com\/fr\/wp-json\/wp\/v2\/types\/product"}],"wp:attachment":[{"href":"https:\/\/ebf-inc.com\/fr\/wp-json\/wp\/v2\/media?parent=469"}],"wp:term":[{"taxonomy":"product_brand","embeddable":true,"href":"https:\/\/ebf-inc.com\/fr\/wp-json\/wp\/v2\/product_brand?post=469"},{"taxonomy":"product_cat","embeddable":true,"href":"https:\/\/ebf-inc.com\/fr\/wp-json\/wp\/v2\/product_cat?post=469"},{"taxonomy":"product_tag","embeddable":true,"href":"https:\/\/ebf-inc.com\/fr\/wp-json\/wp\/v2\/product_tag?post=469"}],"curies":[{"name":"wp","href":"https:\/\/api.w.org\/{rel}","templated":true}]}}