{"id":467,"date":"2017-07-14T13:21:31","date_gmt":"2017-07-14T13:21:31","guid":{"rendered":"https:\/\/ebf-inc.com\/product\/carte-multipartite-generique\/"},"modified":"2017-07-14T13:21:31","modified_gmt":"2017-07-14T13:21:31","slug":"carte-multipartite-generique","status":"publish","type":"product","link":"https:\/\/ebf-inc.com\/fr\/produit\/carte-multipartite-generique\/","title":{"rendered":"Carte multipartite g\u00e9n\u00e9rique"},"content":{"rendered":"<p>903 Carte n\u00e9onatale \u00e0 plusieurs parties La carte n\u00e9onatale \u00e0 plusieurs parties comprend une partie d\u00e9mographique en double o\u00f9 des informations sur le nouveau-n\u00e9, les parents, le m\u00e9decin et les soins peuvent \u00eatre saisies. Chaque carte poss\u00e8de un num\u00e9ro s\u00e9quentiel unique et un code \u00e0 barres. Le papier de collection multi-partie 903 est imprim\u00e9 avec cinq demi-pouces (13 mm) et comporte un couvercle enveloppant pour prot\u00e9ger le papier 903 avant et apr\u00e8s la collecte des \u00e9chantillons. Chaque cercle d\u00e9tient 75 \u00e0 80 \u03bcl de sang.<\/p>\n<p><strong>100 \/ Pack<\/strong><\/p>\n<p><em>Produit #10537279<\/em><\/p>\n","protected":false},"excerpt":{"rendered":"<p>903 Carte n\u00e9onatale \u00e0 plusieurs parties La carte n\u00e9onatale \u00e0 plusieurs parties comprend une partie d\u00e9mographique en double o\u00f9 des informations sur le nouveau-n\u00e9, les parents, le m\u00e9decin et les soins peuvent \u00eatre saisies. Chaque carte poss\u00e8de un num\u00e9ro s\u00e9quentiel unique et un code \u00e0 barres. Le papier de collection multi-partie 903 est imprim\u00e9 avec cinq demi-pouces (13 mm) et comporte un couvercle enveloppant pour prot\u00e9ger le papier 903 avant et apr\u00e8s la collecte des \u00e9chantillons. Chaque cercle d\u00e9tient 75 \u00e0 80 \u03bcl de sang.<\/p>\n<p><strong>100 \/ Pack<\/strong><\/p>\n<p><em>Produit #10537279<\/em><\/p>\n","protected":false},"featured_media":468,"template":"","meta":[],"product_brand":[],"product_cat":[43],"product_tag":[],"class_list":{"0":"post-467","1":"product","2":"type-product","3":"status-publish","4":"has-post-thumbnail","6":"product_cat-uncategorized-fr","8":"first","9":"instock","10":"shipping-taxable","11":"purchasable","12":"product-type-simple"},"_links":{"self":[{"href":"https:\/\/ebf-inc.com\/fr\/wp-json\/wp\/v2\/product\/467","targetHints":{"allow":["GET"]}}],"collection":[{"href":"https:\/\/ebf-inc.com\/fr\/wp-json\/wp\/v2\/product"}],"about":[{"href":"https:\/\/ebf-inc.com\/fr\/wp-json\/wp\/v2\/types\/product"}],"wp:featuredmedia":[{"embeddable":true,"href":"https:\/\/ebf-inc.com\/fr\/wp-json\/wp\/v2\/media\/468"}],"wp:attachment":[{"href":"https:\/\/ebf-inc.com\/fr\/wp-json\/wp\/v2\/media?parent=467"}],"wp:term":[{"taxonomy":"product_brand","embeddable":true,"href":"https:\/\/ebf-inc.com\/fr\/wp-json\/wp\/v2\/product_brand?post=467"},{"taxonomy":"product_cat","embeddable":true,"href":"https:\/\/ebf-inc.com\/fr\/wp-json\/wp\/v2\/product_cat?post=467"},{"taxonomy":"product_tag","embeddable":true,"href":"https:\/\/ebf-inc.com\/fr\/wp-json\/wp\/v2\/product_tag?post=467"}],"curies":[{"name":"wp","href":"https:\/\/api.w.org\/{rel}","templated":true}]}}