{"id":461,"date":"2017-07-18T11:47:33","date_gmt":"2017-07-18T11:47:33","guid":{"rendered":"https:\/\/ebf-inc.com\/product\/903-carte-de-sang-de-cinq-spot-eu\/"},"modified":"2017-07-18T11:47:33","modified_gmt":"2017-07-18T11:47:33","slug":"903-carte-de-sang-de-cinq-spot-eu","status":"publish","type":"product","link":"https:\/\/ebf-inc.com\/fr\/produit\/903-carte-de-sang-de-cinq-spot-eu\/","title":{"rendered":"903 Carte de sang de cinq spot (EU)"},"content":{"rendered":"<p>La zone de collecte des \u00e9chantillons de la 903 Protein Saver Card contient cinq cercles de demi-pouce (13 mm). Chaque cercle d\u00e9tient 75 \u00e0 80 \u03bcl d&rsquo;\u00e9chantillon. La couverture enveloppante comporte des espaces pour le nom et la date de la collecte et est imprim\u00e9e avec le symbole universel de danger biologique conform\u00e9ment aux r\u00e8glements USPS. Il s&rsquo;ins\u00e8re dans les sacs Ziploc\u00ae \u00e0 membrane \u00e0 membrane EBF pour le stockage.<\/p>\n<p><strong>100 \/ Pack<\/strong><\/p>\n<p><em>Produit #10550022<\/em><\/p>\n","protected":false},"excerpt":{"rendered":"<p>La zone de collecte des \u00e9chantillons de la 903 Protein Saver Card contient cinq cercles de demi-pouce (13 mm). Chaque cercle d\u00e9tient 75 \u00e0 80 \u03bcl d&rsquo;\u00e9chantillon. La couverture enveloppante comporte des espaces pour le nom et la date de la collecte et est imprim\u00e9e avec le symbole universel de danger biologique conform\u00e9ment aux r\u00e8glements USPS. Il s&rsquo;ins\u00e8re dans les sacs Ziploc\u00ae \u00e0 membrane \u00e0 membrane EBF pour le stockage.<\/p>\n<p><strong>100 \/ Pack<\/strong><\/p>\n<p><em>Produit #10550022<\/em><\/p>\n","protected":false},"featured_media":462,"template":"","meta":[],"product_brand":[],"product_cat":[43],"product_tag":[],"class_list":{"0":"post-461","1":"product","2":"type-product","3":"status-publish","4":"has-post-thumbnail","6":"product_cat-uncategorized-fr","8":"first","9":"instock","10":"shipping-taxable","11":"purchasable","12":"product-type-simple"},"_links":{"self":[{"href":"https:\/\/ebf-inc.com\/fr\/wp-json\/wp\/v2\/product\/461","targetHints":{"allow":["GET"]}}],"collection":[{"href":"https:\/\/ebf-inc.com\/fr\/wp-json\/wp\/v2\/product"}],"about":[{"href":"https:\/\/ebf-inc.com\/fr\/wp-json\/wp\/v2\/types\/product"}],"wp:featuredmedia":[{"embeddable":true,"href":"https:\/\/ebf-inc.com\/fr\/wp-json\/wp\/v2\/media\/462"}],"wp:attachment":[{"href":"https:\/\/ebf-inc.com\/fr\/wp-json\/wp\/v2\/media?parent=461"}],"wp:term":[{"taxonomy":"product_brand","embeddable":true,"href":"https:\/\/ebf-inc.com\/fr\/wp-json\/wp\/v2\/product_brand?post=461"},{"taxonomy":"product_cat","embeddable":true,"href":"https:\/\/ebf-inc.com\/fr\/wp-json\/wp\/v2\/product_cat?post=461"},{"taxonomy":"product_tag","embeddable":true,"href":"https:\/\/ebf-inc.com\/fr\/wp-json\/wp\/v2\/product_tag?post=461"}],"curies":[{"name":"wp","href":"https:\/\/api.w.org\/{rel}","templated":true}]}}