{"id":635,"date":"2017-08-18T23:10:24","date_gmt":"2017-08-18T23:10:24","guid":{"rendered":"https:\/\/ebf-inc.com\/des-produits\/"},"modified":"2017-08-19T00:47:51","modified_gmt":"2017-08-19T00:47:51","slug":"des-produits","status":"publish","type":"page","link":"https:\/\/ebf-inc.com\/fr\/des-produits\/","title":{"rendered":"Des produits"},"content":{"rendered":"<p>[vc_row][vc_column width=\u00a0\u00bb1\/2&Prime;][vc_empty_space height=\u00a0\u00bb62px\u00a0\u00bb][vc_column_text]<\/p>\n<h3>Les dispositifs de collecte de points de sang s\u00e9ch\u00e9s sont con\u00e7us pour la collecte de sang n\u00e9onatal.<\/h3>\n<p>Les cartes pr\u00e9imprim\u00e9es comprennent un formulaire pour remplir des informations d\u00e9mographiques sur le nouveau-n\u00e9. Choisissez parmi une gamme de formats pr\u00e9imprim\u00e9s ou choisissez une impression personnalis\u00e9e pour des applications sp\u00e9cifiques.<\/p>\n<p>Les cartes de taches de sang s\u00e9ch\u00e9es sont pr\u00eates \u00e0 l&#8217;emploi et fournissent une collecte, une identification et un transport d&rsquo;\u00e9chantillons faciles, sans besoin de cong\u00e9lateurs co\u00fbteux ou de livraison sur de la glace carbonique.[\/vc_column_text][vc_column_text]<\/p>\n<ul>\n<li><strong><a href=\"#twopart\" rel=\"m_PageScroll2id\">903 Deux cartes partielles<\/a><\/strong><\/li>\n<li><strong><a href=\"#multipart\" rel=\"m_PageScroll2id\">903 Cartes multipartites<\/a><\/strong><\/li>\n<li><strong><a href=\"#cassette\" rel=\"m_PageScroll2id\">903 Cartes \u00e0 cassette<\/a><\/strong><\/li>\n<\/ul>\n<p>[\/vc_column_text]<a class=\"btn no-border-radius btn-default\" href=\"https:\/\/ebf-inc.com\/contact\/?lang=fr\">Contact<\/a><a class=\"btn no-border-radius btn-primary\" href=\"https:\/\/ebf-inc.com\/shop\/?lang=fr\">Commandez maintenant<\/a>[\/vc_column][vc_column width=\u00a0\u00bb1\/2&Prime;][vc_single_image image=\u00a0\u00bb144&Prime; img_size=\u00a0\u00bbfull\u00a0\u00bb alignment=\u00a0\u00bbcenter\u00a0\u00bb][\/vc_column][\/vc_row][vc_row text_align=\u00a0\u00bbcenter\u00a0\u00bb text_color=\u00a0\u00bb#ffffff\u00a0\u00bb type=\u00a0\u00bbimage\u00a0\u00bb bg_position=\u00a0\u00bbcenter\u00a0\u00bb bg_position_horizontal=\u00a0\u00bbcenter\u00a0\u00bb enable_parallax=\u00a0\u00bbfalse\u00a0\u00bb parallax_speed=\u00a0\u00bb0.05&Prime; padding_top=\u00a0\u00bb30&Prime; padding_bottom=\u00a0\u00bb30&Prime; bg_image=\u00a0\u00bb151&Prime;][vc_column][vc_column_text]<\/p>\n<h3>Les cartes et les trousses de sang s\u00e9ch\u00e9es pr\u00eates \u00e0 l&#8217;emploi permettent de gagner du temps et des co\u00fbts<br \/>\nLors de la collecte, du transport et de l&rsquo;archivage n\u00e9onatals.<\/h3>\n<p>[\/vc_column_text][\/vc_column][\/vc_row][vc_row el_id=\u00a0\u00bbtwopart\u00a0\u00bb][vc_column width=\u00a0\u00bb1\/2&Prime; css=\u00a0\u00bb.vc_custom_1501086552886{padding: 10% !important;}\u00a0\u00bb][vc_images_carousel images=\u00a0\u00bb153,154,155,156,157&Prime; img_size=\u00a0\u00bbfull\u00a0\u00bb speed=\u00a0\u00bb3500&Prime; autoplay=\u00a0\u00bbyes\u00a0\u00bb min_items=\u00a0\u00bb1&Prime; max_items=\u00a0\u00bb1&Prime;][\/vc_column][vc_column width=\u00a0\u00bb1\/2&Prime;][vc_empty_space height=\u00a0\u00bb62px\u00a0\u00bb][vc_column_text]<\/p>\n<h2>903 CARTE DEUX PARTIES<\/h2>\n<p>L&rsquo;\u00e9criture directe sur le papier 903 n&rsquo;est pas possible puisqu&rsquo;il absorbe l&rsquo;encre du stylo et les mots peuvent sembler illisibles. Cela augmente \u00e9galement le risque de contamination de l&rsquo;\u00e9chantillon. La carte en deux parties se compose de la zone d&rsquo;\u00e9chantillonnage 903 coll\u00e9e sur une carte d\u00e9mographique disponible en noir ou OCR (reconnaissance optique de caract\u00e8res) en rouge.<\/p>\n<p>La carte en deux parties peut \u00e9galement inclure des fonctionnalit\u00e9s suppl\u00e9mentaires telles qu&rsquo;un code \u00e0 barres et peut \u00eatre imprim\u00e9e en plusieurs couleurs.<\/p>\n<p><strong>Avantages du produit<\/strong><\/p>\n<ul>\n<li>Utilisation du syst\u00e8me de code \u00e0 barres<\/li>\n<li>La carte peut \u00eatre imprim\u00e9e avec plusieurs couleurs<\/li>\n<li>Une \u00e9criture plus facile sur la section d\u00e9mogopique<\/li>\n<li>Format OCR-scannable<\/li>\n<\/ul>\n<p>[\/vc_column_text]<a class=\"btn no-border-radius btn-default\" href=\"https:\/\/ebf-inc.com\/contact\/?lang=fr\">Contact<\/a><a class=\"btn no-border-radius btn-primary\" href=\"https:\/\/ebf-inc.com\/shop\/?lang=fr\">Commandez maintenant<\/a>[\/vc_column][\/vc_row][vc_row text_align=\u00a0\u00bbcenter\u00a0\u00bb text_color=\u00a0\u00bb#ffffff\u00a0\u00bb type=\u00a0\u00bbimage\u00a0\u00bb bg_position=\u00a0\u00bbcenter\u00a0\u00bb bg_position_horizontal=\u00a0\u00bbcenter\u00a0\u00bb enable_parallax=\u00a0\u00bbfalse\u00a0\u00bb parallax_speed=\u00a0\u00bb0.05&Prime; padding_top=\u00a0\u00bb30&Prime; padding_bottom=\u00a0\u00bb30&Prime; bg_image=\u00a0\u00bb151&Prime;][vc_column][vc_column_text]<\/p>\n<h3>Contr\u00f4le strict de la qualit\u00e9 et normes de fabrication GMP<br \/>\nAssurer une qualit\u00e9, une reproductibilit\u00e9 et une puret\u00e9 \u00e9lev\u00e9es.<\/h3>\n<p>[\/vc_column_text][\/vc_column][\/vc_row][vc_row el_id=\u00a0\u00bbmultipart\u00a0\u00bb][vc_column width=\u00a0\u00bb1\/2&Prime; css=\u00a0\u00bb.vc_custom_1501086552886{padding: 10% !important;}\u00a0\u00bb][vc_images_carousel images=\u00a0\u00bb164,162,163,165,166&Prime; img_size=\u00a0\u00bbfull\u00a0\u00bb speed=\u00a0\u00bb3500&Prime; autoplay=\u00a0\u00bbyes\u00a0\u00bb min_items=\u00a0\u00bb1&Prime; max_items=\u00a0\u00bb1&Prime;][\/vc_column][vc_column width=\u00a0\u00bb1\/2&Prime;][vc_empty_space height=\u00a0\u00bb62px\u00a0\u00bb][vc_column_text]<\/p>\n<h2>903 CARTE MULTI PARTIE<\/h2>\n<p>La carte multidimensionn\u00e9e de la tache de sang se compose de trois parties ou plus et peut \u00eatre imprim\u00e9e en noir ou OCR. Similaire \u00e0 la carte en deux parties, la zone d&rsquo;\u00e9chantillonnage 903 est attach\u00e9e \u00e0 la carte d\u00e9mographique et peut avoir une ou deux couches sup\u00e9rieures de carbone pour le transfert d&rsquo;informations.<\/p>\n<p>Les caract\u00e9ristiques suppl\u00e9mentaires de la carte multipartite comprennent un couvercle enveloppant, qui prot\u00e8ge le papier de collecte de sang 903, un code \u00e0 barres, une num\u00e9rotation d&rsquo;identification unique, et il est disponible dans une vari\u00e9t\u00e9 de couleurs d&rsquo;encre.<\/p>\n<p><strong>Product Benefits<\/strong><\/p>\n<ul>\n<li>Couches sup\u00e9rieures sans carbone pour la production de plusieurs copies<\/li>\n<li>Protection de la zone d&rsquo;\u00e9chantillonnage par enveloppe enveloppante<\/li>\n<\/ul>\n<p>[\/vc_column_text]<a class=\"btn no-border-radius btn-default\" href=\"https:\/\/ebf-inc.com\/contact\/?lang=fr\">Contact<\/a><a class=\"btn no-border-radius btn-primary\" href=\"https:\/\/ebf-inc.com\/shop\/?lang=fr\">Commandez maintenant<\/a>[\/vc_column][\/vc_row][vc_row text_align=\u00a0\u00bbcenter\u00a0\u00bb text_color=\u00a0\u00bb#ffffff\u00a0\u00bb type=\u00a0\u00bbimage\u00a0\u00bb bg_position=\u00a0\u00bbcenter\u00a0\u00bb bg_position_horizontal=\u00a0\u00bbcenter\u00a0\u00bb enable_parallax=\u00a0\u00bbfalse\u00a0\u00bb parallax_speed=\u00a0\u00bb0.05&Prime; padding_top=\u00a0\u00bb30&Prime; padding_bottom=\u00a0\u00bb30&Prime; bg_image=\u00a0\u00bb151&Prime;][vc_column][vc_column_text]<\/p>\n<h3>Cr\u00e9ez votre propre format personnalis\u00e9 ou choisissez parmi<br \/>\nUne large gamme de formats de cartes de collection g\u00e9n\u00e9riques<\/h3>\n<p>[\/vc_column_text][\/vc_column][\/vc_row][vc_row el_id=\u00a0\u00bbcassette\u00a0\u00bb][vc_column width=\u00a0\u00bb1\/2&Prime; css=\u00a0\u00bb.vc_custom_1501086552886{padding: 10% !important;}\u00a0\u00bb][vc_images_carousel images=\u00a0\u00bb163,164,162,165,166&Prime; img_size=\u00a0\u00bbfull\u00a0\u00bb speed=\u00a0\u00bb3500&Prime; autoplay=\u00a0\u00bbyes\u00a0\u00bb min_items=\u00a0\u00bb1&Prime; max_items=\u00a0\u00bb1&Prime;][\/vc_column][vc_column width=\u00a0\u00bb1\/2&Prime;][vc_empty_space height=\u00a0\u00bb62px\u00a0\u00bb][vc_column_text]<\/p>\n<h2>903 CARTE CASSETTE<\/h2>\n<p>Les formats de cassette personnalis\u00e9s sont adapt\u00e9s au traitement automatis\u00e9. La zone d&rsquo;\u00e9chantillonnage 903 est int\u00e9gr\u00e9e dans un cadre en carton, qui est coll\u00e9 avec la partie d\u00e9mographique.<\/p>\n<p>Le cadre en carton donne une stabilit\u00e9 \u00e0 la zone d&rsquo;\u00e9chantillonnage 903, qui est n\u00e9cessaire lorsque les \u00e9chantillons sont manipul\u00e9s par des instruments robotiques.<\/p>\n<p>La carte de cassette est disponible avec des informations sur le code \u00e0 barres pour la tra\u00e7abilit\u00e9 et les sections d\u00e9mographiques scannables par OCR. Bien s\u00fbr, votre logo individuel peut \u00eatre imprim\u00e9 en plusieurs couleurs.<\/p>\n<p><strong>Avantages du produit:<\/strong><\/p>\n<ul>\n<li>Cadre de cassette en carton autour de la zone d&rsquo;\u00e9chantillonnage pour la manipulation automatis\u00e9e<\/li>\n<\/ul>\n<p>[\/vc_column_text]<a class=\"btn no-border-radius btn-default\" href=\"https:\/\/ebf-inc.com\/contact\/?lang=fr\">Contact<\/a><a class=\"btn no-border-radius btn-primary\" href=\"https:\/\/ebf-inc.com\/shop\/?lang=fr\">Commandez maintenant<\/a>[\/vc_column][\/vc_row]<\/p>\n","protected":false},"excerpt":{"rendered":"<p>[vc_row][vc_column width=\u00a0\u00bb1\/2&Prime;][vc_empty_space height=\u00a0\u00bb62px\u00a0\u00bb][vc_column_text] Les dispositifs de collecte de points de sang s\u00e9ch\u00e9s sont con\u00e7us pour la collecte de sang n\u00e9onatal. Les cartes pr\u00e9imprim\u00e9es comprennent un formulaire pour remplir des informations d\u00e9mographiques sur le nouveau-n\u00e9. Choisissez parmi une gamme de formats pr\u00e9imprim\u00e9s ou choisissez une impression personnalis\u00e9e pour des applications sp\u00e9cifiques. Les cartes de taches de sang s\u00e9ch\u00e9es sont pr\u00eates \u00e0 [&hellip;]<\/p>\n","protected":false},"author":32,"featured_media":0,"parent":0,"menu_order":0,"comment_status":"closed","ping_status":"closed","template":"page-templates\/full-width.php","meta":{"footnotes":""},"class_list":["post-635","page","type-page","status-publish","hentry"],"_links":{"self":[{"href":"https:\/\/ebf-inc.com\/fr\/wp-json\/wp\/v2\/pages\/635","targetHints":{"allow":["GET"]}}],"collection":[{"href":"https:\/\/ebf-inc.com\/fr\/wp-json\/wp\/v2\/pages"}],"about":[{"href":"https:\/\/ebf-inc.com\/fr\/wp-json\/wp\/v2\/types\/page"}],"author":[{"embeddable":true,"href":"https:\/\/ebf-inc.com\/fr\/wp-json\/wp\/v2\/users\/32"}],"replies":[{"embeddable":true,"href":"https:\/\/ebf-inc.com\/fr\/wp-json\/wp\/v2\/comments?post=635"}],"version-history":[{"count":11,"href":"https:\/\/ebf-inc.com\/fr\/wp-json\/wp\/v2\/pages\/635\/revisions"}],"predecessor-version":[{"id":791,"href":"https:\/\/ebf-inc.com\/fr\/wp-json\/wp\/v2\/pages\/635\/revisions\/791"}],"wp:attachment":[{"href":"https:\/\/ebf-inc.com\/fr\/wp-json\/wp\/v2\/media?parent=635"}],"curies":[{"name":"wp","href":"https:\/\/api.w.org\/{rel}","templated":true}]}}