{"id":603,"date":"2017-08-18T22:32:28","date_gmt":"2017-08-18T22:32:28","guid":{"rendered":"https:\/\/ebf-inc.com\/a-propos-de-nous\/"},"modified":"2017-08-18T22:32:28","modified_gmt":"2017-08-18T22:32:28","slug":"a-propos-de-nous","status":"publish","type":"page","link":"https:\/\/ebf-inc.com\/fr\/a-propos-de-nous\/","title":{"rendered":"\u00c0 propos de nous"},"content":{"rendered":"<h2>Eastern Business Forms<\/h2>\n<p><img loading=\"lazy\" decoding=\"async\" src=\"https:\/\/ebf-inc.com\/wp-content\/uploads\/2017\/07\/businessman-252x300.png\" alt=\"\" width=\"168\" height=\"200\" class=\"alignleft size-medium wp-image-226\" srcset=\"https:\/\/ebf-inc.com\/wp-content\/uploads\/2017\/07\/businessman-252x300.png 252w, https:\/\/ebf-inc.com\/wp-content\/uploads\/2017\/07\/businessman.png 558w\" sizes=\"auto, (max-width: 168px) 100vw, 168px\" \/><\/p>\n<p style=\"padding-top: 15px;\">EBF fabrique des dispositifs de d\u00e9pistage n\u00e9onatal depuis plus de 40 ans. EBF est le fournisseur exclusif de papier filtrant 903 dans le monde entier pour une utilisation diagnostique et poss\u00e8de une vaste exp\u00e9rience dans la conception et la fabrication de 903 appareils de diagnostic et paquets de proc\u00e9dures. EBF a \u00e9t\u00e9 le fabricant exclusif de dispositifs de collecte de points de sang s\u00e9ch\u00e9s pour Schleicher &#038; amp; Shuell, Whatman et GE Healthcare. <\/ P><\/p>\n<p>Notre objectif est de d\u00e9passer les besoins des clients en tirant parti de notre exp\u00e9rience de fabrication \u00e9tendue et en fournissant un service \u00e0 la client\u00e8le sup\u00e9rieur. Nous offrons un haut niveau de personnalisation des produits et nous vous aiderons \u00e0 fournir un produit de haute qualit\u00e9 avec le d\u00e9lai de livraison le plus bas possible pour r\u00e9pondre \u00e0 vos besoins.<\/p>\n<p>Les bureaux et les installations de fabrication d&rsquo;EBF se trouvent \u00e0 Greenville, SC, aux \u00c9tats-Unis.<\/p>\n<p style=\"padding-top: 35px;\"><strong>Dispositif de collecte d&rsquo;\u00e9chantillons 903<\/strong><\/p>\n<p>En 1962, le Dr Robert Guthrie a d&rsquo;abord publi\u00e9 des proc\u00e9dures pour le d\u00e9pistage des nouveau-n\u00e9s pour la ph\u00e9nylc\u00e9tonurie (PKU). Le dispositif de collecte d&rsquo;\u00e9chantillons 903 a jou\u00e9 un r\u00f4le important dans ce d\u00e9pistage, ce qui a contribu\u00e9 \u00e0 l&rsquo;analyse g\u00e9n\u00e9ralis\u00e9e de PKU. Cela a entra\u00een\u00e9 une d\u00e9tection pr\u00e9coce et une intervention pour des dizaines de milliers de b\u00e9b\u00e9s aux \u00c9tats-Unis. Aujourd&rsquo;hui, le d\u00e9pistage n\u00e9onatal pour n&rsquo;importe o\u00f9 entre trois \u00e0 vingt ou plus d&rsquo;analytes, y compris l&rsquo;hypothyro\u00efdie cong\u00e9nitale, la galactos\u00e9mie, la c\u00e9tonurie \u00e0 cha\u00eene ramifi\u00e9e, le trouble de l&rsquo;urine de sucre d&rsquo;\u00e9rable et l&rsquo;an\u00e9mie falciforme est possible avec notre document de pr\u00e9l\u00e8vement de 903 \u00e9chantillons. Plus r\u00e9cemment, avec l&rsquo;av\u00e8nement de la technologie de spectrom\u00e9trie de masse en tandem, de nombreux programmes ajoutent des troubles moins fr\u00e9quents \u00e0 leur panel d&rsquo;analytes, y compris MCAD, fibrose kystique et une gamme de troubles d&rsquo;acides amin\u00e9s. En 1998, le document de collecte d&rsquo;\u00e9chantillons 903 est devenu la norme internationale pour la collecte, le transport, l&rsquo;analyse et l&rsquo;archivage des \u00e9chantillons de fluide corporel.<\/p>\n<p>La puret\u00e9, la consistance et l&rsquo;excellente absorption sont des caract\u00e9ristiques importantes pour les papiers de collecte de sang n\u00e9onatale. Le papier doit \u00eatre exempt d&rsquo;impuret\u00e9s susceptibles d&rsquo;entraver la qualit\u00e9 ou la composition de l&rsquo;\u00e9chantillon. Il doit \u00e9galement \u00eatre valid\u00e9 conform\u00e9ment aux exigences de la norme de consensus CLSI LA4-A5. 903 Sample Collection Devices r\u00e9pondent \u00e0 ces sp\u00e9cifications et sont list\u00e9s comme un appareil m\u00e9dical FDA Class II. En Europe, ils sont vendus comme un \u00abdiagnostic in vitro\u00bb marqu\u00e9 \u00abCE\u00bb en conformit\u00e9 avec 98\/79 \/ EC.<\/p>\n","protected":false},"excerpt":{"rendered":"<p>Eastern Business Forms EBF fabrique des dispositifs de d\u00e9pistage n\u00e9onatal depuis plus de 40 ans. EBF est le fournisseur exclusif de papier filtrant 903 dans le monde entier pour une utilisation diagnostique et poss\u00e8de une vaste exp\u00e9rience dans la conception et la fabrication de 903 appareils de diagnostic et paquets de proc\u00e9dures. EBF a \u00e9t\u00e9 le fabricant exclusif de dispositifs [&hellip;]<\/p>\n","protected":false},"author":32,"featured_media":0,"parent":0,"menu_order":0,"comment_status":"closed","ping_status":"closed","template":"","meta":{"footnotes":""},"class_list":["post-603","page","type-page","status-publish","hentry"],"_links":{"self":[{"href":"https:\/\/ebf-inc.com\/fr\/wp-json\/wp\/v2\/pages\/603","targetHints":{"allow":["GET"]}}],"collection":[{"href":"https:\/\/ebf-inc.com\/fr\/wp-json\/wp\/v2\/pages"}],"about":[{"href":"https:\/\/ebf-inc.com\/fr\/wp-json\/wp\/v2\/types\/page"}],"author":[{"embeddable":true,"href":"https:\/\/ebf-inc.com\/fr\/wp-json\/wp\/v2\/users\/32"}],"replies":[{"embeddable":true,"href":"https:\/\/ebf-inc.com\/fr\/wp-json\/wp\/v2\/comments?post=603"}],"version-history":[{"count":0,"href":"https:\/\/ebf-inc.com\/fr\/wp-json\/wp\/v2\/pages\/603\/revisions"}],"wp:attachment":[{"href":"https:\/\/ebf-inc.com\/fr\/wp-json\/wp\/v2\/media?parent=603"}],"curies":[{"name":"wp","href":"https:\/\/api.w.org\/{rel}","templated":true}]}}