{"id":576,"date":"2017-08-18T22:25:30","date_gmt":"2017-08-18T22:25:30","guid":{"rendered":"https:\/\/ebf-inc.com\/capacites\/"},"modified":"2017-08-18T22:25:31","modified_gmt":"2017-08-18T22:25:31","slug":"capacites","status":"publish","type":"page","link":"https:\/\/ebf-inc.com\/fr\/capacites\/","title":{"rendered":"Capacit\u00e9s"},"content":{"rendered":"<p>[vc_row padding_top=\u00a0\u00bb50&Prime; padding_bottom=\u00a0\u00bb20&Prime;][vc_column width=\u00a0\u00bb1\/6&Prime;][\/vc_column][vc_column width=\u00a0\u00bb1\/3&Prime;][vc_row_inner][vc_column_inner width=\u00a0\u00bb1\/4&Prime;]<div class=\"text-right\" ><i class=\"icon-barcode icon-4x\"style=\"color: #ef3d35\"><\/i> <\/div>[\/vc_column_inner][vc_column_inner width=\u00a0\u00bb3\/4&Prime;][vc_column_text]<\/p>\n<h3>Codes barres<\/h3>\n<p>Les cartes \u00e0 taches de sang s\u00e9ch\u00e9es peuvent \u00eatre fournies avec un code \u00e0 barres sur la partie d\u00e9mographique dans n&rsquo;importe quel format qui peut imprimer des caract\u00e8res alphanum\u00e9riques (lettres, chiffres et symboles sp\u00e9ciaux). L&rsquo;int\u00e9grit\u00e9 des donn\u00e9es est renforc\u00e9e par l&rsquo;utilisation de caract\u00e8res de chiffres de contr\u00f4le de module.<\/p>\n<p>Les codes \u00e0 barres peuvent \u00eatre imprim\u00e9s sur une perforation o\u00f9 la carte serait s\u00e9par\u00e9e en laboratoire. Cela permet de tracer toutes les sections de la carte. Montr\u00e9 sur la gauche est une repr\u00e9sentation de la carte de Floride affich\u00e9e sur P8. Nous pouvons \u00e9galement imprimer des codes-barres adh\u00e9sifs amovibles pour vos cartes qui peuvent \u00eatre respect\u00e9es dans les documents d&rsquo;accompagnement.[\/vc_column_text][\/vc_column_inner][\/vc_row_inner][\/vc_column][vc_column width=\u00a0\u00bb1\/3&Prime;][vc_row_inner][vc_column_inner width=\u00a0\u00bb1\/4&Prime;]<div class=\"text-right\" ><i class=\"icon-cog icon-4x\"style=\"color: #ef3d35\"><\/i> <\/div>[\/vc_column_inner][vc_column_inner width=\u00a0\u00bb3\/4&Prime;][vc_column_text]<\/p>\n<h3>Trousses personnalis\u00e9es<\/h3>\n<p>La collecte d&rsquo;\u00e9chantillons sur le terrain n\u00e9cessite souvent l&rsquo;utilisation de produits multiples tels que des gants, des lingettes st\u00e9riles et une lancette en plus de la carte de collecte d&rsquo;\u00e9chantillons elle-m\u00eame. EBF peut d\u00e9velopper et fabriquer des kits personnalis\u00e9s pr\u00eats \u00e0 l&#8217;emploi sp\u00e9cifiques \u00e0 vos applications, en veillant \u00e0 ce que tous les outils pour une collecte optimale des \u00e9chantillons soient sur place et pr\u00eats \u00e0 l&#8217;emploi.[\/vc_column_text][\/vc_column_inner][\/vc_row_inner][\/vc_column][vc_column width=\u00a0\u00bb1\/6&Prime;][\/vc_column][\/vc_row][vc_row padding_top=\u00a0\u00bb20&Prime; padding_bottom=\u00a0\u00bb20&Prime;][vc_column width=\u00a0\u00bb1\/6&Prime;][\/vc_column][vc_column width=\u00a0\u00bb1\/3&Prime;][vc_row_inner][vc_column_inner width=\u00a0\u00bb1\/4&Prime;]<div class=\"text-right\" ><i class=\"icon-exchange icon-4x\"style=\"color: #ef3d35\"><\/i> <\/div>[\/vc_column_inner][vc_column_inner width=\u00a0\u00bb3\/4&Prime;][vc_column_text]<\/p>\n<h3>Couvertures enveloppantes<\/h3>\n<p>Les capots enroul\u00e9s sont attach\u00e9s \u00e0 la carte \u00e0 point de sang s\u00e9ch\u00e9 903 et peuvent \u00eatre \u00ab\u00a0enroul\u00e9s autour\u00a0\u00bb de la partie de collecte de pr\u00e9l\u00e8vement 903 de la carte pour prot\u00e9ger la zone d&rsquo;\u00e9chantillonnage. Ce couvercle enveloppant est disponible dans diff\u00e9rents mat\u00e9riaux: papier de 28 livres, verre transparent translucide ou barri\u00e8re anti-humidit\u00e9 transparente. Cela prot\u00e8ge l&rsquo;\u00e9chantillon et peut \u00e9liminer le besoin d&rsquo;enveloppes en verre suppl\u00e9mentaires.[\/vc_column_text][\/vc_column_inner][\/vc_row_inner][\/vc_column][vc_column width=\u00a0\u00bb1\/3&Prime;][vc_row_inner][vc_column_inner width=\u00a0\u00bb1\/4&Prime;]<div class=\"text-right\" ><i class=\"icon-sort-number-up icon-4x\"style=\"color: #ef3d35\"><\/i> <\/div>[\/vc_column_inner][vc_column_inner width=\u00a0\u00bb3\/4&Prime;][vc_column_text]<\/p>\n<h3>Num\u00e9rotation s\u00e9quentielle<\/h3>\n<p>Les cartes de points de sang s\u00e9ch\u00e9s peuvent \u00eatre munies d&rsquo;une num\u00e9rotation s\u00e9quentielle. Cela signifie que chacune de vos cartes aura un nombre diff\u00e9rent, ce qui est essentiel pour le suivi et l&rsquo;identification.[\/vc_column_text][\/vc_column_inner][\/vc_row_inner][\/vc_column][vc_column width=\u00a0\u00bb1\/6&Prime;][\/vc_column][\/vc_row][vc_row padding_top=\u00a0\u00bb20&Prime; padding_bottom=\u00a0\u00bb20&Prime;][vc_column width=\u00a0\u00bb1\/6&Prime;][\/vc_column][vc_column width=\u00a0\u00bb1\/3&Prime;][vc_row_inner][vc_column_inner width=\u00a0\u00bb1\/4&Prime;]<div class=\"text-right\" ><i class=\"icon-cog icon-4x\"style=\"color: #ef3d35\"><\/i> <\/div>[\/vc_column_inner][vc_column_inner width=\u00a0\u00bb3\/4&Prime;][vc_column_text]<\/p>\n<h3>Format OCR-scannable<\/h3>\n<p>EBF peut utiliser des encres sp\u00e9ciales pour imprimer des formulaires invisibles pour les scanners de reconnaissance optique de caract\u00e8res (OCR), de sorte que les scanners ne d\u00e9tecteront que les informations d\u00e9mographiques variables (c&rsquo;est-\u00e0-dire les informations \u00e9crites entr\u00e9es par l&rsquo;\u00e9chantillonneur).[\/vc_column_text][\/vc_column_inner][\/vc_row_inner][\/vc_column][vc_column width=\u00a0\u00bb1\/3&Prime;][vc_row_inner][vc_column_inner width=\u00a0\u00bb1\/4&Prime;]<div class=\"text-right\" ><i class=\"icon-pencil-1 icon-4x\"style=\"color: #ef3d35\"><\/i> <\/div>[\/vc_column_inner][vc_column_inner width=\u00a0\u00bb3\/4&Prime;][vc_column_text]<\/p>\n<h3>Code de couleurs<\/h3>\n<p>Les cartes \u00e0 taches de sang s\u00e9ch\u00e9es imprim\u00e9es sur mesure peuvent \u00eatre cod\u00e9es en couleurs pour simplifier la distribution de la forme apr\u00e8s la collecte des \u00e9chantillons.[\/vc_column_text][\/vc_column_inner][\/vc_row_inner][\/vc_column][vc_column width=\u00a0\u00bb1\/6&Prime;][\/vc_column][\/vc_row][vc_row padding_top=\u00a0\u00bb20&Prime; padding_bottom=\u00a0\u00bb20&Prime;][vc_column width=\u00a0\u00bb1\/6&Prime;][\/vc_column][vc_column width=\u00a0\u00bb1\/3&Prime;][vc_row_inner][vc_column_inner width=\u00a0\u00bb1\/4&Prime;]<div class=\"text-right\" ><i class=\"icon-box icon-4x\"style=\"color: #ef3d35\"><\/i> <\/div>[\/vc_column_inner][vc_column_inner width=\u00a0\u00bb3\/4&Prime;][vc_column_text]<\/p>\n<h3>Emballage personnalis\u00e9<\/h3>\n<p>Un syst\u00e8me de codage sp\u00e9cifi\u00e9 peut \u00eatre imprim\u00e9 sur chaque colis, carton et bo\u00eete d&rsquo;exp\u00e9dition. Les cartons ext\u00e9rieurs peuvent \u00eatre \u00e9tiquet\u00e9s pour refl\u00e9ter la num\u00e9rotation s\u00e9quentielle des formulaires joints.[\/vc_column_text][\/vc_column_inner][\/vc_row_inner][\/vc_column][vc_column width=\u00a0\u00bb1\/3&Prime;][vc_row_inner][vc_column_inner width=\u00a0\u00bb1\/4&Prime;]<div class=\"text-right\" ><i class=\"icon-headphones icon-4x\"style=\"color: #ef3d35\"><\/i> <\/div>[\/vc_column_inner][vc_column_inner width=\u00a0\u00bb3\/4&Prime;][vc_column_text]<\/p>\n<h3>Section auditive<\/h3>\n<p>Il est possible d&rsquo;ajouter une section \u00e0 une carte \u00e0 point de sang s\u00e9ch\u00e9 pour les r\u00e9sultats des tests auditifs. Cela regroupe tous les r\u00e9sultats de s\u00e9lection dans une base de donn\u00e9es sous un seul num\u00e9ro de contr\u00f4le.[\/vc_column_text][\/vc_column_inner][\/vc_row_inner][\/vc_column][vc_column width=\u00a0\u00bb1\/6&Prime;][\/vc_column][\/vc_row][vc_row padding_top=\u00a0\u00bb20&Prime; padding_bottom=\u00a0\u00bb50&Prime;][vc_column width=\u00a0\u00bb1\/6&Prime;][\/vc_column][vc_column width=\u00a0\u00bb1\/3&Prime;][vc_row_inner][vc_column_inner width=\u00a0\u00bb1\/4&Prime;]<div class=\"text-right\" ><i class=\"icon-doc-text-inv icon-4x\"style=\"color: #ef3d35\"><\/i> <\/div>[\/vc_column_inner][vc_column_inner width=\u00a0\u00bb3\/4&Prime;][vc_column_text]<\/p>\n<h3>Fiches d&rsquo;information parentale \/ brochures<\/h3>\n<p>Les fiches d&rsquo;information pour les parents qui font partie du dispositif de collecte n\u00e9onatale et comprennent les num\u00e9ros de l&rsquo;appareil peuvent \u00eatre fournies en tant que premi\u00e8re partie d&rsquo;un formulaire \u00e0 plusieurs parties. Alternativement, des brochures d&rsquo;informations parentales d\u00e9taill\u00e9es peuvent \u00eatre coll\u00e9es sur le formulaire.[\/vc_column_text][\/vc_column_inner][\/vc_row_inner][\/vc_column][vc_column width=\u00a0\u00bb1\/3&Prime;][vc_row_inner][vc_column_inner width=\u00a0\u00bb1\/4&Prime;]<div class=\"text-right\" ><i class=\"icon-mail-alt icon-4x\"style=\"color: #ef3d35\"><\/i> <\/div>[\/vc_column_inner][vc_column_inner width=\u00a0\u00bb3\/4&Prime;][vc_column_text]<\/p>\n<h3>Envoi ou envoi d&rsquo;enveloppes<\/h3>\n<p>EBF peut fournir des enveloppes personnalis\u00e9es pour l&rsquo;envoi d&rsquo;\u00e9chantillons au laboratoire central, pour envoyer un formulaire de d\u00e9pistage \u00e0 la maison avec le parent pour l&rsquo;\u00e9chantillonnage de suivi, ou envoyer des \u00e9chantillons \u00e0 des laboratoires distincts pour des tests de d\u00e9pistage non standard (c.-\u00e0-d. Pour un test ADN ou compl\u00e9mentaire d\u00e9pistage). Ces enveloppes sont fr\u00e9quemment cod\u00e9es par couleur.[\/vc_column_text][\/vc_column_inner][\/vc_row_inner][\/vc_column][vc_column width=\u00a0\u00bb1\/6&Prime;][\/vc_column][\/vc_row][vc_row][vc_column][vc_column_text]<\/p>\n<h2 style=\"text-align: center;\">TABLEAU DE COMPARAISON<\/h2>\n<p>[\/vc_column_text][vc_raw_html]PHRhYmxlIGNsYXNzPSJ0YWJsZSB0YWJsZS1zdHJpcGVkIj4NCjx0aGVhZD4NCjx0cj4NCjx0ZCBjbGFzcz0idGMiPjwvdGQ+DQo8dGQgY2xhc3M9InRjIj48c3Ryb25nPjkwMyBDQVJURSBTSU1QTEU8L3N0cm9uZz48L3RkPg0KPHRkIGNsYXNzPSJ0YyI+PHN0cm9uZz45MDMgQ0FSVEUgw4AgREVVWCBQQVJUSUVTPC9zdHJvbmc+PC90ZD4NCjx0ZCBjbGFzcz0idGMiPjxzdHJvbmc+OTAzIENBUlRFIE1VTFRJUEFSVEU8L3N0cm9uZz48L3RkPg0KPHRkIGNsYXNzPSJ0YyI+PHN0cm9uZz45MDMgQ0FSVEUgQ0FTU0VUVEU8L3N0cm9uZz48L3RkPg0KPC90cj4NCjwvdGhlYWQ+DQo8dGJvZHk+DQo8dHI+DQo8dGQ+Q0RDIHJlY29tbWFuZMOpIHBvdXIgbGUgZMOpcGlzdGFnZSBuw6lvbmF0YWw8L3RkPg0KPHRkPjwvdGQ+DQo8dGQgY2xhc3M9InRjIj48aSBjbGFzcz0iaWNvbi1jaGVjayI+PC9pPjwvdGQ+DQo8dGQgY2xhc3M9InRjIj48aSBjbGFzcz0iaWNvbi1jaGVjayI+PC9pPjwvdGQ+DQo8dGQgY2xhc3M9InRjIj48aSBjbGFzcz0iaWNvbi1jaGVjayI+PC9pPjwvdGQ+DQo8L3RyPg0KPHRyPg0KPHRkPkxlIHByb2R1aXQgcmVuY29udHJlIGxlcyDDiXRhdHMtVW5pcyBldCBsJ1VFIHBvdXIgbGUgZMOpcGlzdGFnZSBuw6lvbmF0YWw8L3RkPg0KPHRkPjwvdGQ+DQo8dGQgY2xhc3M9InRjIj48aSBjbGFzcz0iaWNvbi1jaGVjayI+PC9pPjwvdGQ+DQo8dGQgY2xhc3M9InRjIj48aSBjbGFzcz0iaWNvbi1jaGVjayI+PC9pPjwvdGQ+DQo8dGQgY2xhc3M9InRjIj48aSBjbGFzcz0iaWNvbi1jaGVjayI+PC9pPjwvdGQ+DQo8L3RyPg0KPHRyPg0KPHRkPlByb2R1aXQgZmFicmlxdcOpIHNlbG9uIGxlcyBib25uZXMgcHJhdGlxdWVzIGRlIGZhYnJpY2F0aW9uIChHTVApPC90ZD4NCjx0ZCBjbGFzcz0idGMiPjxpIGNsYXNzPSJpY29uLWNoZWNrIj48L2k+PC90ZD4NCjx0ZCBjbGFzcz0idGMiPjxpIGNsYXNzPSJpY29uLWNoZWNrIj48L2k+PC90ZD4NCjx0ZCBjbGFzcz0idGMiPjxpIGNsYXNzPSJpY29uLWNoZWNrIj48L2k+PC90ZD4NCjx0ZCBjbGFzcz0idGMiPjxpIGNsYXNzPSJpY29uLWNoZWNrIj48L2k+PC90ZD4NCjwvdHI+DQo8dHI+DQo8dGQ+Q2FydGUgc8OpcXVlbnRpZWxsZTwvdGQ+DQo8dGQgY2xhc3M9InRjIj48aSBjbGFzcz0iaWNvbi1jaGVjayI+PC9pPjwvdGQ+DQo8dGQgY2xhc3M9InRjIj48aSBjbGFzcz0iaWNvbi1jaGVjayI+PC9pPjwvdGQ+DQo8dGQgY2xhc3M9InRjIj48aSBjbGFzcz0iaWNvbi1jaGVjayI+PC9pPjwvdGQ+DQo8dGQgY2xhc3M9InRjIj48aSBjbGFzcz0iaWNvbi1jaGVjayI+PC9pPjwvdGQ+DQo8L3RyPg0KPHRyPg0KPHRkPkRpc3BvbmlibGUgZW4gcGx1cyBkJ3VuZSBjb3VsZXVyIGQnaW1wcmVzc2lvbjwvdGQ+DQo8dGQ+PC90ZD4NCjx0ZCBjbGFzcz0idGMiPjxpIGNsYXNzPSJpY29uLWNoZWNrIj48L2k+PC90ZD4NCjx0ZCBjbGFzcz0idGMiPjxpIGNsYXNzPSJpY29uLWNoZWNrIj48L2k+PC90ZD4NCjx0ZCBjbGFzcz0idGMiPjxpIGNsYXNzPSJpY29uLWNoZWNrIj48L2k+PC90ZD4NCjwvdHI+DQo8dHI+DQo8dGQ+Rm9ybWF0IE9DUi1zY2FubmFibGU8L3RkPg0KPHRkPjwvdGQ+DQo8dGQgY2xhc3M9InRjIj48aSBjbGFzcz0iaWNvbi1jaGVjayI+PC9pPjwvdGQ+DQo8dGQgY2xhc3M9InRjIj48aSBjbGFzcz0iaWNvbi1jaGVjayI+PC9pPjwvdGQ+DQo8dGQgY2xhc3M9InRjIj48aSBjbGFzcz0iaWNvbi1jaGVjayI+PC9pPjwvdGQ+DQo8L3RyPg0KPHRyPg0KPHRkPkNvZGVzIGJhcnJlcyBhZGFwdMOpcyDDoCB2b3RyZSBzeXN0w6htZSBkZSBjb2RlIMOgIGJhcnJlczwvdGQ+DQo8dGQ+PC90ZD4NCjx0ZCBjbGFzcz0idGMiPjxpIGNsYXNzPSJpY29uLWNoZWNrIj48L2k+PC90ZD4NCjx0ZCBjbGFzcz0idGMiPjxpIGNsYXNzPSJpY29uLWNoZWNrIj48L2k+PC90ZD4NCjx0ZCBjbGFzcz0idGMiPjxpIGNsYXNzPSJpY29uLWNoZWNrIj48L2k+PC90ZD4NCjwvdHI+DQo8dHI+DQo8dGQ+Q291dmVydHVyZSBlbnZlbG9wcGFudGUgcG91ciBsYSBwcm90ZWN0aW9uIGRlIGxhIHpvbmUgZCfDqWNoYW50aWxsb25uYWdlPC90ZD4NCjx0ZD48L3RkPg0KPHRkPjwvdGQ+DQo8dGQgY2xhc3M9InRjIj48aSBjbGFzcz0iaWNvbi1jaGVjayI+PC9pPjwvdGQ+DQo8dGQgY2xhc3M9InRjIj48aSBjbGFzcz0iaWNvbi1jaGVjayI+PC9pPjwvdGQ+DQo8L3RyPg0KPHRyPg0KPHRkPkRlcyBjb3VjaGVzIGRlIGNhcmJvbmUgc3VwcGzDqW1lbnRhaXJlcyBwb3VyIGxhIGR1cGxpY2F0aW9uIGQnaW5mb3JtYXRpb25zPC90ZD4NCjx0ZD48L3RkPg0KPHRkPjwvdGQ+DQo8dGQgY2xhc3M9InRjIj48aSBjbGFzcz0iaWNvbi1jaGVjayI+PC9pPjwvdGQ+DQo8dGQgY2xhc3M9InRjIj48aSBjbGFzcz0iaWNvbi1jaGVjayI+PC9pPjwvdGQ+DQo8L3RyPg0KPHRyPg0KPHRkPkNhZHJlIGRlIGNhc3NldHRlIHBvdXIgbCdhdXRvbWF0aXNhdGlvbjwvdGQ+DQo8dGQ+PC90ZD4NCjx0ZD48L3RkPg0KPHRkPjwvdGQ+DQo8dGQgY2xhc3M9InRjIj48aSBjbGFzcz0iaWNvbi1jaGVjayI+PC9pPjwvdGQ+DQo8L3RyPg0KPC90Ym9keT4NCjwvdGFibGU+[\/vc_raw_html][\/vc_column][\/vc_row]<\/p>\n","protected":false},"excerpt":{"rendered":"<p>[vc_row padding_top=\u00a0\u00bb50&Prime; padding_bottom=\u00a0\u00bb20&Prime;][vc_column width=\u00a0\u00bb1\/6&Prime;][\/vc_column][vc_column width=\u00a0\u00bb1\/3&Prime;][vc_row_inner][vc_column_inner width=\u00a0\u00bb1\/4&Prime;][\/vc_column_inner][vc_column_inner width=\u00a0\u00bb3\/4&Prime;][vc_column_text] Codes barres Les cartes \u00e0 taches de sang s\u00e9ch\u00e9es peuvent \u00eatre fournies avec un code \u00e0 barres sur la partie d\u00e9mographique dans n&rsquo;importe quel format qui peut imprimer des caract\u00e8res alphanum\u00e9riques (lettres, chiffres et symboles sp\u00e9ciaux). L&rsquo;int\u00e9grit\u00e9 des donn\u00e9es est renforc\u00e9e par l&rsquo;utilisation de caract\u00e8res de chiffres de contr\u00f4le de module. Les codes [&hellip;]<\/p>\n","protected":false},"author":32,"featured_media":0,"parent":0,"menu_order":0,"comment_status":"closed","ping_status":"closed","template":"page-templates\/full-width.php","meta":{"footnotes":""},"class_list":["post-576","page","type-page","status-publish","hentry"],"_links":{"self":[{"href":"https:\/\/ebf-inc.com\/fr\/wp-json\/wp\/v2\/pages\/576","targetHints":{"allow":["GET"]}}],"collection":[{"href":"https:\/\/ebf-inc.com\/fr\/wp-json\/wp\/v2\/pages"}],"about":[{"href":"https:\/\/ebf-inc.com\/fr\/wp-json\/wp\/v2\/types\/page"}],"author":[{"embeddable":true,"href":"https:\/\/ebf-inc.com\/fr\/wp-json\/wp\/v2\/users\/32"}],"replies":[{"embeddable":true,"href":"https:\/\/ebf-inc.com\/fr\/wp-json\/wp\/v2\/comments?post=576"}],"version-history":[{"count":12,"href":"https:\/\/ebf-inc.com\/fr\/wp-json\/wp\/v2\/pages\/576\/revisions"}],"predecessor-version":[{"id":588,"href":"https:\/\/ebf-inc.com\/fr\/wp-json\/wp\/v2\/pages\/576\/revisions\/588"}],"wp:attachment":[{"href":"https:\/\/ebf-inc.com\/fr\/wp-json\/wp\/v2\/media?parent=576"}],"curies":[{"name":"wp","href":"https:\/\/api.w.org\/{rel}","templated":true}]}}