{"id":554,"date":"2017-08-18T22:11:18","date_gmt":"2017-08-18T22:11:18","guid":{"rendered":"https:\/\/ebf-inc.com\/fabrication\/"},"modified":"2017-08-18T22:11:19","modified_gmt":"2017-08-18T22:11:19","slug":"fabrication","status":"publish","type":"page","link":"https:\/\/ebf-inc.com\/fr\/fabrication\/","title":{"rendered":"Fabrication"},"content":{"rendered":"<p>[vc_row][vc_column width=\u00a0\u00bb1\/3&Prime;][vc_single_image image=\u00a0\u00bb138&Prime; img_size=\u00a0\u00bbfull\u00a0\u00bb alignment=\u00a0\u00bbcenter\u00a0\u00bb][\/vc_column][vc_column width=\u00a0\u00bb2\/3&Prime;][vc_empty_space][vc_column_text]<\/p>\n<h2>Contr\u00f4le de qualit\u00e9<\/h2>\n<p>L&rsquo;impression de papier pour le d\u00e9pistage des nouveau-n\u00e9s est une \u00e9tape de production tr\u00e8s critique qui est strictement d\u00e9finie dans la norme CLSI. Les technologies d&rsquo;impression inappropri\u00e9es peuvent avoir un impact n\u00e9gatif sur les caract\u00e9ristiques du papier, ce qui entra\u00eene de faux r\u00e9sultats de test. Le papier des dispositifs de collecte d&rsquo;\u00e9chantillons 903 est imprim\u00e9 et fourni sous la forme d&rsquo;un paquet contr\u00f4l\u00e9 qui comprend des informations d\u00e9mographiques d\u00e9taill\u00e9es sur le nouveau-n\u00e9.<\/p>\n<p>Notre \u00e9quipe de contr\u00f4le de la qualit\u00e9 teste syst\u00e9matiquement un certain nombre de cartes de chaque travail imprim\u00e9 pour \u00e9valuer le temps d&rsquo;absorption du sang et la taille du cercle. Ce n&rsquo;est que si tous les r\u00e9sultats des tests sont conformes aux param\u00e8tres convenus que la production de la carte peut \u00eatre diffus\u00e9e et envoy\u00e9e au client.[\/vc_column_text][\/vc_column][\/vc_row][vc_row][vc_column width=\u00a0\u00bb2\/3&Prime;][vc_empty_space][vc_column_text]<\/p>\n<h2>Transport et stockage<\/h2>\n<p>903 Dispositif (s) de collecte d&rsquo;\u00e9chantillons Les cartes Neonatal Blood Collection fournissent une m\u00e9thode s\u00fbre et efficace pour faciliter la collecte, l&rsquo;identification et le transport des \u00e9chantillons.<\/p>\n<p>Les donn\u00e9es sur les nouveau-n\u00e9s sont document\u00e9es sur la partie d\u00e9mographique du formulaire, qui est rattach\u00e9e \u00e0 la zone d&rsquo;\u00e9chantillonnage Whatman 903. Cette conception de produit r\u00e9duit la probabilit\u00e9 d&rsquo;une mauvaise identification de l&rsquo;\u00e9chantillon.<\/p>\n<p>Le transport des \u00e9chantillons de nouveau-n\u00e9s pr\u00e9lev\u00e9s et s\u00e9ch\u00e9s sur 903 cartes peut \u00eatre exp\u00e9di\u00e9 en toute s\u00e9curit\u00e9 dans un emballage non sp\u00e9cialis\u00e9 pour l&rsquo;exp\u00e9dition vers un laboratoire central pour traitement. Cela \u00e9limine de mani\u00e8re significative les co\u00fbts \u00e9lev\u00e9s de la livraison au lendemain sur la glace carbonique. Le transport a\u00e9rien n&rsquo;est \u00e9galement pas pr\u00e9occupant car les \u00e9chantillons de sang s\u00e9ch\u00e9 li\u00e9s au papier sont class\u00e9s dans la cat\u00e9gorie de risque le plus bas par l&rsquo;Association internationale du transport a\u00e9rien (IATA).<\/p>\n<p>Les \u00e9chantillons de sang s\u00e9ch\u00e9s sur 903 cartes de dispositifs de collecte d&rsquo;\u00e9chantillons pour l&rsquo;analyse des prot\u00e9ines doivent \u00eatre stock\u00e9s \u00e0 -20 \u00b0 C dans un sac scell\u00e9 avec une poche de dessiccateur pour \u00e9liminer la possibilit\u00e9 de d\u00e9gradation pendant de longues p\u00e9riodes de temps (CLSI LA4-A5).[\/vc_column_text][\/vc_column][vc_column width=\u00a0\u00bb1\/3&Prime;][vc_single_image image=\u00a0\u00bb139&Prime; img_size=\u00a0\u00bbfull\u00a0\u00bb alignment=\u00a0\u00bbcenter\u00a0\u00bb][\/vc_column][\/vc_row]<\/p>\n","protected":false},"excerpt":{"rendered":"<p>[vc_row][vc_column width=\u00a0\u00bb1\/3&Prime;][vc_single_image image=\u00a0\u00bb138&Prime; img_size=\u00a0\u00bbfull\u00a0\u00bb alignment=\u00a0\u00bbcenter\u00a0\u00bb][\/vc_column][vc_column width=\u00a0\u00bb2\/3&Prime;][vc_empty_space][vc_column_text] Contr\u00f4le de qualit\u00e9 L&rsquo;impression de papier pour le d\u00e9pistage des nouveau-n\u00e9s est une \u00e9tape de production tr\u00e8s critique qui est strictement d\u00e9finie dans la norme CLSI. Les technologies d&rsquo;impression inappropri\u00e9es peuvent avoir un impact n\u00e9gatif sur les caract\u00e9ristiques du papier, ce qui entra\u00eene de faux r\u00e9sultats de test. Le papier des dispositifs de collecte [&hellip;]<\/p>\n","protected":false},"author":32,"featured_media":0,"parent":0,"menu_order":0,"comment_status":"closed","ping_status":"closed","template":"page-templates\/full-width.php","meta":{"footnotes":""},"class_list":["post-554","page","type-page","status-publish","hentry"],"_links":{"self":[{"href":"https:\/\/ebf-inc.com\/fr\/wp-json\/wp\/v2\/pages\/554","targetHints":{"allow":["GET"]}}],"collection":[{"href":"https:\/\/ebf-inc.com\/fr\/wp-json\/wp\/v2\/pages"}],"about":[{"href":"https:\/\/ebf-inc.com\/fr\/wp-json\/wp\/v2\/types\/page"}],"author":[{"embeddable":true,"href":"https:\/\/ebf-inc.com\/fr\/wp-json\/wp\/v2\/users\/32"}],"replies":[{"embeddable":true,"href":"https:\/\/ebf-inc.com\/fr\/wp-json\/wp\/v2\/comments?post=554"}],"version-history":[{"count":2,"href":"https:\/\/ebf-inc.com\/fr\/wp-json\/wp\/v2\/pages\/554\/revisions"}],"predecessor-version":[{"id":556,"href":"https:\/\/ebf-inc.com\/fr\/wp-json\/wp\/v2\/pages\/554\/revisions\/556"}],"wp:attachment":[{"href":"https:\/\/ebf-inc.com\/fr\/wp-json\/wp\/v2\/media?parent=554"}],"curies":[{"name":"wp","href":"https:\/\/api.w.org\/{rel}","templated":true}]}}