{"id":548,"date":"2017-08-18T22:07:34","date_gmt":"2017-08-18T22:07:34","guid":{"rendered":"https:\/\/ebf-inc.com\/qa\/"},"modified":"2017-08-18T22:07:34","modified_gmt":"2017-08-18T22:07:34","slug":"qa","status":"publish","type":"page","link":"https:\/\/ebf-inc.com\/fr\/qa\/","title":{"rendered":"Q&#038;A"},"content":{"rendered":"<p>Comment fonctionne 903?<br \/>\nLes biomol\u00e9cules sont li\u00e9es \u00e0 la matrice de fibre de cellulose<\/p>\n<p>Combien de temps les \u00e9chantillons peuvent-ils \u00eatre stock\u00e9s sur 903 cartes papier?<br \/>\nENTREPOSAGE \u00c0 la temp\u00e9rature ambiante &#8211; cartes DBS Protein saver 903 qui seront exp\u00e9di\u00e9es dans les 4 semaines.<br \/>\nENTREPOSAGE \u00c0 4-20 \u00b0 C ou -70 \u00b0 C &#8211; Cartes DBS Protein saver 903 qui sont utilis\u00e9es pour l&rsquo;ADN, l&rsquo;ARN, le PK, le G\u00e9notypage, etc. et qui seront exp\u00e9di\u00e9es> 4 semaines mais moins de 4 mois<\/p>\n<p>Quels types d&rsquo;\u00e9chantillons puis-je pr\u00e9senter sur 903 cartes papier?<br \/>\nRecommand\u00e9 pour les analyses de DBS, collecte d&rsquo;\u00e9chantillons de sang pour les applications diagnostiques<\/p>\n<p>Comment puis-je stocker les cartes 903 inutilis\u00e9es?<br \/>\nLa recommandation pour le stockage de cartes 903 est inf\u00e9rieure \u00e0 25 \u00b0 C et 60% HR, prot\u00e9g\u00e9 contre les rayons directs du soleil<\/p>\n<p>Quelle est la dur\u00e9e de conservation d&rsquo;une carte 903 inutilis\u00e9e?<br \/>\nLa dur\u00e9e de conservation d&rsquo;une carte 903 inutilis\u00e9e est de trois ans.<\/p>\n<p>Est-il s\u00e9curis\u00e9 de poster des cartes 903 avec un \u00e9chantillon qui leur est appliqu\u00e9?<br \/>\nA. Recommand\u00e9: Les \u00e9chantillons doivent \u00eatre transport\u00e9s ou envoy\u00e9s au laboratoire dans les 24 heures suivant la collecte des \u00e9chantillons et la documentation de suivi appropri\u00e9e est maintenue, conform\u00e9ment aux r\u00e9glementations locales et selon vos proc\u00e9dures et politiques locales.<br \/>\nB. En principe: l&rsquo;exp\u00e9dition des cartes DBS Protein saver 903 stock\u00e9es \u00e0 temp\u00e9rature ambiante doit se produire dans les 4 semaines. Alternativement, les cartes doivent \u00eatre plac\u00e9es dans un r\u00e9frig\u00e9rateur ou un cong\u00e9lateur selon les instructions sp\u00e9cifiques au protocole.<br \/>\nSelon les directives de l&rsquo;Organisation mondiale de la sant\u00e9 sur la r\u00e9glementation du transport des substances infectieuses 2011-2012:<br \/>\nPour envoyer des sp\u00e9cimens DBS, vous devez utiliser le syst\u00e8me de base triple d&#8217;emballage.<br \/>\n1. Le conteneur principal est la matrice de papier filtre qui contient le sang absorb\u00e9 et s\u00e9ch\u00e9.<br \/>\n2. Un conteneur secondaire doit inclure le contenant primaire (papier filtre). Le r\u00e9cipient secondaire doit comporter un volet repliable ou une enveloppe int\u00e9rieure pour s\u00e9curiser le contenu.<br \/>\n3. Le troisi\u00e8me niveau de confinement est une enveloppe ext\u00e9rieure de papier robuste et de haute qualit\u00e9. Ces niveaux de confinement offrent une s\u00e9curit\u00e9 raisonnable \u00e0 cause de l&rsquo;exposition professionnelle et maintiennent l&rsquo;int\u00e9grit\u00e9 optimale de l&rsquo;\u00e9chantillon.<br \/>\nConseils suppl\u00e9mentaires: Suivez toujours les r\u00e8glements locaux sur les postes, les courriers et autres transports. Si la r\u00e9glementation locale exige une enceinte dans des r\u00e9cipients scell\u00e9s herm\u00e9tiques et \u00e9tanches (sacs en plastique ou en aluminium) pour le transport, vous devez inclure un nombre suffisant de paquets dess\u00e9chant pour s&rsquo;assurer que les sp\u00e9cimens ne sont expos\u00e9s que de mani\u00e8re minimale \u00e0 l&rsquo;humidit\u00e9 excessive.<\/p>\n<p>Quel Puncher peut \u00eatre utilis\u00e9 avec du papier 903?<br \/>\nLes mod\u00e8les peuvent \u00eatre ajust\u00e9s pour s&rsquo;adapter aux perforateurs les plus utilis\u00e9s<\/p>\n<p>Que se passe-t-il si 903 cartes sont mouill\u00e9es, avant ou apr\u00e8s le stockage?<br \/>\nSi la carte 903 est mouill\u00e9e avant l&rsquo;application de l&rsquo;\u00e9chantillon, jeter la carte inutilis\u00e9e et mouill\u00e9e, car une partie de l&rsquo;\u00e9chantillon peut avoir \u00e9t\u00e9 lav\u00e9.<br \/>\nSi le produit se mouille apr\u00e8s l&rsquo;application de l&rsquo;\u00e9chantillon, prenez un poin\u00e7on de l&rsquo;\u00e9chantillon pour r\u00e9cup\u00e9rer l&rsquo;ADN et proc\u00e9dez le plus t\u00f4t possible. Le liquide peut avoir compromis l&rsquo;\u00e9chantillon, la d\u00e9gradation des biomol\u00e9cules pourrait avoir eu lieu, c&rsquo;est pourquoi il est important de r\u00e9cup\u00e9rer l&rsquo;\u00e9chantillon imm\u00e9diatement<\/p>\n<p>Comment puis-je appliquer le sang ou d&rsquo;autres \u00e9chantillons liquides sur 903 cartes?<br \/>\nIl existe diff\u00e9rents protocoles disponibles, veuillez \u00e9galement consulter la brochure IFU concern\u00e9e.<\/p>\n<p>Puis-je r\u00e9appliquez l&rsquo;\u00e9chantillon sur la carte apr\u00e8s la s\u00e9chage de l&rsquo;endroit pour obtenir plus d&rsquo;\u00e9chantillons sur les cartes 903?<br \/>\nNon<\/p>\n<p>Des formats personnalis\u00e9s peuvent-ils \u00eatre cr\u00e9\u00e9s?<br \/>\nOui. Notre \u00e9quipe de conception peut travailler avec vous pour produire un p\u00e9riph\u00e9rique adapt\u00e9 \u00e0 vos besoins.<\/p>\n<p>Pouvez-vous appliquer du sang pr\u00e9c\u00e9demment congel\u00e9 \u00e0 903 cartes pour purifier l&rsquo;\u00e9chantillon?<br \/>\nOui, un coup de poing plus grand peut \u00eatre n\u00e9cessaire, car certaines des cellules peuvent avoir \u00e9t\u00e9 lys\u00e9es lors de la cong\u00e9lation<\/p>\n<p>Combien de coups de poing puis-je obtenir d&rsquo;un cercle de pr\u00e9l\u00e8vement de 903?<br \/>\nD\u00e9pend du diam\u00e8tre du poin\u00e7on et de la taille du cercle (la taille minimale du cercle est recommand\u00e9e avec 10 mm)<\/p>\n<p>Puis-je \u00e9luer l&rsquo;ADN de la carte 903?<br \/>\nEn principe oui, avec l&rsquo;aide du traitement par la prot\u00e9inase K et une extraction au ph\u00e9nol \/ chloroforme \/ alcool isoamylique (25: 24: 1) (note d&rsquo;application disponible).<\/p>\n<p>Qu&rsquo;entendez-vous par humidit\u00e9 excessive pendant le stockage? Qu&rsquo;en est-il de l&rsquo;humidit\u00e9 lors de l&rsquo;exp\u00e9dition du produit tachet\u00e9 et \/ ou sans taches?<br \/>\nL&rsquo;humidit\u00e9 peut compromettre l&rsquo;\u00e9chantillon, la d\u00e9gradation de la biomol\u00e9cule pourrait se produire, nous recommandons d&rsquo;utiliser un sac scell\u00e9 contenant un sac dessicant.<\/p>\n<p>Combien de sang tient chaque carte?<br \/>\nCela d\u00e9pend du nombre de cercles par carte. Chaque zone d&rsquo;\u00e9chantillon de cercle d\u00e9tient 75 \u00e0 80 \u03bcl d&rsquo;\u00e9chantillon, max 400\u03bcl pour cartes avec 5 zones d&rsquo;\u00e9chantillonnage<\/p>\n<p>Quelle certification est disponible?<br \/>\nLe certificat d&rsquo;analyse est disponible pour le papier 903 utilis\u00e9 pour chaque travail. Normalement, nous ne fournissons pas de certificat d&rsquo;analyse sp\u00e9cifique au travail.<br \/>\nLes certificats de pays d&rsquo;origine sont fournis pour les documents d&rsquo;exportation comme un document obligatoire.<\/p>\n<p>Les FS sont-ils disponibles?<br \/>\nAucune fiche de s\u00e9curit\u00e9 des donn\u00e9es mat\u00e9rielles n&rsquo;est disponible car aucun produit chimique n&rsquo;est utilis\u00e9 pour ce produit<\/p>\n<p>Quels types de codes \u00e0 barres pouvez-vous imprimer?<br \/>\nEBF peut imprimer la plupart des codes \u00e0 barres qui sont utilis\u00e9s dans l&rsquo;industrie. En utilisant des imprimantes laser haute vitesse, EBF peut personnaliser n&rsquo;importe quelle taille de code \u00e0 barres et peut \u00e9galement imprimer des codes-barres 2-D.<\/p>\n<p>Pouvez-vous imprimer des codes-barres sur du papier filtre 903?<br \/>\nEn raison de la nature du papier filtre 903 et de l&rsquo;obsession \u00e9lev\u00e9e, EBF ne recommande pas d&rsquo;imprimer directement sur le papier 903 des \u00e9l\u00e9ments finement imprim\u00e9s tels que des codes-barres.<\/p>\n<p>Quelle est votre livraison typique?<br \/>\nLa complexit\u00e9 de la carte et du volume peut affecter la livraison, mais la majorit\u00e9 des commandes peuvent \u00eatre trait\u00e9es et exp\u00e9di\u00e9es 6-8 semaines apr\u00e8s la r\u00e9ception de la commande et l&rsquo;approbation de la copie du client.<\/p>\n<p>Pouvez-vous produire des formulaires en plusieurs parties?<br \/>\nOui, EBF peut fabriquer n&rsquo;importe quoi, d&rsquo;une simple carte 903 \u00e0 des formulaires en plusieurs parties avec un code \u00e0 barres et \/ ou une num\u00e9rotation. Avec plus de 50 ans d&rsquo;exp\u00e9rience, notre \u00e9quipe est \u00e9galement en mesure d&rsquo;offrir des suggestions de conception pour r\u00e9pondre aux besoins des clients.<\/p>\n","protected":false},"excerpt":{"rendered":"<p>Comment fonctionne 903? Les biomol\u00e9cules sont li\u00e9es \u00e0 la matrice de fibre de cellulose Combien de temps les \u00e9chantillons peuvent-ils \u00eatre stock\u00e9s sur 903 cartes papier? ENTREPOSAGE \u00c0 la temp\u00e9rature ambiante &#8211; cartes DBS Protein saver 903 qui seront exp\u00e9di\u00e9es dans les 4 semaines. ENTREPOSAGE \u00c0 4-20 \u00b0 C ou -70 \u00b0 C &#8211; Cartes DBS Protein saver 903 qui [&hellip;]<\/p>\n","protected":false},"author":32,"featured_media":0,"parent":0,"menu_order":0,"comment_status":"closed","ping_status":"closed","template":"","meta":{"footnotes":""},"class_list":["post-548","page","type-page","status-publish","hentry"],"_links":{"self":[{"href":"https:\/\/ebf-inc.com\/fr\/wp-json\/wp\/v2\/pages\/548","targetHints":{"allow":["GET"]}}],"collection":[{"href":"https:\/\/ebf-inc.com\/fr\/wp-json\/wp\/v2\/pages"}],"about":[{"href":"https:\/\/ebf-inc.com\/fr\/wp-json\/wp\/v2\/types\/page"}],"author":[{"embeddable":true,"href":"https:\/\/ebf-inc.com\/fr\/wp-json\/wp\/v2\/users\/32"}],"replies":[{"embeddable":true,"href":"https:\/\/ebf-inc.com\/fr\/wp-json\/wp\/v2\/comments?post=548"}],"version-history":[{"count":0,"href":"https:\/\/ebf-inc.com\/fr\/wp-json\/wp\/v2\/pages\/548\/revisions"}],"wp:attachment":[{"href":"https:\/\/ebf-inc.com\/fr\/wp-json\/wp\/v2\/media?parent=548"}],"curies":[{"name":"wp","href":"https:\/\/api.w.org\/{rel}","templated":true}]}}