{"id":358,"date":"2017-07-13T13:22:34","date_gmt":"2017-07-13T13:22:34","guid":{"rendered":"https:\/\/ebf-inc.com\/product\/neonatal-std-eu-ingles-tarjeta\/"},"modified":"2017-07-13T13:22:34","modified_gmt":"2017-07-13T13:22:34","slug":"neonatal-std-eu-ingles-tarjeta","status":"publish","type":"product","link":"https:\/\/ebf-inc.com\/es\/producto\/neonatal-std-eu-ingles-tarjeta\/","title":{"rendered":"Neonatal STD EU Ingl\u00e9s Tarjeta"},"content":{"rendered":"<p>La tarjeta Neonatal STD EU English contiene una secci\u00f3n demogr\u00e1fica donde se puede ingresar informaci\u00f3n sobre el reci\u00e9n nacido, los padres, el m\u00e9dico y los detalles del laboratorio. La tarjeta tiene un n\u00famero secuencial \u00fanico en la tarjeta y el \u00e1rea del filtro. El papel de colecci\u00f3n 903 contiene cuatro c\u00edrculos de media pulgada (13 mm) con una cubierta envolvente para proteger el 903 antes y despu\u00e9s de la recolecci\u00f3n de sangre. Cada c\u00edrculo contiene 75-80 \u03bcl de sangre.<\/p>\n<p><strong>100 \/ paquete<\/strong><\/p>\n<p><em>Producto #10538069<\/em><\/p>\n","protected":false},"excerpt":{"rendered":"<p>La tarjeta Neonatal STD EU English contiene una secci\u00f3n demogr\u00e1fica donde se puede ingresar informaci\u00f3n sobre el reci\u00e9n nacido, los padres, el m\u00e9dico y los detalles del laboratorio. La tarjeta tiene un n\u00famero secuencial \u00fanico en la tarjeta y el \u00e1rea del filtro. El papel de colecci\u00f3n 903 contiene cuatro c\u00edrculos de media pulgada (13 mm) con una cubierta envolvente para proteger el 903 antes y despu\u00e9s de la recolecci\u00f3n de sangre. Cada c\u00edrculo contiene 75-80 \u03bcl de sangre.<\/p>\n<p><strong>100 \/ paquete<\/strong><\/p>\n<p><em>Producto #10538069<\/em><\/p>\n","protected":false},"featured_media":0,"template":"","meta":[],"product_brand":[],"product_cat":[39],"product_tag":[],"class_list":{"0":"post-358","1":"product","2":"type-product","3":"status-publish","5":"product_cat-uncategorized-es","7":"first","8":"instock","9":"shipping-taxable","10":"purchasable","11":"product-type-simple"},"_links":{"self":[{"href":"https:\/\/ebf-inc.com\/es\/wp-json\/wp\/v2\/product\/358","targetHints":{"allow":["GET"]}}],"collection":[{"href":"https:\/\/ebf-inc.com\/es\/wp-json\/wp\/v2\/product"}],"about":[{"href":"https:\/\/ebf-inc.com\/es\/wp-json\/wp\/v2\/types\/product"}],"wp:attachment":[{"href":"https:\/\/ebf-inc.com\/es\/wp-json\/wp\/v2\/media?parent=358"}],"wp:term":[{"taxonomy":"product_brand","embeddable":true,"href":"https:\/\/ebf-inc.com\/es\/wp-json\/wp\/v2\/product_brand?post=358"},{"taxonomy":"product_cat","embeddable":true,"href":"https:\/\/ebf-inc.com\/es\/wp-json\/wp\/v2\/product_cat?post=358"},{"taxonomy":"product_tag","embeddable":true,"href":"https:\/\/ebf-inc.com\/es\/wp-json\/wp\/v2\/product_tag?post=358"}],"curies":[{"name":"wp","href":"https:\/\/api.w.org\/{rel}","templated":true}]}}