{"id":356,"date":"2017-07-14T13:21:31","date_gmt":"2017-07-14T13:21:31","guid":{"rendered":"https:\/\/ebf-inc.com\/product\/tarjeta-multipart-generica\/"},"modified":"2017-07-14T13:21:31","modified_gmt":"2017-07-14T13:21:31","slug":"tarjeta-multipart-generica","status":"publish","type":"product","link":"https:\/\/ebf-inc.com\/es\/producto\/tarjeta-multipart-generica\/","title":{"rendered":"Tarjeta Multipart gen\u00e9rica"},"content":{"rendered":"<p>903 Tarjeta Neonatal de M\u00faltiples Partes La tarjeta neonatal de m\u00faltiples partes incluye una porci\u00f3n demogr\u00e1fica en duplicado donde se puede ingresar informaci\u00f3n sobre el reci\u00e9n nacido, los padres, el m\u00e9dico y el cuidado. Cada tarjeta tiene un n\u00famero secuencial \u00fanico y un c\u00f3digo de barras. El papel de colecci\u00f3n multipunto 903 est\u00e1 impreso con cinco c\u00edrculos de media pulgada (13 mm) y tiene una cubierta envolvente para proteger el papel 903 antes y despu\u00e9s de la recolecci\u00f3n de la muestra. Cada c\u00edrculo contiene 75-80 \u03bcl de sangre.<\/p>\n<p><strong>100 \/ Paquete<\/strong><\/p>\n<p><em>Producto #10537279<\/em><\/p>\n","protected":false},"excerpt":{"rendered":"<p>903 Tarjeta Neonatal de M\u00faltiples Partes La tarjeta neonatal de m\u00faltiples partes incluye una porci\u00f3n demogr\u00e1fica en duplicado donde se puede ingresar informaci\u00f3n sobre el reci\u00e9n nacido, los padres, el m\u00e9dico y el cuidado. Cada tarjeta tiene un n\u00famero secuencial \u00fanico y un c\u00f3digo de barras. El papel de colecci\u00f3n multipunto 903 est\u00e1 impreso con cinco c\u00edrculos de media pulgada (13 mm) y tiene una cubierta envolvente para proteger el papel 903 antes y despu\u00e9s de la recolecci\u00f3n de la muestra. Cada c\u00edrculo contiene 75-80 \u03bcl de sangre.<\/p>\n<p><strong>100 \/ Paquete<\/strong><\/p>\n<p><em>Producto #10537279<\/em><\/p>\n","protected":false},"featured_media":357,"template":"","meta":[],"product_brand":[],"product_cat":[39],"product_tag":[],"class_list":{"0":"post-356","1":"product","2":"type-product","3":"status-publish","4":"has-post-thumbnail","6":"product_cat-uncategorized-es","8":"first","9":"instock","10":"shipping-taxable","11":"purchasable","12":"product-type-simple"},"_links":{"self":[{"href":"https:\/\/ebf-inc.com\/es\/wp-json\/wp\/v2\/product\/356","targetHints":{"allow":["GET"]}}],"collection":[{"href":"https:\/\/ebf-inc.com\/es\/wp-json\/wp\/v2\/product"}],"about":[{"href":"https:\/\/ebf-inc.com\/es\/wp-json\/wp\/v2\/types\/product"}],"wp:featuredmedia":[{"embeddable":true,"href":"https:\/\/ebf-inc.com\/es\/wp-json\/wp\/v2\/media\/357"}],"wp:attachment":[{"href":"https:\/\/ebf-inc.com\/es\/wp-json\/wp\/v2\/media?parent=356"}],"wp:term":[{"taxonomy":"product_brand","embeddable":true,"href":"https:\/\/ebf-inc.com\/es\/wp-json\/wp\/v2\/product_brand?post=356"},{"taxonomy":"product_cat","embeddable":true,"href":"https:\/\/ebf-inc.com\/es\/wp-json\/wp\/v2\/product_cat?post=356"},{"taxonomy":"product_tag","embeddable":true,"href":"https:\/\/ebf-inc.com\/es\/wp-json\/wp\/v2\/product_tag?post=356"}],"curies":[{"name":"wp","href":"https:\/\/api.w.org\/{rel}","templated":true}]}}