{"id":352,"date":"2017-07-18T11:47:33","date_gmt":"2017-07-18T11:47:33","guid":{"rendered":"https:\/\/ebf-inc.com\/product\/903-tarjeta-de-sangre-de-cinco-puntos-eu\/"},"modified":"2017-07-18T11:47:33","modified_gmt":"2017-07-18T11:47:33","slug":"903-tarjeta-de-sangre-de-cinco-puntos-eu","status":"publish","type":"product","link":"https:\/\/ebf-inc.com\/es\/producto\/903-tarjeta-de-sangre-de-cinco-puntos-eu\/","title":{"rendered":"903 Tarjeta de sangre de cinco puntos (EU)"},"content":{"rendered":"<p>El \u00e1rea de recolecci\u00f3n de muestras de la tarjeta Protein Saver 903 contiene cinco c\u00edrculos de media pulgada (13 mm). Cada c\u00edrculo contiene 75-80 \u03bcl de muestra. La cubierta envolvente tiene espacios para el nombre y la fecha de la colecci\u00f3n y est\u00e1 impreso con el s\u00edmbolo universal de riesgo biol\u00f3gico de acuerdo con las regulaciones de USPS. Se adapta a las bolsas de Ziploc\u00ae de la l\u00e1mina de aluminio de EBF para el almacenamiento.<\/p>\n<p><strong>100 \/ Paquete<\/strong><\/p>\n<p><em>Producto #10550022<\/em><\/p>\n","protected":false},"excerpt":{"rendered":"<p>El \u00e1rea de recolecci\u00f3n de muestras de la tarjeta Protein Saver 903 contiene cinco c\u00edrculos de media pulgada (13 mm). Cada c\u00edrculo contiene 75-80 \u03bcl de muestra. La cubierta envolvente tiene espacios para el nombre y la fecha de la colecci\u00f3n y est\u00e1 impreso con el s\u00edmbolo universal de riesgo biol\u00f3gico de acuerdo con las regulaciones de USPS. Se adapta a las bolsas de Ziploc\u00ae de la l\u00e1mina de aluminio de EBF para el almacenamiento.<\/p>\n<p><strong>100 \/ Paquete<\/strong><\/p>\n<p><em>Producto #10550022<\/em><\/p>\n","protected":false},"featured_media":353,"template":"","meta":[],"product_brand":[],"product_cat":[39],"product_tag":[],"class_list":{"0":"post-352","1":"product","2":"type-product","3":"status-publish","4":"has-post-thumbnail","6":"product_cat-uncategorized-es","8":"first","9":"instock","10":"shipping-taxable","11":"purchasable","12":"product-type-simple"},"_links":{"self":[{"href":"https:\/\/ebf-inc.com\/es\/wp-json\/wp\/v2\/product\/352","targetHints":{"allow":["GET"]}}],"collection":[{"href":"https:\/\/ebf-inc.com\/es\/wp-json\/wp\/v2\/product"}],"about":[{"href":"https:\/\/ebf-inc.com\/es\/wp-json\/wp\/v2\/types\/product"}],"wp:featuredmedia":[{"embeddable":true,"href":"https:\/\/ebf-inc.com\/es\/wp-json\/wp\/v2\/media\/353"}],"wp:attachment":[{"href":"https:\/\/ebf-inc.com\/es\/wp-json\/wp\/v2\/media?parent=352"}],"wp:term":[{"taxonomy":"product_brand","embeddable":true,"href":"https:\/\/ebf-inc.com\/es\/wp-json\/wp\/v2\/product_brand?post=352"},{"taxonomy":"product_cat","embeddable":true,"href":"https:\/\/ebf-inc.com\/es\/wp-json\/wp\/v2\/product_cat?post=352"},{"taxonomy":"product_tag","embeddable":true,"href":"https:\/\/ebf-inc.com\/es\/wp-json\/wp\/v2\/product_tag?post=352"}],"curies":[{"name":"wp","href":"https:\/\/api.w.org\/{rel}","templated":true}]}}