{"id":350,"date":"2017-07-16T11:53:11","date_gmt":"2017-07-16T11:53:11","guid":{"rendered":"https:\/\/ebf-inc.com\/product\/903-tarjeta-de-sangre-de-cinco-puntos-eu\/"},"modified":"2017-08-16T17:37:26","modified_gmt":"2017-08-16T17:37:26","slug":"903-tarjeta-de-sangre-de-cinco-puntos-us","status":"publish","type":"product","link":"https:\/\/ebf-inc.com\/es\/producto\/903-tarjeta-de-sangre-de-cinco-puntos-us\/","title":{"rendered":"903 Tarjeta de sangre de cinco puntos (US)"},"content":{"rendered":"<p>El \u00e1rea de recolecci\u00f3n de muestras de la tarjeta Protein Saver 903 contiene cinco c\u00edrculos de media pulgada (13 mm). Cada c\u00edrculo contiene 75-80 \u03bcl de muestra. La cubierta envolvente tiene espacios para el nombre y la fecha de la colecci\u00f3n y est\u00e1 impreso con el s\u00edmbolo universal de riesgo biol\u00f3gico de acuerdo con las regulaciones de USPS. Se adapta a las bolsas de Ziploc\u00ae de la l\u00e1mina de aluminio de EBF para el almacenamiento.<\/p>\n<p><strong>100 \/ Paquete<\/strong><\/p>\n<p><em>Producto #10550021<\/em><\/p>\n","protected":false},"excerpt":{"rendered":"<p>El \u00e1rea de recolecci\u00f3n de muestras de la tarjeta Protein Saver 903 contiene cinco c\u00edrculos de media pulgada (13 mm). Cada c\u00edrculo contiene 75-80 \u03bcl de muestra. La cubierta envolvente tiene espacios para el nombre y la fecha de la colecci\u00f3n y est\u00e1 impreso con el s\u00edmbolo universal de riesgo biol\u00f3gico de acuerdo con las regulaciones de USPS. Se adapta a las bolsas de Ziploc\u00ae de la l\u00e1mina de aluminio de EBF para el almacenamiento.<\/p>\n<p><strong>100 \/ Paquete<\/strong><\/p>\n<p><em>Producto #10550021<\/em><\/p>\n","protected":false},"featured_media":351,"template":"","meta":[],"product_brand":[],"product_cat":[39],"product_tag":[],"class_list":{"0":"post-350","1":"product","2":"type-product","3":"status-publish","4":"has-post-thumbnail","6":"product_cat-uncategorized-es","8":"first","9":"instock","10":"shipping-taxable","11":"purchasable","12":"product-type-simple"},"_links":{"self":[{"href":"https:\/\/ebf-inc.com\/es\/wp-json\/wp\/v2\/product\/350","targetHints":{"allow":["GET"]}}],"collection":[{"href":"https:\/\/ebf-inc.com\/es\/wp-json\/wp\/v2\/product"}],"about":[{"href":"https:\/\/ebf-inc.com\/es\/wp-json\/wp\/v2\/types\/product"}],"wp:featuredmedia":[{"embeddable":true,"href":"https:\/\/ebf-inc.com\/es\/wp-json\/wp\/v2\/media\/351"}],"wp:attachment":[{"href":"https:\/\/ebf-inc.com\/es\/wp-json\/wp\/v2\/media?parent=350"}],"wp:term":[{"taxonomy":"product_brand","embeddable":true,"href":"https:\/\/ebf-inc.com\/es\/wp-json\/wp\/v2\/product_brand?post=350"},{"taxonomy":"product_cat","embeddable":true,"href":"https:\/\/ebf-inc.com\/es\/wp-json\/wp\/v2\/product_cat?post=350"},{"taxonomy":"product_tag","embeddable":true,"href":"https:\/\/ebf-inc.com\/es\/wp-json\/wp\/v2\/product_tag?post=350"}],"curies":[{"name":"wp","href":"https:\/\/api.w.org\/{rel}","templated":true}]}}