{"id":397,"date":"2017-08-16T18:05:32","date_gmt":"2017-08-16T18:05:32","guid":{"rendered":"https:\/\/ebf-inc.com\/productos\/"},"modified":"2017-08-19T00:46:01","modified_gmt":"2017-08-19T00:46:01","slug":"productos","status":"publish","type":"page","link":"https:\/\/ebf-inc.com\/es\/productos\/","title":{"rendered":"Productos"},"content":{"rendered":"<p>[vc_row][vc_column width=\u00bb1\/2&#8243;][vc_empty_space height=\u00bb62px\u00bb][vc_column_text]<\/p>\n<h3>903 Los dispositivos de recolecci\u00f3n de puntos de sangre seca est\u00e1n dise\u00f1ados para la recolecci\u00f3n de sangre neonatal.<\/h3>\n<p>Las tarjetas preimpresas incluyen un formulario para llenar la informaci\u00f3n demogr\u00e1fica sobre el reci\u00e9n nacido. Elija entre una gama de formatos preimpresos o elija la impresi\u00f3n personalizada para aplicaciones espec\u00edficas.<\/p>\n<p>Las tarjetas de punto de sangre seca est\u00e1n listas para usar y proporcionan f\u00e1cil recolecci\u00f3n, identificaci\u00f3n y transporte de muestras, sin la necesidad de congeladores costosos o entrega en hielo seco.[\/vc_column_text][vc_column_text]<\/p>\n<ul>\n<li><strong><a href=\"#twopart\" rel=\"m_PageScroll2id\">903 Tarjetas de dos partes<\/a><\/strong><\/li>\n<li><strong><a href=\"#multipart\" rel=\"m_PageScroll2id\">903 Tarjetas Multipartida<\/a><\/strong><\/li>\n<li><strong><a href=\"#cassette\" rel=\"m_PageScroll2id\">903 Cassette Tarjetas<\/a><\/strong><\/li>\n<\/ul>\n<p>[\/vc_column_text]<a class=\"btn no-border-radius btn-default\" href=\"https:\/\/ebf-inc.com\/contact\/?lang=es\">Contacto<\/a><a class=\"btn no-border-radius btn-primary\" href=\"https:\/\/ebf-inc.com\/shop\/?lang=es\">Ordenar ahora<\/a>[\/vc_column][vc_column width=\u00bb1\/2&#8243;][vc_single_image image=\u00bb144&#8243; img_size=\u00bbfull\u00bb alignment=\u00bbcenter\u00bb][\/vc_column][\/vc_row][vc_row text_align=\u00bbcenter\u00bb text_color=\u00bb#ffffff\u00bb type=\u00bbimage\u00bb bg_position=\u00bbcenter\u00bb bg_position_horizontal=\u00bbcenter\u00bb enable_parallax=\u00bbfalse\u00bb parallax_speed=\u00bb0.05&#8243; padding_top=\u00bb30&#8243; padding_bottom=\u00bb30&#8243; bg_image=\u00bb151&#8243;][vc_column][vc_column_text]<\/p>\n<h3>Las tarjetas y kits de puntos de sangre seca listos para usar ahorran tiempo y costos<br \/>\nDurante la recolecci\u00f3n, transporte y archivo neonatal.<\/h3>\n<p>[\/vc_column_text][\/vc_column][\/vc_row][vc_row el_id=\u00bbtwopart\u00bb][vc_column width=\u00bb1\/2&#8243; css=\u00bb.vc_custom_1501086552886{padding: 10% !important;}\u00bb][vc_images_carousel images=\u00bb153,154,155,156,157&#8243; img_size=\u00bbfull\u00bb speed=\u00bb3500&#8243; autoplay=\u00bbyes\u00bb min_items=\u00bb1&#8243; max_items=\u00bb1&#8243;][\/vc_column][vc_column width=\u00bb1\/2&#8243;][vc_empty_space height=\u00bb62px\u00bb][vc_column_text]<\/p>\n<h2>903 TARJETA DE DOS PARTES<\/h2>\n<p>Escribir directamente sobre el papel 903 no es factible ya que absorbe la tinta de la pluma y las palabras pueden parecer ilegibles. Tambi\u00e9n aumenta el riesgo de contaminaci\u00f3n de la muestra. La tarjeta de dos partes consiste en el \u00e1rea de muestra 903 pegada a una tarjeta demogr\u00e1fica disponible en negro o OCR (reconocimiento \u00f3ptico de caracteres) en rojo.<\/p>\n<p>La tarjeta de dos partes tambi\u00e9n puede incluir caracter\u00edsticas adicionales como un c\u00f3digo de barras y puede imprimirse en varios colores.<\/p>\n<p><strong>Beneficios del producto<\/strong><\/p>\n<ul>\n<li>Uso del sistema de c\u00f3digo de barras<\/li>\n<li>La tarjeta se puede imprimir con varios colores<\/li>\n<li>Escritura m\u00e1s f\u00e1cil en la secci\u00f3n demog\u00f3fica<\/li>\n<li>Formato OCR-scannable<\/li>\n<\/ul>\n<p>[\/vc_column_text]<a class=\"btn no-border-radius btn-default\" href=\"https:\/\/ebf-inc.com\/contact\/?lang=es\">Contacto<\/a><a class=\"btn no-border-radius btn-primary\" href=\"https:\/\/ebf-inc.com\/shop\/?lang=es\">Ordenar ahora<\/a>[\/vc_column][\/vc_row][vc_row text_align=\u00bbcenter\u00bb text_color=\u00bb#ffffff\u00bb type=\u00bbimage\u00bb bg_position=\u00bbcenter\u00bb bg_position_horizontal=\u00bbcenter\u00bb enable_parallax=\u00bbfalse\u00bb parallax_speed=\u00bb0.05&#8243; padding_top=\u00bb30&#8243; padding_bottom=\u00bb30&#8243; bg_image=\u00bb151&#8243;][vc_column][vc_column_text]<\/p>\n<h3>Normas estrictas de control de calidad y fabricaci\u00f3n de BPF<br \/>\nGarantizar la alta calidad, reproducibilidad y pureza.<\/h3>\n<p>[\/vc_column_text][\/vc_column][\/vc_row][vc_row el_id=\u00bbmultipart\u00bb][vc_column width=\u00bb1\/2&#8243; css=\u00bb.vc_custom_1501086552886{padding: 10% !important;}\u00bb][vc_images_carousel images=\u00bb164,162,163,165,166&#8243; img_size=\u00bbfull\u00bb speed=\u00bb3500&#8243; autoplay=\u00bbyes\u00bb min_items=\u00bb1&#8243; max_items=\u00bb1&#8243;][\/vc_column][vc_column width=\u00bb1\/2&#8243;][vc_empty_space height=\u00bb62px\u00bb][vc_column_text]<\/p>\n<h2>903 TARJETA MULTIPARTIDA<\/h2>\n<p>La tarjeta multiparte de sangre seca consta de tres partes o m\u00e1s y se puede imprimir en negro o OCR. De forma similar a la tarjeta de dos partes, la zona de muestra 903 est\u00e1 unida a la tarjeta demogr\u00e1fica y puede tener una o dos capas de carbono superior para transferir informaci\u00f3n.<\/p>\n<p>Las caracter\u00edsticas adicionales de la tarjeta multiparte incluyen una cubierta envolvente, que protege el papel de recogida de sangre 903, un c\u00f3digo de barras, una numeraci\u00f3n de identificaci\u00f3n \u00fanica y est\u00e1 disponible en una variedad de colores de tinta.<\/p>\n<p><strong>Beneficios del producto<\/strong><\/p>\n<ul>\n<li>Capas autocopiativas para la producci\u00f3n de varias copias<\/li>\n<li>Protecci\u00f3n del \u00e1rea de la muestra mediante una cubierta envolvente<\/li>\n<\/ul>\n<p>[\/vc_column_text]<a class=\"btn no-border-radius btn-default\" href=\"https:\/\/ebf-inc.com\/contact\/?lang=es\">Contacto<\/a><a class=\"btn no-border-radius btn-primary\" href=\"https:\/\/ebf-inc.com\/shop\/?lang=es\">Ordenar ahora<\/a>[\/vc_column][\/vc_row][vc_row text_align=\u00bbcenter\u00bb text_color=\u00bb#ffffff\u00bb type=\u00bbimage\u00bb bg_position=\u00bbcenter\u00bb bg_position_horizontal=\u00bbcenter\u00bb enable_parallax=\u00bbfalse\u00bb parallax_speed=\u00bb0.05&#8243; padding_top=\u00bb30&#8243; padding_bottom=\u00bb30&#8243; bg_image=\u00bb151&#8243;][vc_column][vc_column_text]<\/p>\n<h3>Crea tu propio formato personalizado o elige entre<br \/>\nUna amplia gama de formatos gen\u00e9ricos de tarjetas de colecci\u00f3n<\/h3>\n<p>[\/vc_column_text][\/vc_column][\/vc_row][vc_row el_id=\u00bbcassette\u00bb][vc_column width=\u00bb1\/2&#8243; css=\u00bb.vc_custom_1501086552886{padding: 10% !important;}\u00bb][vc_images_carousel images=\u00bb163,164,162,165,166&#8243; img_size=\u00bbfull\u00bb speed=\u00bb3500&#8243; autoplay=\u00bbyes\u00bb min_items=\u00bb1&#8243; max_items=\u00bb1&#8243;][\/vc_column][vc_column width=\u00bb1\/2&#8243;][vc_empty_space height=\u00bb62px\u00bb][vc_column_text]<\/p>\n<h2>903 CASSETTE TARJETA<\/h2>\n<p>Los formatos de casete personalizados son adecuados para el procesamiento automatizado. El \u00e1rea de muestra 903 se integra en un marco de cart\u00f3n, que se pega con la parte demogr\u00e1fica.<\/p>\n<p>El marco de cart\u00f3n da estabilidad al \u00e1rea de muestra 903, que se requiere cuando las muestras son manejadas por instrumentos rob\u00f3ticos.<\/p>\n<p>La tarjeta de casete est\u00e1 disponible con informaci\u00f3n de c\u00f3digo de barras para trazabilidad y secciones demogr\u00e1ficas que se pueden escanear OCR. Por supuesto, su logotipo individual se puede imprimir en varios colores.<\/p>\n<p><strong>\ufffcBeneficios del producto:<\/strong><\/p>\n<ul>\n<li>Marco de casete de cart\u00f3n alrededor del \u00e1rea de muestra para manejo automatizado<\/li>\n<\/ul>\n<p>[\/vc_column_text]<a class=\"btn no-border-radius btn-default\" href=\"https:\/\/ebf-inc.com\/contact\/?lang=es\">Contacto<\/a><a class=\"btn no-border-radius btn-primary\" href=\"https:\/\/ebf-inc.com\/shop\/?lang=es\">Ordenar ahora<\/a>[\/vc_column][\/vc_row]<\/p>\n","protected":false},"excerpt":{"rendered":"<p>[vc_row][vc_column width=\u00bb1\/2&#8243;][vc_empty_space height=\u00bb62px\u00bb][vc_column_text] 903 Los dispositivos de recolecci\u00f3n de puntos de sangre seca est\u00e1n dise\u00f1ados para la recolecci\u00f3n de sangre neonatal. Las tarjetas preimpresas incluyen un formulario para llenar la informaci\u00f3n demogr\u00e1fica sobre el reci\u00e9n nacido. Elija entre una gama de formatos preimpresos o elija la impresi\u00f3n personalizada para aplicaciones espec\u00edficas. Las tarjetas de punto de sangre seca est\u00e1n listas [&hellip;]<\/p>\n","protected":false},"author":32,"featured_media":0,"parent":0,"menu_order":0,"comment_status":"closed","ping_status":"closed","template":"page-templates\/full-width.php","meta":{"footnotes":""},"class_list":["post-397","page","type-page","status-publish","hentry"],"_links":{"self":[{"href":"https:\/\/ebf-inc.com\/es\/wp-json\/wp\/v2\/pages\/397","targetHints":{"allow":["GET"]}}],"collection":[{"href":"https:\/\/ebf-inc.com\/es\/wp-json\/wp\/v2\/pages"}],"about":[{"href":"https:\/\/ebf-inc.com\/es\/wp-json\/wp\/v2\/types\/page"}],"author":[{"embeddable":true,"href":"https:\/\/ebf-inc.com\/es\/wp-json\/wp\/v2\/users\/32"}],"replies":[{"embeddable":true,"href":"https:\/\/ebf-inc.com\/es\/wp-json\/wp\/v2\/comments?post=397"}],"version-history":[{"count":11,"href":"https:\/\/ebf-inc.com\/es\/wp-json\/wp\/v2\/pages\/397\/revisions"}],"predecessor-version":[{"id":789,"href":"https:\/\/ebf-inc.com\/es\/wp-json\/wp\/v2\/pages\/397\/revisions\/789"}],"wp:attachment":[{"href":"https:\/\/ebf-inc.com\/es\/wp-json\/wp\/v2\/media?parent=397"}],"curies":[{"name":"wp","href":"https:\/\/api.w.org\/{rel}","templated":true}]}}