{"id":306,"date":"2017-08-16T01:31:08","date_gmt":"2017-08-16T01:31:08","guid":{"rendered":"https:\/\/ebf-inc.com\/?page_id=306"},"modified":"2017-08-16T01:31:08","modified_gmt":"2017-08-16T01:31:08","slug":"qa","status":"publish","type":"page","link":"https:\/\/ebf-inc.com\/es\/qa\/","title":{"rendered":"Q&#038;A"},"content":{"rendered":"<p><strong>C\u00f3mo funciona 903?<\/strong><br \/>\nLas biomol\u00e9culas est\u00e1n unidas a la matriz de fibra de celulosa<\/p>\n<p><strong>Cu\u00e1nto tiempo se pueden almacenar las muestras en 903 tarjetas de papel?<\/strong><br \/>\nALMACENAMIENTO A temperatura ambiente &#8211; DBS Protein saver 903 tarjetas que se enviar\u00e1n dentro de 4 semanas.<br \/>\nALMACENAMIENTO A 4-20 \u00b0 C o -70 \u00b0 C &#8211; DBS Protein saver 903 tarjetas que se usan para ADN, ARN, PK, genotipado, etc. y que se enviar\u00e1n &#038; gt; 4 semanas pero menos de 4 meses<\/p>\n<p><strong>Qu\u00e9 tipos de muestras puedo aplicar a las 903 tarjetas de papel?<\/strong><br \/>\nRecomendado para an\u00e1lisis DBS, recolecci\u00f3n de muestras de sangre para aplicaciones de diagn\u00f3stico<\/p>\n<p><strong>C\u00f3mo debo almacenar las tarjetas 903 no utilizadas?<\/strong><br \/>\nRecomendaci\u00f3n para el almacenamiento de tarjetas 903 a menos de 25 \u00b0 C y 60% HR, protegido de la luz directa del sol<\/p>\n<p><strong>Cu\u00e1l es la vida \u00fatil de una tarjeta 903 no utilizada?<\/strong><br \/>\nLa vida \u00fatil de una tarjeta 903 no utilizada es de tres a\u00f1os.<\/p>\n<p><strong>Es seguro enviar 903 tarjetas con una muestra aplicada a ellas?<\/strong><br \/>\nA. Recomendado: Las muestras deben ser transportadas o enviadas por correo al laboratorio dentro de las 24 horas posteriores a la recolecci\u00f3n de la muestra y se mantendr\u00e1 la documentaci\u00f3n de seguimiento apropiada, de acuerdo con las regulaciones locales y de acuerdo con sus procedimientos y pol\u00edticas locales.<br \/>\nB. En principio: El env\u00edo de las tarjetas DBS Protein saver 903 almacenadas a temperatura ambiente debe ocurrir dentro de 4 semanas. Por otra parte, las tarjetas deben colocarse en un refrigerador o congelador de acuerdo con las instrucciones espec\u00edficas del protocolo.<br \/>\nSeg\u00fan la Organizaci\u00f3n Mundial de la Salud orientaciones sobre las regulaciones para el transporte de sustancias infecciosas 2011-2012:<br \/>\nPara enviar muestras de DBS, debe usar el sistema b\u00e1sico de triple envasado.<br \/>\n1. El recipiente primario es la matriz de papel de filtro que contiene la sangre absorbida y seca.<br \/>\n2. Un envase secundario debe encerrar el recipiente primario (papel de filtro). El contenedor secundario debe tener una solapa o una envoltura interna para asegurar el contenido.<br \/>\n3. El tercer nivel de contenci\u00f3n es un sobre exterior de papel resistente y de alta calidad. Estos niveles de contenci\u00f3n proporcionan una seguridad razonable frente a la exposici\u00f3n ocupacional y mantienen la integridad \u00f3ptima de la muestra.<br \/>\nConsejos adicionales: Siempre siga las normas locales de correos, mensajer\u00eda y otras normas de transporte. Si las regulaciones locales exigen el recinto en recipientes herm\u00e9ticos herm\u00e9ticos a prueba de fugas (bolsas de pl\u00e1stico o papel de aluminio) para el transporte, debe incluir un n\u00famero suficiente de paquetes desecantes para asegurar que las muestras est\u00e9n expuestas m\u00ednimamente a humedad excesiva.<\/p>\n<p><strong>Qu\u00e9 Puncher se puede usar con papel 903?<\/strong><br \/>\nLos dise\u00f1os se pueden ajustar para adaptarse a los punzones m\u00e1s utilizados<\/p>\n<p><strong>Qu\u00e9 ocurre si las tarjetas 903 se mojan, antes o despu\u00e9s del almacenamiento?<\/strong><br \/>\nSi la tarjeta 903 se moja antes de la aplicaci\u00f3n de la muestra, deseche la tarjeta h\u00fameda no utilizada, ya que parte de la muestra puede haber sido lavada.<br \/>\nSi el producto se moja despu\u00e9s de la aplicaci\u00f3n de la muestra, tome un punz\u00f3n de la muestra para recuperar el ADN y procesarlo lo antes posible. El l\u00edquido puede haber comprometido la muestra, la degradaci\u00f3n de la biomol\u00e9cula podr\u00eda haber ocurrido, por lo que es importante recuperar la muestra inmediatamente<\/p>\n<p><strong>C\u00f3mo puedo aplicar la sangre u otras muestras l\u00edquidas en 903 tarjetas?<\/strong><br \/>\nHay diferentes protocolos disponibles, por favor vea tambi\u00e9n el folleto relacionado de IFU.<\/p>\n<p><strong>Puedo volver a aplicar la muestra a la tarjeta despu\u00e9s de que el punto se haya secado para obtener m\u00e1s muestra en las tarjetas 903?<\/strong><br \/>\nNo<\/p>\n<p><strong>Se pueden hacer formatos personalizados?<\/strong><br \/>\nS\u00ed. Nuestro equipo de dise\u00f1o puede trabajar con usted para producir un dispositivo que se adapte a sus necesidades.<\/p>\n<p><strong>Puede aplicar sangre previamente congelada a 903 tarjetas para purificar la muestra?<\/strong><br \/>\nS\u00ed, un pu\u00f1etazo m\u00e1s grande puede ser necesario aunque como algunas de las c\u00e9lulas pueden haber sido lisadas en la congelaci\u00f3n<\/p>\n<p><strong>Cu\u00e1ntos pu\u00f1etazos puedo obtener de un c\u00edrculo de muestra 903?<\/strong><br \/>\nDepende del di\u00e1metro del punz\u00f3n y del tama\u00f1o del c\u00edrculo (tama\u00f1o del c\u00edrculo min recomendado con 10 mm)<\/p>\n<p><strong>Puedo eluir ADN de la tarjeta 903?<\/strong><br \/>\nEn principio s\u00ed, con la ayuda del tratamiento con proteinasa K y una extracci\u00f3n de fenol \/ cloroformo \/ alcohol isoam\u00edlico (25: 24: 1) (se dispone de una nota de aplicaci\u00f3n).<\/p>\n<p><strong>Qu\u00e9 quiere decir con excesiva humedad durante el almacenamiento? \u00bfQu\u00e9 pasa con la humedad durante el env\u00edo de productos manchados y \/ o sin manchas?<\/strong><br \/>\nLa humedad puede comprometer la muestra, la degradaci\u00f3n de la biomol\u00e9cula podr\u00eda ocurrir, all\u00ed recomendamos utilizar una bolsa sellada que contiene un paquete desecante.<\/p>\n<p><strong>Cu\u00e1nta sangre tiene cada tarjeta?<\/strong><br \/>\nEsto depende del n\u00famero de c\u00edrculos por tarjeta. Cada \u00e1rea de muestra circular contiene 75-80\u03bcl de muestra, m\u00e1ximo 400\u03bcl para tarjetas con 5 \u00e1reas de muestra<\/p>\n<p><strong>Qu\u00e9 certificaci\u00f3n est\u00e1 disponible?<\/strong><br \/>\nEl certificado de an\u00e1lisis est\u00e1 disponible para el papel 903 utilizado para cada trabajo. Normalmente no proporcionamos un Certificado de An\u00e1lisis espec\u00edfico del trabajo.<br \/>\nLos certificados de Pa\u00eds de Origen se suministran para los documentos de exportaci\u00f3n como documento obligatorio.<\/p>\n<p><strong>Hay MSDS disponible?<\/strong><br \/>\nNo hay hojas de seguridad de datos de materiales disponibles ya que no se utilizan productos qu\u00edmicos para este producto<\/p>\n<p><strong>Qu\u00e9 tipos de c\u00f3digos de barras puede imprimir?<\/strong><br \/>\nEBF puede imprimir la mayor\u00eda de los c\u00f3digos de barras que se utlized en la industria. Usando hola<\/p>\n","protected":false},"excerpt":{"rendered":"<p>C\u00f3mo funciona 903? Las biomol\u00e9culas est\u00e1n unidas a la matriz de fibra de celulosa Cu\u00e1nto tiempo se pueden almacenar las muestras en 903 tarjetas de papel? ALMACENAMIENTO A temperatura ambiente &#8211; DBS Protein saver 903 tarjetas que se enviar\u00e1n dentro de 4 semanas. ALMACENAMIENTO A 4-20 \u00b0 C o -70 \u00b0 C &#8211; DBS Protein saver 903 tarjetas que se [&hellip;]<\/p>\n","protected":false},"author":2,"featured_media":0,"parent":0,"menu_order":0,"comment_status":"closed","ping_status":"closed","template":"","meta":{"footnotes":""},"class_list":["post-306","page","type-page","status-publish","hentry"],"_links":{"self":[{"href":"https:\/\/ebf-inc.com\/es\/wp-json\/wp\/v2\/pages\/306","targetHints":{"allow":["GET"]}}],"collection":[{"href":"https:\/\/ebf-inc.com\/es\/wp-json\/wp\/v2\/pages"}],"about":[{"href":"https:\/\/ebf-inc.com\/es\/wp-json\/wp\/v2\/types\/page"}],"author":[{"embeddable":true,"href":"https:\/\/ebf-inc.com\/es\/wp-json\/wp\/v2\/users\/2"}],"replies":[{"embeddable":true,"href":"https:\/\/ebf-inc.com\/es\/wp-json\/wp\/v2\/comments?post=306"}],"version-history":[{"count":1,"href":"https:\/\/ebf-inc.com\/es\/wp-json\/wp\/v2\/pages\/306\/revisions"}],"predecessor-version":[{"id":308,"href":"https:\/\/ebf-inc.com\/es\/wp-json\/wp\/v2\/pages\/306\/revisions\/308"}],"wp:attachment":[{"href":"https:\/\/ebf-inc.com\/es\/wp-json\/wp\/v2\/media?parent=306"}],"curies":[{"name":"wp","href":"https:\/\/api.w.org\/{rel}","templated":true}]}}