{"id":303,"date":"2017-08-16T01:29:08","date_gmt":"2017-08-16T01:29:08","guid":{"rendered":"https:\/\/ebf-inc.com\/?page_id=303"},"modified":"2017-08-16T01:29:08","modified_gmt":"2017-08-16T01:29:08","slug":"fabricacion","status":"publish","type":"page","link":"https:\/\/ebf-inc.com\/es\/fabricacion\/","title":{"rendered":"Fabricaci\u00f3n"},"content":{"rendered":"<p>[vc_row][vc_column width=\u00bb1\/3&#8243;][vc_single_image image=\u00bb138&#8243; img_size=\u00bbfull\u00bb alignment=\u00bbcenter\u00bb][\/vc_column][vc_column width=\u00bb2\/3&#8243;][vc_empty_space][vc_column_text]<\/p>\n<h2>Control de calidad<\/h2>\n<p>La impresi\u00f3n de papel para el cribado de reci\u00e9n nacidos es un paso de producci\u00f3n muy cr\u00edtico que est\u00e1 estrictamente definido en el est\u00e1ndar CLSI. Las tecnolog\u00edas de impresi\u00f3n inadecuadas pueden tener un impacto negativo en las caracter\u00edsticas del papel, lo que da como resultado resultados falsos de las pruebas. 903 El papel de los Dispositivos de Recolecci\u00f3n de Muestras se imprime y se proporciona como un paquete controlado que incluye informaci\u00f3n demogr\u00e1fica detallada sobre el reci\u00e9n nacido.<\/p>\n<p>Nuestro equipo de control de calidad rutinariamente prueba una serie de tarjetas de cada trabajo impreso para evaluar el tiempo de absorci\u00f3n de sangre y el tama\u00f1o del c\u00edrculo. S\u00f3lo si todos los resultados de la prueba est\u00e1n dentro de los par\u00e1metros acordados, la producci\u00f3n de la tarjeta puede ser liberada y enviada al cliente.[\/vc_column_text][\/vc_column][\/vc_row][vc_row][vc_column width=\u00bb2\/3&#8243;][vc_empty_space][vc_column_text]<\/p>\n<h2>Transporte y almacenamiento<\/h2>\n<p>903 Dispositivos de recogida de muestras Las tarjetas de recogida de sangre neonatal proporcionan un m\u00e9todo seguro y eficaz para una f\u00e1cil recogida, identificaci\u00f3n y transporte de muestras.<\/p>\n<p>Los datos de reci\u00e9n nacidos se documentan en la porci\u00f3n demogr\u00e1fica del formulario, que se adjunta al \u00e1rea de muestra Whatman 903. Este dise\u00f1o de producto reduce la probabilidad de error de identificaci\u00f3n de la muestra.<\/p>\n<p>El transporte de muestras de reci\u00e9n nacidos recolectadas y secadas en 903 tarjetas puede enviarse de forma segura en envases no especializados para su env\u00edo a un laboratorio central para su procesamiento. Esto elimina significativamente los altos costos de la entrega nocturna en hielo seco. Tambi\u00e9n el transporte a\u00e9reo no es una preocupaci\u00f3n ya que las muestras de sangre seca con destino al papel se clasifican en la categor\u00eda de riesgo m\u00e1s bajo por la Asociaci\u00f3n Internacional de Transporte A\u00e9reo (IATA).<\/p>\n<p>muestras de sangre seca en 903 Dispositivo (s) de recogida de muestras tarjetas para el an\u00e1lisis de prote\u00ednas deben ser almacenados a &#8211; 20 \u00b0 C en una bolsa sellada con una bolsa desecante para eliminar la posibilidad de la degradaci\u00f3n durante per\u00edodos prolongados de tiempo (CLSI LA4-A5).[\/vc_column_text][\/vc_column][vc_column width=\u00bb1\/3&#8243;][vc_single_image image=\u00bb139&#8243; img_size=\u00bbfull\u00bb alignment=\u00bbcenter\u00bb][\/vc_column][\/vc_row]<\/p>\n","protected":false},"excerpt":{"rendered":"<p>[vc_row][vc_column width=\u00bb1\/3&#8243;][vc_single_image image=\u00bb138&#8243; img_size=\u00bbfull\u00bb alignment=\u00bbcenter\u00bb][\/vc_column][vc_column width=\u00bb2\/3&#8243;][vc_empty_space][vc_column_text] Control de calidad La impresi\u00f3n de papel para el cribado de reci\u00e9n nacidos es un paso de producci\u00f3n muy cr\u00edtico que est\u00e1 estrictamente definido en el est\u00e1ndar CLSI. Las tecnolog\u00edas de impresi\u00f3n inadecuadas pueden tener un impacto negativo en las caracter\u00edsticas del papel, lo que da como resultado resultados falsos de las pruebas. 903 [&hellip;]<\/p>\n","protected":false},"author":2,"featured_media":0,"parent":0,"menu_order":0,"comment_status":"closed","ping_status":"closed","template":"page-templates\/full-width.php","meta":{"footnotes":""},"class_list":["post-303","page","type-page","status-publish","hentry"],"_links":{"self":[{"href":"https:\/\/ebf-inc.com\/es\/wp-json\/wp\/v2\/pages\/303","targetHints":{"allow":["GET"]}}],"collection":[{"href":"https:\/\/ebf-inc.com\/es\/wp-json\/wp\/v2\/pages"}],"about":[{"href":"https:\/\/ebf-inc.com\/es\/wp-json\/wp\/v2\/types\/page"}],"author":[{"embeddable":true,"href":"https:\/\/ebf-inc.com\/es\/wp-json\/wp\/v2\/users\/2"}],"replies":[{"embeddable":true,"href":"https:\/\/ebf-inc.com\/es\/wp-json\/wp\/v2\/comments?post=303"}],"version-history":[{"count":1,"href":"https:\/\/ebf-inc.com\/es\/wp-json\/wp\/v2\/pages\/303\/revisions"}],"predecessor-version":[{"id":304,"href":"https:\/\/ebf-inc.com\/es\/wp-json\/wp\/v2\/pages\/303\/revisions\/304"}],"wp:attachment":[{"href":"https:\/\/ebf-inc.com\/es\/wp-json\/wp\/v2\/media?parent=303"}],"curies":[{"name":"wp","href":"https:\/\/api.w.org\/{rel}","templated":true}]}}