{"id":293,"date":"2017-08-16T01:17:42","date_gmt":"2017-08-16T01:17:42","guid":{"rendered":"https:\/\/ebf-inc.com\/?page_id=293"},"modified":"2017-08-16T01:17:42","modified_gmt":"2017-08-16T01:17:42","slug":"capacidades","status":"publish","type":"page","link":"https:\/\/ebf-inc.com\/es\/capacidades\/","title":{"rendered":"Capacidades"},"content":{"rendered":"<p>[vc_row padding_top=\u00bb50&#8243; padding_bottom=\u00bb20&#8243;][vc_column width=\u00bb1\/6&#8243;][\/vc_column][vc_column width=\u00bb1\/3&#8243;][vc_row_inner][vc_column_inner width=\u00bb1\/4&#8243;]<div class=\"text-right\" ><i class=\"icon-barcode icon-4x\"style=\"color: #ef3d35\"><\/i> <\/div>[\/vc_column_inner][vc_column_inner width=\u00bb3\/4&#8243;][vc_column_text]<\/p>\n<h3>C\u00f3digos de barras<\/h3>\n<p>Las tarjetas de puntos de sangre secos se pueden proporcionar con c\u00f3digo de barras en la porci\u00f3n demogr\u00e1fica en cualquier formato que pueda imprimir caracteres alfanum\u00e9ricos (letras, d\u00edgitos y algunos s\u00edmbolos especiales). La integridad de los datos se mejora mediante el uso de caracteres de d\u00edgito de verificaci\u00f3n de m\u00f3dulo.<\/p>\n<p>Los c\u00f3digos de barras se pueden imprimir a trav\u00e9s de una perforaci\u00f3n donde la tarjeta se separa en el laboratorio. Esto permite la capacidad de rastrear todas las secciones de la tarjeta. Se muestra a la izquierda una representaci\u00f3n de la tarjeta de Florida que se muestra en P8. Tambi\u00e9n podemos imprimir c\u00f3digos de barras adhesivos extra\u00edbles para sus tarjetas que se pueden adherir a la documentaci\u00f3n de acompa\u00f1amiento.[\/vc_column_text][\/vc_column_inner][\/vc_row_inner][\/vc_column][vc_column width=\u00bb1\/3&#8243;][vc_row_inner][vc_column_inner width=\u00bb1\/4&#8243;]<div class=\"text-right\" ><i class=\"icon-cog icon-4x\"style=\"color: #ef3d35\"><\/i> <\/div>[\/vc_column_inner][vc_column_inner width=\u00bb3\/4&#8243;][vc_column_text]<\/p>\n<h3>Kits personalizados<\/h3>\n<p>La recolecci\u00f3n de muestras en campo a menudo requiere el uso de m\u00faltiples productos como guantes, toallitas est\u00e9riles y una lanceta adem\u00e1s de la propia tarjeta de recolecci\u00f3n de muestras. EBF puede desarrollar y fabricar kits personalizados listos para usar espec\u00edficos para sus aplicaciones, asegurando que todas las herramientas para la recolecci\u00f3n \u00f3ptima de muestras est\u00e9n all\u00ed en el lugar y listas para su uso.[\/vc_column_text][\/vc_column_inner][\/vc_row_inner][\/vc_column][vc_column width=\u00bb1\/6&#8243;][\/vc_column][\/vc_row][vc_row padding_top=\u00bb20&#8243; padding_bottom=\u00bb20&#8243;][vc_column width=\u00bb1\/6&#8243;][\/vc_column][vc_column width=\u00bb1\/3&#8243;][vc_row_inner][vc_column_inner width=\u00bb1\/4&#8243;]<div class=\"text-right\" ><i class=\"icon-exchange icon-4x\"style=\"color: #ef3d35\"><\/i> <\/div>[\/vc_column_inner][vc_column_inner width=\u00bb3\/4&#8243;][vc_column_text]<\/p>\n<h3>Cubiertas envolventes<\/h3>\n<p>Las cubiertas envolventes se unen a la tarjeta de punto de sangre seca 903 y se pueden \u00abenvolver\u00bb la parte de la colecci\u00f3n de 903 muestras de la tarjeta para proteger el \u00e1rea de muestreo. Esta cubierta envolvente est\u00e1 disponible en diferentes materiales: papel de 28 libras, cristal transl\u00facido o barrera transparente a prueba de humedad. Esto protege la muestra y puede eliminar la necesidad de sobres adicionales glassine.[\/vc_column_text][\/vc_column_inner][\/vc_row_inner][\/vc_column][vc_column width=\u00bb1\/3&#8243;][vc_row_inner][vc_column_inner width=\u00bb1\/4&#8243;]<div class=\"text-right\" ><i class=\"icon-sort-number-up icon-4x\"style=\"color: #ef3d35\"><\/i> <\/div>[\/vc_column_inner][vc_column_inner width=\u00bb3\/4&#8243;][vc_column_text]<\/p>\n<h3>Numeraci\u00f3n secuencial<\/h3>\n<p>Las tarjetas de puntos secos de sangre se pueden proporcionar con numeraci\u00f3n secuencial. Esto significa que cada una de sus tarjetas tendr\u00e1 un n\u00famero diferente, que es esencial para el seguimiento y la identificaci\u00f3n.[\/vc_column_text][\/vc_column_inner][\/vc_row_inner][\/vc_column][vc_column width=\u00bb1\/6&#8243;][\/vc_column][\/vc_row][vc_row padding_top=\u00bb20&#8243; padding_bottom=\u00bb20&#8243;][vc_column width=\u00bb1\/6&#8243;][\/vc_column][vc_column width=\u00bb1\/3&#8243;][vc_row_inner][vc_column_inner width=\u00bb1\/4&#8243;]<div class=\"text-right\" ><i class=\"icon-cog icon-4x\"style=\"color: #ef3d35\"><\/i> <\/div>[\/vc_column_inner][vc_column_inner width=\u00bb3\/4&#8243;][vc_column_text]<\/p>\n<h3>Formato OCR-scannable<\/h3>\n<p>EBF puede utilizar tintas especiales para imprimir formularios que sean invisibles a los esc\u00e1neres de reconocimiento \u00f3ptico de caracteres (OCR), de modo que los esc\u00e1neres detecten s\u00f3lo la informaci\u00f3n demogr\u00e1fica variable (es decir, informaci\u00f3n escrita introducida por el sampler).[\/vc_column_text][\/vc_column_inner][\/vc_row_inner][\/vc_column][vc_column width=\u00bb1\/3&#8243;][vc_row_inner][vc_column_inner width=\u00bb1\/4&#8243;]<div class=\"text-right\" ><i class=\"icon-pencil-1 icon-4x\"style=\"color: #ef3d35\"><\/i> <\/div>[\/vc_column_inner][vc_column_inner width=\u00bb3\/4&#8243;][vc_column_text]<\/p>\n<h3>Codificaci\u00f3n de color<\/h3>\n<p>Las tarjetas de puntos de sangre seca impresas por encargo pueden ser codificadas por color para simplificar la distribuci\u00f3n de la forma despu\u00e9s de la recolecci\u00f3n de la muestra.[\/vc_column_text][\/vc_column_inner][\/vc_row_inner][\/vc_column][vc_column width=\u00bb1\/6&#8243;][\/vc_column][\/vc_row][vc_row padding_top=\u00bb20&#8243; padding_bottom=\u00bb20&#8243;][vc_column width=\u00bb1\/6&#8243;][\/vc_column][vc_column width=\u00bb1\/3&#8243;][vc_row_inner][vc_column_inner width=\u00bb1\/4&#8243;]<div class=\"text-right\" ><i class=\"icon-box icon-4x\"style=\"color: #ef3d35\"><\/i> <\/div>[\/vc_column_inner][vc_column_inner width=\u00bb3\/4&#8243;][vc_column_text]<\/p>\n<h3>Embalaje personalizado<\/h3>\n<p>Un sistema de codificaci\u00f3n especificado se puede imprimir en cada paquete, cart\u00f3n y caja de env\u00edo. Los cartones exteriores se pueden etiquetar para reflejar la numeraci\u00f3n secuencial de los formularios incluidos.[\/vc_column_text][\/vc_column_inner][\/vc_row_inner][\/vc_column][vc_column width=\u00bb1\/3&#8243;][vc_row_inner][vc_column_inner width=\u00bb1\/4&#8243;]<div class=\"text-right\" ><i class=\"icon-headphones icon-4x\"style=\"color: #ef3d35\"><\/i> <\/div>[\/vc_column_inner][vc_column_inner width=\u00bb3\/4&#8243;][vc_column_text]<\/p>\n<h3>Secci\u00f3n de audici\u00f3n<\/h3>\n<p>Es posible agregar una secci\u00f3n a una tarjeta de punto de sangre seca para los resultados de la prueba de audici\u00f3n. Esto re\u00fane todos los resultados del cribado en una base de datos bajo un solo n\u00famero de control.[\/vc_column_text][\/vc_column_inner][\/vc_row_inner][\/vc_column][vc_column width=\u00bb1\/6&#8243;][\/vc_column][\/vc_row][vc_row padding_top=\u00bb20&#8243; padding_bottom=\u00bb50&#8243;][vc_column width=\u00bb1\/6&#8243;][\/vc_column][vc_column width=\u00bb1\/3&#8243;][vc_row_inner][vc_column_inner width=\u00bb1\/4&#8243;]<div class=\"text-right\" ><i class=\"icon-doc-text-inv icon-4x\"style=\"color: #ef3d35\"><\/i> <\/div>[\/vc_column_inner][vc_column_inner width=\u00bb3\/4&#8243;][vc_column_text]<\/p>\n<h3>Folletos informativos \/ panfletos de los padres<\/h3>\n<p>Las hojas de informaci\u00f3n de los padres que forman parte del dispositivo de recolecci\u00f3n neonatal e incluyen los n\u00fameros de dispositivo se pueden proporcionar como la primera parte de un formulario de varias partes. Alternativamente, panfletos de informaci\u00f3n detallada de los padres pueden ser pegados a la forma.[\/vc_column_text][\/vc_column_inner][\/vc_row_inner][\/vc_column][vc_column width=\u00bb1\/3&#8243;][vc_row_inner][vc_column_inner width=\u00bb1\/4&#8243;]<div class=\"text-right\" ><i class=\"icon-mail-alt icon-4x\"style=\"color: #ef3d35\"><\/i> <\/div>[\/vc_column_inner][vc_column_inner width=\u00bb3\/4&#8243;][vc_column_text]<\/p>\n<h3>Env\u00ede o env\u00ede sobres<\/h3>\n<p>EBF puede proporcionar sobres personalizados para el env\u00edo de muestras al laboratorio central, para enviar un formulario de cribaje a casa con el padre para el muestreo de seguimiento, o enviar muestras a laboratorios separados para pruebas de cribado no est\u00e1ndar, (para pruebas de ADN o supletorias cribado). Estos sobres son frecuentemente codificados por colores.[\/vc_column_text][\/vc_column_inner][\/vc_row_inner][\/vc_column][vc_column width=\u00bb1\/6&#8243;][\/vc_column][\/vc_row][vc_row][vc_column][vc_column_text]<\/p>\n<h2 style=\"text-align: center;\">CUADRO COMPARATIVO<\/h2>\n<p>[\/vc_column_text][vc_raw_html]JTNDdGFibGUlMjBjbGFzcyUzRCUyMnRhYmxlJTIwdGFibGUtc3RyaXBlZCUyMiUzRSUwQSUzQ3RoZWFkJTNFJTBBJTNDdHIlM0UlMEElM0N0ZCUyMGNsYXNzJTNEJTIydGMlMjIlM0UlM0MlMkZ0ZCUzRSUwQSUzQ3RkJTIwY2xhc3MlM0QlMjJ0YyUyMiUzRSUzQ3N0cm9uZyUzRTkwMyUyMFRBUkpFVEElMjBERSUyMFVOQSUyMFNPTEElMjBQQVJURSUzQyUyRnN0cm9uZyUzRSUzQyUyRnRkJTNFJTBBJTNDdGQlMjBjbGFzcyUzRCUyMnRjJTIyJTNFJTNDc3Ryb25nJTNFOTAzJTIwVEFSSkVUQSUyMERFJTIwRE9TJTIwUEFSVEVTJTNDJTJGc3Ryb25nJTNFJTNDJTJGdGQlM0UlMEElM0N0ZCUyMGNsYXNzJTNEJTIydGMlMjIlM0UlM0NzdHJvbmclM0U5MDMlMjBUQVJKRVRBJTIwTVVMVElQQVJUJTNDJTJGc3Ryb25nJTNFJTNDJTJGdGQlM0UlMEElM0N0ZCUyMGNsYXNzJTNEJTIydGMlMjIlM0UlM0NzdHJvbmclM0U5MDMlMjBDQVNTRVRURSUyMENBUkQlM0MlMkZzdHJvbmclM0UlM0MlMkZ0ZCUzRSUwQSUzQyUyRnRyJTNFJTBBJTNDJTJGdGhlYWQlM0UlMEElM0N0Ym9keSUzRSUwQSUzQ3RyJTNFJTBBJTNDdGQlM0VQYXBlbCUyMHJlY29tZW5kYWRvJTIwcG9yJTIwbG9zJTIwQ0RDJTIwcGFyYSUyMGVsJTIwY3JpYmFkbyUyMG5lb25hdGFsJTNDJTJGdGQlM0UlMEElM0N0ZCUzRSUzQyUyRnRkJTNFJTBBJTNDdGQlMjBjbGFzcyUzRCUyMnRjJTIyJTNFJTNDaSUyMGNsYXNzJTNEJTIyaWNvbi1jaGVjayUyMiUzRSUzQyUyRmklM0UlM0MlMkZ0ZCUzRSUwQSUzQ3RkJTIwY2xhc3MlM0QlMjJ0YyUyMiUzRSUzQ2klMjBjbGFzcyUzRCUyMmljb24tY2hlY2slMjIlM0UlM0MlMkZpJTNFJTNDJTJGdGQlM0UlMEElM0N0ZCUyMGNsYXNzJTNEJTIydGMlMjIlM0UlM0NpJTIwY2xhc3MlM0QlMjJpY29uLWNoZWNrJTIyJTNFJTNDJTJGaSUzRSUzQyUyRnRkJTNFJTBBJTNDJTJGdHIlM0UlMEElM0N0ciUzRSUwQSUzQ3RkJTNFRWwlMjBwcm9kdWN0byUyMGN1bXBsZSUyMGNvbiUyMGxvcyUyMEVFLlVVLiUyMHklMjBsYSUyMFVFJTIwcGFyYSUyMGVsJTIwY3JpYmFkbyUyMG5lb25hdGFsJTNDJTJGdGQlM0UlMEElM0N0ZCUzRSUzQyUyRnRkJTNFJTBBJTNDdGQlMjBjbGFzcyUzRCUyMnRjJTIyJTNFJTNDaSUyMGNsYXNzJTNEJTIyaWNvbi1jaGVjayUyMiUzRSUzQyUyRmklM0UlM0MlMkZ0ZCUzRSUwQSUzQ3RkJTIwY2xhc3MlM0QlMjJ0YyUyMiUzRSUzQ2klMjBjbGFzcyUzRCUyMmljb24tY2hlY2slMjIlM0UlM0MlMkZpJTNFJTNDJTJGdGQlM0UlMEElM0N0ZCUyMGNsYXNzJTNEJTIydGMlMjIlM0UlM0NpJTIwY2xhc3MlM0QlMjJpY29uLWNoZWNrJTIyJTNFJTNDJTJGaSUzRSUzQyUyRnRkJTNFJTBBJTNDJTJGdHIlM0UlMEElM0N0ciUzRSUwQSUzQ3RkJTNFUHJvZHVjdG8lMjBmYWJyaWNhZG8lMjBiYWpvJTIwQnVlbmFzJTIwUHIlQzMlQTFjdGljYXMlMjBkZSUyME1hbnVmYWN0dXJhJTIwJTI4R01QJTI5JTNDJTJGdGQlM0UlMEElM0N0ZCUyMGNsYXNzJTNEJTIydGMlMjIlM0UlM0NpJTIwY2xhc3MlM0QlMjJpY29uLWNoZWNrJTIyJTNFJTNDJTJGaSUzRSUzQyUyRnRkJTNFJTBBJTNDdGQlMjBjbGFzcyUzRCUyMnRjJTIyJTNFJTNDaSUyMGNsYXNzJTNEJTIyaWNvbi1jaGVjayUyMiUzRSUzQyUyRmklM0UlM0MlMkZ0ZCUzRSUwQSUzQ3RkJTIwY2xhc3MlM0QlMjJ0YyUyMiUzRSUzQ2klMjBjbGFzcyUzRCUyMmljb24tY2hlY2slMjIlM0UlM0MlMkZpJTNFJTNDJTJGdGQlM0UlMEElM0N0ZCUyMGNsYXNzJTNEJTIydGMlMjIlM0UlM0NpJTIwY2xhc3MlM0QlMjJpY29uLWNoZWNrJTIyJTNFJTNDJTJGaSUzRSUzQyUyRnRkJTNFJTBBJTNDJTJGdHIlM0UlMEElM0N0ciUzRSUwQSUzQ3RkJTNFVGFyamV0YSUyMHNlY3VlbmNpYWwlM0MlMkZ0ZCUzRSUwQSUzQ3RkJTIwY2xhc3MlM0QlMjJ0YyUyMiUzRSUzQ2klMjBjbGFzcyUzRCUyMmljb24tY2hlY2slMjIlM0UlM0MlMkZpJTNFJTNDJTJGdGQlM0UlMEElM0N0ZCUyMGNsYXNzJTNEJTIydGMlMjIlM0UlM0NpJTIwY2xhc3MlM0QlMjJpY29uLWNoZWNrJTIyJTNFJTNDJTJGaSUzRSUzQyUyRnRkJTNFJTBBJTNDdGQlMjBjbGFzcyUzRCUyMnRjJTIyJTNFJTNDaSUyMGNsYXNzJTNEJTIyaWNvbi1jaGVjayUyMiUzRSUzQyUyRmklM0UlM0MlMkZ0ZCUzRSUwQSUzQ3RkJTIwY2xhc3MlM0QlMjJ0YyUyMiUzRSUzQ2klMjBjbGFzcyUzRCUyMmljb24tY2hlY2slMjIlM0UlM0MlMkZpJTNFJTNDJTJGdGQlM0UlMEElM0MlMkZ0ciUzRSUwQSUzQ3RyJTNFJTBBJTNDdGQlM0VEaXNwb25pYmxlJTIwZW4lMjBtJUMzJUExcyUyMGRlJTIwdW4lMjBjb2xvciUyMGRlJTIwaW1wcmVzaSVDMyVCM24lM0MlMkZ0ZCUzRSUwQSUzQ3RkJTNFJTNDJTJGdGQlM0UlMEElM0N0ZCUyMGNsYXNzJTNEJTIydGMlMjIlM0UlM0NpJTIwY2xhc3MlM0QlMjJpY29uLWNoZWNrJTIyJTNFJTNDJTJGaSUzRSUzQyUyRnRkJTNFJTBBJTNDdGQlMjBjbGFzcyUzRCUyMnRjJTIyJTNFJTNDaSUyMGNsYXNzJTNEJTIyaWNvbi1jaGVjayUyMiUzRSUzQyUyRmklM0UlM0MlMkZ0ZCUzRSUwQSUzQ3RkJTIwY2xhc3MlM0QlMjJ0YyUyMiUzRSUzQ2klMjBjbGFzcyUzRCUyMmljb24tY2hlY2slMjIlM0UlM0MlMkZpJTNFJTNDJTJGdGQlM0UlMEElM0MlMkZ0ciUzRSUwQSUzQ3RyJTNFJTBBJTNDdGQlM0VGb3JtYXRvJTIwT0NSLXNjYW5uYWJsZSUzQyUyRnRkJTNFJTBBJTNDdGQlM0UlM0MlMkZ0ZCUzRSUwQSUzQ3RkJTIwY2xhc3MlM0QlMjJ0YyUyMiUzRSUzQ2klMjBjbGFzcyUzRCUyMmljb24tY2hlY2slMjIlM0UlM0MlMkZpJTNFJTNDJTJGdGQlM0UlMEElM0N0ZCUyMGNsYXNzJTNEJTIydGMlMjIlM0UlM0NpJTIwY2xhc3MlM0QlMjJpY29uLWNoZWNrJTIyJTNFJTNDJTJGaSUzRSUzQyUyRnRkJTNFJTBBJTNDdGQlMjBjbGFzcyUzRCUyMnRjJTIyJTNFJTNDaSUyMGNsYXNzJTNEJTIyaWNvbi1jaGVjayUyMiUzRSUzQyUyRmklM0UlM0MlMkZ0ZCUzRSUwQSUzQyUyRnRyJTNFJTBBJTNDdHIlM0UlMEElM0N0ZCUzRUMlQzMlQjNkaWdvcyUyMGRlJTIwYmFycmFzJTIwYWRhcHRhZG9zJTIwYSUyMHN1JTIwc2lzdGVtYSUyMGRlJTIwYyVDMyVCM2RpZ28lMjBkZSUyMGJhcnJhcyUzQyUyRnRkJTNFJTBBJTNDdGQlM0UlM0MlMkZ0ZCUzRSUwQSUzQ3RkJTIwY2xhc3MlM0QlMjJ0YyUyMiUzRSUzQ2klMjBjbGFzcyUzRCUyMmljb24tY2hlY2slMjIlM0UlM0MlMkZpJTNFJTNDJTJGdGQlM0UlMEElM0N0ZCUyMGNsYXNzJTNEJTIydGMlMjIlM0UlM0NpJTIwY2xhc3MlM0QlMjJpY29uLWNoZWNrJTIyJTNFJTNDJTJGaSUzRSUzQyUyRnRkJTNFJTBBJTNDdGQlMjBjbGFzcyUzRCUyMnRjJTIyJTNFJTNDaSUyMGNsYXNzJTNEJTIyaWNvbi1jaGVjayUyMiUzRSUzQyUyRmklM0UlM0MlMkZ0ZCUzRSUwQSUzQyUyRnRyJTNFJTBBJTNDdHIlM0UlMEElM0N0ZCUzRUN1YmllcnRhJTIwZW52b2x2ZW50ZSUyMHBhcmElMjBsYSUyMHByb3RlY2NpJUMzJUIzbiUyMGRlbCUyMCVDMyVBMXJlYSUyMGRlJTIwbXVlc3RyYSUzQyUyRnRkJTNFJTBBJTNDdGQlM0UlM0MlMkZ0ZCUzRSUwQSUzQ3RkJTNFJTNDJTJGdGQlM0UlMEElM0N0ZCUyMGNsYXNzJTNEJTIydGMlMjIlM0UlM0NpJTIwY2xhc3MlM0QlMjJpY29uLWNoZWNrJTIyJTNFJTNDJTJGaSUzRSUzQyUyRnRkJTNFJTBBJTNDdGQlMjBjbGFzcyUzRCUyMnRjJTIyJTNFJTNDaSUyMGNsYXNzJTNEJTIyaWNvbi1jaGVjayUyMiUzRSUzQyUyRmklM0UlM0MlMkZ0ZCUzRSUwQSUzQyUyRnRyJTNFJTBBJTNDdHIlM0UlMEElM0N0ZCUzRUNhcGFzJTIwZGUlMjBjYXJib25vJTIwYWRpY2lvbmFsZXMlMjBwYXJhJTIwZHVwbGljYXIlMjBpbmZvcm1hY2klQzMlQjNuJTNDJTJGdGQlM0UlMEElM0N0ZCUzRSUzQyUyRnRkJTNFJTBBJTNDdGQlM0UlM0MlMkZ0ZCUzRSUwQSUzQ3RkJTIwY2xhc3MlM0QlMjJ0YyUyMiUzRSUzQ2klMjBjbGFzcyUzRCUyMmljb24tY2hlY2slMjIlM0UlM0MlMkZpJTNFJTNDJTJGdGQlM0UlMEElM0N0ZCUyMGNsYXNzJTNEJTIydGMlMjIlM0UlM0NpJTIwY2xhc3MlM0QlMjJpY29uLWNoZWNrJTIyJTNFJTNDJTJGaSUzRSUzQyUyRnRkJTNFJTBBJTNDJTJGdHIlM0UlMEElM0N0ciUzRSUwQSUzQ3RkJTNFQmFzdGlkb3IlMjBkZSUyMGNhc3NldHRlJTIwcGFyYSUyMGF1dG9tYXRpemFjaSVDMyVCM24lM0MlMkZ0ZCUzRSUwQSUzQ3RkJTNFJTNDJTJGdGQlM0UlMEElM0N0ZCUzRSUzQyUyRnRkJTNFJTBBJTNDdGQlM0UlM0MlMkZ0ZCUzRSUwQSUzQ3RkJTIwY2xhc3MlM0QlMjJ0YyUyMiUzRSUzQ2klMjBjbGFzcyUzRCUyMmljb24tY2hlY2slMjIlM0UlM0MlMkZpJTNFJTNDJTJGdGQlM0UlMEElM0MlMkZ0ciUzRSUwQSUzQyUyRnRib2R5JTNFJTBBJTNDJTJGdGFibGUlM0U=[\/vc_raw_html][\/vc_column][\/vc_row]<\/p>\n","protected":false},"excerpt":{"rendered":"<p>[vc_row padding_top=\u00bb50&#8243; padding_bottom=\u00bb20&#8243;][vc_column width=\u00bb1\/6&#8243;][\/vc_column][vc_column width=\u00bb1\/3&#8243;][vc_row_inner][vc_column_inner width=\u00bb1\/4&#8243;][\/vc_column_inner][vc_column_inner width=\u00bb3\/4&#8243;][vc_column_text] C\u00f3digos de barras Las tarjetas de puntos de sangre secos se pueden proporcionar con c\u00f3digo de barras en la porci\u00f3n demogr\u00e1fica en cualquier formato que pueda imprimir caracteres alfanum\u00e9ricos (letras, d\u00edgitos y algunos s\u00edmbolos especiales). La integridad de los datos se mejora mediante el uso de caracteres de d\u00edgito de verificaci\u00f3n de m\u00f3dulo. [&hellip;]<\/p>\n","protected":false},"author":2,"featured_media":0,"parent":0,"menu_order":0,"comment_status":"closed","ping_status":"closed","template":"page-templates\/full-width.php","meta":{"footnotes":""},"class_list":["post-293","page","type-page","status-publish","hentry"],"_links":{"self":[{"href":"https:\/\/ebf-inc.com\/es\/wp-json\/wp\/v2\/pages\/293","targetHints":{"allow":["GET"]}}],"collection":[{"href":"https:\/\/ebf-inc.com\/es\/wp-json\/wp\/v2\/pages"}],"about":[{"href":"https:\/\/ebf-inc.com\/es\/wp-json\/wp\/v2\/types\/page"}],"author":[{"embeddable":true,"href":"https:\/\/ebf-inc.com\/es\/wp-json\/wp\/v2\/users\/2"}],"replies":[{"embeddable":true,"href":"https:\/\/ebf-inc.com\/es\/wp-json\/wp\/v2\/comments?post=293"}],"version-history":[{"count":1,"href":"https:\/\/ebf-inc.com\/es\/wp-json\/wp\/v2\/pages\/293\/revisions"}],"predecessor-version":[{"id":294,"href":"https:\/\/ebf-inc.com\/es\/wp-json\/wp\/v2\/pages\/293\/revisions\/294"}],"wp:attachment":[{"href":"https:\/\/ebf-inc.com\/es\/wp-json\/wp\/v2\/media?parent=293"}],"curies":[{"name":"wp","href":"https:\/\/api.w.org\/{rel}","templated":true}]}}