{"id":290,"date":"2017-08-16T01:07:24","date_gmt":"2017-08-16T01:07:24","guid":{"rendered":"https:\/\/ebf-inc.com\/?page_id=290"},"modified":"2017-08-16T01:07:50","modified_gmt":"2017-08-16T01:07:50","slug":"sobre-nosotros","status":"publish","type":"page","link":"https:\/\/ebf-inc.com\/es\/sobre-nosotros\/","title":{"rendered":"Sobre nosotros"},"content":{"rendered":"<p>[vc_row][vc_column][vc_column_text]<\/p>\n<h2>Eastern Business Forms<\/h2>\n<p><img loading=\"lazy\" decoding=\"async\" class=\"alignleft size-medium wp-image-226\" src=\"https:\/\/ebf-inc.com\/wp-content\/uploads\/2017\/07\/businessman-252x300.png\" alt=\"\" width=\"168\" height=\"200\" srcset=\"https:\/\/ebf-inc.com\/wp-content\/uploads\/2017\/07\/businessman-252x300.png 252w, https:\/\/ebf-inc.com\/wp-content\/uploads\/2017\/07\/businessman.png 558w\" sizes=\"auto, (max-width: 168px) 100vw, 168px\" \/><\/p>\n<p style=\"padding-top: 15px;\">EBF ha estado fabricando dispositivos de detecci\u00f3n de reci\u00e9n nacidos por m\u00e1s de 40 a\u00f1os. EBF es el proveedor exclusivo de papel de filtro 903 en todo el mundo para uso diagn\u00f3stico y tiene una amplia experiencia en el dise\u00f1o y fabricaci\u00f3n de 903 dispositivos de diagn\u00f3stico y paquetes de procedimientos. EBF ha sido el fabricante exclusivo de dispositivos de recolecci\u00f3n de puntos de sangre seca para Schleicher &amp; amp; Shuell, Whatman y GE Healthcare.<\/p>\n<p>Nuestro objetivo es superar los requerimientos del cliente aprovechando nuestra extensa experiencia de fabricaci\u00f3n y brindando un servicio al cliente superior. Proporcionamos un alto nivel de personalizaci\u00f3n del producto y trabajaremos con usted para proporcionar un producto de alta calidad con el menor tiempo de entrega posible para satisfacer sus necesidades.<\/p>\n<p>La oficina corporativa y la planta de fabricaci\u00f3n de EBF se encuentran en Greenville, SC, Estados Unidos.<\/p>\n<p style=\"padding-top: 35px;\"><strong>Dispositivo de recogida de muestras 903<\/strong><\/p>\n<p>En 1962, el Dr. Robert Guthrie public\u00f3 por primera vez procedimientos para el cribado de los reci\u00e9n nacidos de la fenilcetonuria (PKU). El dispositivo de recogida de muestras 903 ha desempe\u00f1ado un papel importante en esta selecci\u00f3n, ayudando en la amplia prueba de PKU. Esto ha resultado en la detecci\u00f3n temprana y la intervenci\u00f3n de decenas de miles de beb\u00e9s en los EE.UU. Hoy en d\u00eda, el cribado neonatal de entre tres y veinte o m\u00e1s analitos, incluyendo el hipotiroidismo cong\u00e9nito, galactosemia, cetonuria de cadena ramificada, trastorno de arce de az\u00facar en la orina, y la anemia de c\u00e9lulas falciformes es posible con nuestro papel de recogida de muestras 903. M\u00e1s recientemente, con el advenimiento de la tecnolog\u00eda de espectrometr\u00eda de masas en t\u00e1ndem, muchos programas est\u00e1n a\u00f1adiendo menos trastornos que se producen con frecuencia a su grupo de analitos, incluyendo MCAD, fibrosis qu\u00edstica, y una serie de trastornos de amino\u00e1cidos. En 1998, el papel de la colecci\u00f3n de muestras 903 se convirti\u00f3 en el est\u00e1ndar internacional para la recolecci\u00f3n, transporte, an\u00e1lisis y archivo de muestras de l\u00edquidos corporales.<\/p>\n<p>Pureza, consistencia y excelente absorci\u00f3n son caracter\u00edsticas importantes para los papeles de recolecci\u00f3n de sangre neonatal. El papel debe estar libre de impurezas que puedan interferir con la calidad o composici\u00f3n de la muestra. Tambi\u00e9n debe ser validado de acuerdo con los requisitos de la norma de consenso CLSI LA4-A5. 903 Los dispositivos de recogida de muestras cumplen estas especificaciones y se enumeran como dispositivos m\u00e9dicos de la Clase II de la FDA. En Europa, se venden como un \u00abdiagn\u00f3stico in vitro\u00bb marcado con \u00abCE\u00bb en cumplimiento de la Directiva 98\/79 \/ CE.[\/vc_column_text][\/vc_column][\/vc_row]<\/p>\n","protected":false},"excerpt":{"rendered":"<p>[vc_row][vc_column][vc_column_text] Eastern Business Forms EBF ha estado fabricando dispositivos de detecci\u00f3n de reci\u00e9n nacidos por m\u00e1s de 40 a\u00f1os. EBF es el proveedor exclusivo de papel de filtro 903 en todo el mundo para uso diagn\u00f3stico y tiene una amplia experiencia en el dise\u00f1o y fabricaci\u00f3n de 903 dispositivos de diagn\u00f3stico y paquetes de procedimientos. EBF ha sido el fabricante [&hellip;]<\/p>\n","protected":false},"author":2,"featured_media":0,"parent":0,"menu_order":0,"comment_status":"closed","ping_status":"closed","template":"","meta":{"footnotes":""},"class_list":["post-290","page","type-page","status-publish","hentry"],"_links":{"self":[{"href":"https:\/\/ebf-inc.com\/es\/wp-json\/wp\/v2\/pages\/290","targetHints":{"allow":["GET"]}}],"collection":[{"href":"https:\/\/ebf-inc.com\/es\/wp-json\/wp\/v2\/pages"}],"about":[{"href":"https:\/\/ebf-inc.com\/es\/wp-json\/wp\/v2\/types\/page"}],"author":[{"embeddable":true,"href":"https:\/\/ebf-inc.com\/es\/wp-json\/wp\/v2\/users\/2"}],"replies":[{"embeddable":true,"href":"https:\/\/ebf-inc.com\/es\/wp-json\/wp\/v2\/comments?post=290"}],"version-history":[{"count":2,"href":"https:\/\/ebf-inc.com\/es\/wp-json\/wp\/v2\/pages\/290\/revisions"}],"predecessor-version":[{"id":292,"href":"https:\/\/ebf-inc.com\/es\/wp-json\/wp\/v2\/pages\/290\/revisions\/292"}],"wp:attachment":[{"href":"https:\/\/ebf-inc.com\/es\/wp-json\/wp\/v2\/media?parent=290"}],"curies":[{"name":"wp","href":"https:\/\/api.w.org\/{rel}","templated":true}]}}