{"id":271,"date":"2017-08-16T00:56:16","date_gmt":"2017-08-16T00:56:16","guid":{"rendered":"https:\/\/ebf-inc.com\/?page_id=271"},"modified":"2017-08-19T00:40:14","modified_gmt":"2017-08-19T00:40:14","slug":"casa","status":"publish","type":"page","link":"https:\/\/ebf-inc.com\/es\/","title":{"rendered":"Casa"},"content":{"rendered":"<p>[vc_row text_align=\u00bbcenter\u00bb text_color=\u00bb#ffffff\u00bb type=\u00bbimage\u00bb enable_parallax=\u00bbfalse\u00bb padding_top=\u00bb90&#8243; el_class=\u00bbsection-one\u00bb bg_image=\u00bb66&#8243;][vc_column][vc_single_image image=\u00bb70&#8243; img_size=\u00bbfull\u00bb alignment=\u00bbcenter\u00bb animation=\u00bbanimate-when-almost-visible\u00bb css_animation=\u00bbbottom-to-top\u00bb][vc_column_text css=\u00bb.vc_custom_1502844684176{margin-top: -25px !important;margin-bottom: 20px !important;}\u00bb]<\/p>\n<h1>903 Dispositivos de extracci\u00f3n de sangre<\/h1>\n<h4>Un l\u00edder en la industria para 40 a\u00f1o<\/h4>\n<p>[\/vc_column_text]<a class=\"btn no-border-radius btn-primary\" href=\"https:\/\/ebf-inc.com\/shop\/?lang=es\">PRODUCTOS<\/a><a class=\"btn no-border-radius btn-default\" href=\"https:\/\/ebf-inc.com\/contacto\/?lang=es\">CONTACTO<\/a>[vc_empty_space height=\u00bb50&#8243;][vc_row_inner css=\u00bb.vc_custom_1501580716826{padding-right: 15% !important;padding-left: 15% !important;}\u00bb][vc_column_inner width=\u00bb1\/3&#8243;][vc_column_text lead=\u00bbyes\u00bb]<i class=\"icon-check\"><\/i>  Mancha de sangre seca[\/vc_column_text][\/vc_column_inner][vc_column_inner width=\u00bb1\/3&#8243;][vc_column_text lead=\u00bbyes\u00bb]<i class=\"icon-check\"><\/i>  Colecci\u00f3n de orina seca[\/vc_column_text][\/vc_column_inner][vc_column_inner width=\u00bb1\/3&#8243;][vc_column_text lead=\u00bbyes\u00bb]<i class=\"icon-check\"><\/i>  Kits de colecci\u00f3n personalizados[\/vc_column_text][\/vc_column_inner][\/vc_row_inner][\/vc_column][\/vc_row][vc_row type=\u00bbcolor\u00bb bg_color=\u00bb#f7f7f7&#8243; padding_top=\u00bb50&#8243; padding_bottom=\u00bb50&#8243;][vc_column]<div class=\"row multi-columns-row colored-icons two-column-items divided-items\"><div class=\"one-by-one-animated animate-when-almost-visible\"><div class=\"feature-items col-xs-12 col-sm-6 col-md-6\"><div class=\"kleo-block feature-item list-el-animated default-icons-size\"><span class=\"feature-icon el-appear icon-check\"><\/span><h3 class=\"feature-title\">Informaci\u00f3n general<\/h3><div class=\"feature-text\">Las tarjetas de recolecci\u00f3n de sangre seca (DBS) son un m\u00e9todo estable y rentable para obtener muestras de sangre de un pinchazo de dedo que se transportan f\u00e1cilmente para un an\u00e1lisis posterior. EBF es la fabricaci\u00f3n exclusiva de 903 DBS tarjetas de colecci\u00f3n de muestras en todo el mundo. Tambi\u00e9n fabricamos tarjetas de recolecci\u00f3n de orina seca y kits de recolecci\u00f3n de muestras. 903 tarjetas DBS est\u00e1n registradas en la FDA y en conformidad con la Directiva EU DIV.<\/div><\/div><\/div><div class=\"feature-items col-xs-12 col-sm-6 col-md-6\"><div class=\"kleo-block feature-item list-el-animated default-icons-size\"><span class=\"feature-icon el-appear icon-check\"><\/span><h3 class=\"feature-title\">Control de Calidad EBF 903<\/h3><div class=\"feature-text\">EBF controla cuidadosamente el proceso de fabricaci\u00f3n para asegurar una composici\u00f3n homog\u00e9nea, espesor uniforme, caudal, absorbencia y pureza. Debido a que es un dispositivo m\u00e9dico en los EE.UU., el papel EBF 903 tiene que fabricarse bajo controles que cumplan con las Regulaciones del Sistema de Calidad de la FDA. Adem\u00e1s, el an\u00e1lisis de captaci\u00f3n de suero se realiza para cada lote de papel 903 por el Programa de Control de Calidad de Detecci\u00f3n de Reci\u00e9n Nacidos de los Centros para el Control de Enfermedades.<\/div><\/div><\/div><div class=\"feature-items col-xs-12 col-sm-6 col-md-6\"><div class=\"kleo-block feature-item list-el-animated default-icons-size\"><span class=\"feature-icon el-appear icon-check\"><\/span><h3 class=\"feature-title\">Aplicaciones<\/h3><div class=\"feature-text\">Las tarjetas de recogida de muestra EBF 903 son dispositivos m\u00e9dicos de clase II aprobados por la FDA destinados a aplicaciones de diagn\u00f3stico. DBS se utiliza rutinariamente en la exploraci\u00f3n metab\u00f3lica del reci\u00e9n nacido, virolog\u00eda, inmunolog\u00eda, toxicolog\u00eda, an\u00e1lisis de biomarcadores, salud y bienestar y otras aplicaciones de diagn\u00f3stico.<\/div><\/div><\/div><div class=\"feature-items col-xs-12 col-sm-6 col-md-6\"><div class=\"kleo-block feature-item list-el-animated default-icons-size\"><span class=\"feature-icon el-appear icon-check\"><\/span><h3 class=\"feature-title\">Soluciones personalizadas<\/h3><div class=\"feature-text\">EBF se especializa en soluciones personalizadas para la recolecci\u00f3n de muestras DBS. Fabricamos una serie de formatos de tarjetas de recolecci\u00f3n incluyendo tarjetas de estilo cassette adecuadas para el an\u00e1lisis automatizado DBS. Tambi\u00e9n podemos incluir n\u00fameros secuenciales y c\u00f3digos de barras para ajustarse a sus especificaciones. Adem\u00e1s, ofrecemos soluciones de kitting personalizadas incluyendo todos los componentes necesarios para la recogida, almacenamiento y transporte de manchas de sangre seca.<\/div><\/div><\/div><\/div><\/div>[\/vc_column][\/vc_row][vc_row][vc_column][vc_column_text]<\/p>\n<h2>Nuestros productos<\/h2>\n<p>[\/vc_column_text]<div class=\"woocommerce columns-5 \"><ul class=\"products\"><li class=\"post-11 product type-product status-publish has-post-thumbnail product_cat-uncategorized-es first instock shipping-taxable purchasable product-type-simple\">\n\t<div class=\"product-loop-inner\">\n\t\t<figure class=\"product-transition-single\">\n\t\t\t\n\t\t\t<a href=\"https:\/\/ebf-inc.com\/es\/producto\/903-tarjeta-de-sangre-de-cinco-puntos-eu\/\">\n\n\t\t\t\t<div class=\"kleo-woo-image kleo-woo-front-image\"><img loading=\"lazy\" decoding=\"async\" width=\"300\" height=\"300\" src=\"https:\/\/ebf-inc.com\/wp-content\/uploads\/2017\/07\/5-spot-eu.jpg\" class=\"attachment-woocommerce_thumbnail size-woocommerce_thumbnail\" alt=\"903 Five Spot Blood Card (EU)\" srcset=\"https:\/\/ebf-inc.com\/wp-content\/uploads\/2017\/07\/5-spot-eu.jpg 500w, https:\/\/ebf-inc.com\/wp-content\/uploads\/2017\/07\/5-spot-eu-150x150.jpg 150w, https:\/\/ebf-inc.com\/wp-content\/uploads\/2017\/07\/5-spot-eu-300x300.jpg 300w, https:\/\/ebf-inc.com\/wp-content\/uploads\/2017\/07\/5-spot-eu-180x180.jpg 180w\" sizes=\"auto, (max-width: 300px) 100vw, 300px\" \/><\/div>\n\t\t\t<\/a>\n\n\t\t\t\t\t\t<figcaption>\n\t\t\t\t<div class=\"shop-actions clearfix\">\n\t\t\t\t\n\t\t\t\t\t<a href=\"\/es\/wp-json\/wp\/v2\/pages\/271?add-to-cart=11\" aria-describedby=\"woocommerce_loop_add_to_cart_link_describedby_11\" data-quantity=\"1\" class=\"button product_type_simple add_to_cart_button ajax_add_to_cart\" data-product_id=\"11\" data-product_sku=\"\" aria-label=\"A\u00f1adir al carrito: &ldquo;903 Five Spot Blood Card (EU)&rdquo;\" rel=\"nofollow\" data-success_message=\"\u00ab903 Five Spot Blood Card (EU)\u00bb se ha a\u00f1adido a tu carrito\" data-product_price=\"125\" data-product_name=\"903 Five Spot Blood Card (EU)\" data-google_product_id=\"\">A\u00f1adir al carrito<\/a>\t<span id=\"woocommerce_loop_add_to_cart_link_describedby_11\" class=\"screen-reader-text\">\n\t\t\t<\/span>\n<div class=\"quick-view hover-tip\" data-prod=\"11\">Vista r\u00e1pida<\/div>\t\t\t\t\t\n\t\t\t\t<\/div>\n\t\t\t<\/figcaption>\n\t\t\t\t\t<\/figure>\n\n\t\t<div class=\"product-details\">\n\t\t\t<span class=\"posted_in\"> <a href=\"https:\/\/ebf-inc.com\/es\/product-category\/uncategorized-es\/\" rel=\"tag\">Uncategorized<\/a><\/span><h3><a href=\"https:\/\/ebf-inc.com\/es\/producto\/903-tarjeta-de-sangre-de-cinco-puntos-eu\/\">903 Five Spot Blood Card (EU)<\/a><\/h3>\t\t<\/div>\n\n\t\t\n\t<span class=\"price\"><span class=\"woocommerce-Price-amount amount\"><bdi><span class=\"woocommerce-Price-currencySymbol\">&#36;<\/span>125.00<\/bdi><\/span><\/span>\n\t<\/div>\n<\/li><li class=\"post-14 product type-product status-publish has-post-thumbnail product_cat-uncategorized-es  instock shipping-taxable purchasable product-type-simple\">\n\t<div class=\"product-loop-inner\">\n\t\t<figure class=\"product-transition-single\">\n\t\t\t\n\t\t\t<a href=\"https:\/\/ebf-inc.com\/es\/producto\/903-tarjeta-de-sangre-de-cinco-puntos-us\/\">\n\n\t\t\t\t<div class=\"kleo-woo-image kleo-woo-front-image\"><img loading=\"lazy\" decoding=\"async\" width=\"300\" height=\"300\" src=\"https:\/\/ebf-inc.com\/wp-content\/uploads\/2017\/07\/5-spot-us.jpg\" class=\"attachment-woocommerce_thumbnail size-woocommerce_thumbnail\" alt=\"903 Five Spot Blood Card (US)\" srcset=\"https:\/\/ebf-inc.com\/wp-content\/uploads\/2017\/07\/5-spot-us.jpg 500w, https:\/\/ebf-inc.com\/wp-content\/uploads\/2017\/07\/5-spot-us-150x150.jpg 150w, https:\/\/ebf-inc.com\/wp-content\/uploads\/2017\/07\/5-spot-us-300x300.jpg 300w, https:\/\/ebf-inc.com\/wp-content\/uploads\/2017\/07\/5-spot-us-180x180.jpg 180w\" sizes=\"auto, (max-width: 300px) 100vw, 300px\" \/><\/div>\n\t\t\t<\/a>\n\n\t\t\t\t\t\t<figcaption>\n\t\t\t\t<div class=\"shop-actions clearfix\">\n\t\t\t\t\n\t\t\t\t\t<a href=\"\/es\/wp-json\/wp\/v2\/pages\/271?add-to-cart=14\" aria-describedby=\"woocommerce_loop_add_to_cart_link_describedby_14\" data-quantity=\"1\" class=\"button product_type_simple add_to_cart_button ajax_add_to_cart\" data-product_id=\"14\" data-product_sku=\"\" aria-label=\"A\u00f1adir al carrito: &ldquo;903 Five Spot Blood Card (US)&rdquo;\" rel=\"nofollow\" data-success_message=\"\u00ab903 Five Spot Blood Card (US)\u00bb se ha a\u00f1adido a tu carrito\" data-product_price=\"125.00\" data-product_name=\"903 Five Spot Blood Card (US)\" data-google_product_id=\"\">A\u00f1adir al carrito<\/a>\t<span id=\"woocommerce_loop_add_to_cart_link_describedby_14\" class=\"screen-reader-text\">\n\t\t\t<\/span>\n<div class=\"quick-view hover-tip\" data-prod=\"14\">Vista r\u00e1pida<\/div>\t\t\t\t\t\n\t\t\t\t<\/div>\n\t\t\t<\/figcaption>\n\t\t\t\t\t<\/figure>\n\n\t\t<div class=\"product-details\">\n\t\t\t<span class=\"posted_in\"> <a href=\"https:\/\/ebf-inc.com\/es\/product-category\/uncategorized-es\/\" rel=\"tag\">Uncategorized<\/a><\/span><h3><a href=\"https:\/\/ebf-inc.com\/es\/producto\/903-tarjeta-de-sangre-de-cinco-puntos-us\/\">903 Five Spot Blood Card (US)<\/a><\/h3>\t\t<\/div>\n\n\t\t\n\t<span class=\"price\"><span class=\"woocommerce-Price-amount amount\"><bdi><span class=\"woocommerce-Price-currencySymbol\">&#36;<\/span>125.00<\/bdi><\/span><\/span>\n\t<\/div>\n<\/li><li class=\"post-88 product type-product status-publish has-post-thumbnail product_cat-uncategorized-es  instock shipping-taxable purchasable product-type-simple\">\n\t<div class=\"product-loop-inner\">\n\t\t<figure class=\"product-transition-single\">\n\t\t\t\n\t\t\t<a href=\"https:\/\/ebf-inc.com\/es\/producto\/bolsa-de-aluminio-ebf-3-7-8-x-5-5-8\/\">\n\n\t\t\t\t<div class=\"kleo-woo-image kleo-woo-front-image\"><img loading=\"lazy\" decoding=\"async\" width=\"300\" height=\"300\" src=\"https:\/\/ebf-inc.com\/wp-content\/uploads\/2017\/07\/foil-bag.jpg\" class=\"attachment-woocommerce_thumbnail size-woocommerce_thumbnail\" alt=\"EBF Foil Bag (3-7\/8\u2033 x 5-5\/8\u2033)\" srcset=\"https:\/\/ebf-inc.com\/wp-content\/uploads\/2017\/07\/foil-bag.jpg 500w, https:\/\/ebf-inc.com\/wp-content\/uploads\/2017\/07\/foil-bag-150x150.jpg 150w, https:\/\/ebf-inc.com\/wp-content\/uploads\/2017\/07\/foil-bag-300x300.jpg 300w, https:\/\/ebf-inc.com\/wp-content\/uploads\/2017\/07\/foil-bag-180x180.jpg 180w\" sizes=\"auto, (max-width: 300px) 100vw, 300px\" \/><\/div>\n\t\t\t<\/a>\n\n\t\t\t\t\t\t<figcaption>\n\t\t\t\t<div class=\"shop-actions clearfix\">\n\t\t\t\t\n\t\t\t\t\t<a href=\"\/es\/wp-json\/wp\/v2\/pages\/271?add-to-cart=88\" aria-describedby=\"woocommerce_loop_add_to_cart_link_describedby_88\" data-quantity=\"1\" class=\"button product_type_simple add_to_cart_button ajax_add_to_cart\" data-product_id=\"88\" data-product_sku=\"\" aria-label=\"A\u00f1adir al carrito: &ldquo;EBF Foil Bag (3-7\/8\u2033 x 5-5\/8\u2033)&rdquo;\" rel=\"nofollow\" data-success_message=\"\u00abEBF Foil Bag (3-7\/8\u2033 x 5-5\/8\u2033)\u00bb se ha a\u00f1adido a tu carrito\" data-product_price=\"65\" data-product_name=\"EBF Foil Bag (3-7\/8\u2033 x 5-5\/8\u2033)\" data-google_product_id=\"\">A\u00f1adir al carrito<\/a>\t<span id=\"woocommerce_loop_add_to_cart_link_describedby_88\" class=\"screen-reader-text\">\n\t\t\t<\/span>\n<div class=\"quick-view hover-tip\" data-prod=\"88\">Vista r\u00e1pida<\/div>\t\t\t\t\t\n\t\t\t\t<\/div>\n\t\t\t<\/figcaption>\n\t\t\t\t\t<\/figure>\n\n\t\t<div class=\"product-details\">\n\t\t\t<span class=\"posted_in\"> <a href=\"https:\/\/ebf-inc.com\/es\/product-category\/uncategorized-es\/\" rel=\"tag\">Uncategorized<\/a><\/span><h3><a href=\"https:\/\/ebf-inc.com\/es\/producto\/bolsa-de-aluminio-ebf-3-7-8-x-5-5-8\/\">EBF Foil Bag (3-7\/8\u2033 x 5-5\/8\u2033)<\/a><\/h3>\t\t<\/div>\n\n\t\t\n\t<span class=\"price\"><span class=\"woocommerce-Price-amount amount\"><bdi><span class=\"woocommerce-Price-currencySymbol\">&#36;<\/span>65.00<\/bdi><\/span><\/span>\n\t<\/div>\n<\/li><li class=\"post-90 product type-product status-publish has-post-thumbnail product_cat-uncategorized-es  instock shipping-taxable purchasable product-type-simple\">\n\t<div class=\"product-loop-inner\">\n\t\t<figure class=\"product-transition-single\">\n\t\t\t\n\t\t\t<a href=\"https:\/\/ebf-inc.com\/es\/producto\/tarjeta-multipart-generica\/\">\n\n\t\t\t\t<div class=\"kleo-woo-image kleo-woo-front-image\"><img loading=\"lazy\" decoding=\"async\" width=\"300\" height=\"300\" src=\"https:\/\/ebf-inc.com\/wp-content\/uploads\/2017\/07\/generic.jpg\" class=\"attachment-woocommerce_thumbnail size-woocommerce_thumbnail\" alt=\"Generic Multipart Card\" srcset=\"https:\/\/ebf-inc.com\/wp-content\/uploads\/2017\/07\/generic.jpg 500w, https:\/\/ebf-inc.com\/wp-content\/uploads\/2017\/07\/generic-150x150.jpg 150w, https:\/\/ebf-inc.com\/wp-content\/uploads\/2017\/07\/generic-300x300.jpg 300w, https:\/\/ebf-inc.com\/wp-content\/uploads\/2017\/07\/generic-180x180.jpg 180w\" sizes=\"auto, (max-width: 300px) 100vw, 300px\" \/><\/div>\n\t\t\t<\/a>\n\n\t\t\t\t\t\t<figcaption>\n\t\t\t\t<div class=\"shop-actions clearfix\">\n\t\t\t\t\n\t\t\t\t\t<a href=\"\/es\/wp-json\/wp\/v2\/pages\/271?add-to-cart=90\" aria-describedby=\"woocommerce_loop_add_to_cart_link_describedby_90\" data-quantity=\"1\" class=\"button product_type_simple add_to_cart_button ajax_add_to_cart\" data-product_id=\"90\" data-product_sku=\"\" aria-label=\"A\u00f1adir al carrito: &ldquo;Generic Multipart Card&rdquo;\" rel=\"nofollow\" data-success_message=\"\u00abGeneric Multipart Card\u00bb se ha a\u00f1adido a tu carrito\" data-product_price=\"144\" data-product_name=\"Generic Multipart Card\" data-google_product_id=\"\">A\u00f1adir al carrito<\/a>\t<span id=\"woocommerce_loop_add_to_cart_link_describedby_90\" class=\"screen-reader-text\">\n\t\t\t<\/span>\n<div class=\"quick-view hover-tip\" data-prod=\"90\">Vista r\u00e1pida<\/div>\t\t\t\t\t\n\t\t\t\t<\/div>\n\t\t\t<\/figcaption>\n\t\t\t\t\t<\/figure>\n\n\t\t<div class=\"product-details\">\n\t\t\t<span class=\"posted_in\"> <a href=\"https:\/\/ebf-inc.com\/es\/product-category\/uncategorized-es\/\" rel=\"tag\">Uncategorized<\/a><\/span><h3><a href=\"https:\/\/ebf-inc.com\/es\/producto\/tarjeta-multipart-generica\/\">Generic Multipart Card<\/a><\/h3>\t\t<\/div>\n\n\t\t\n\t<span class=\"price\"><span class=\"woocommerce-Price-amount amount\"><bdi><span class=\"woocommerce-Price-currencySymbol\">&#36;<\/span>144.00<\/bdi><\/span><\/span>\n\t<\/div>\n<\/li><li class=\"post-92 product type-product status-publish product_cat-uncategorized-es last instock shipping-taxable purchasable product-type-simple\">\n\t<div class=\"product-loop-inner\">\n\t\t<figure class=\"product-transition-single\">\n\t\t\t\n\t\t\t<a href=\"https:\/\/ebf-inc.com\/es\/producto\/neonatal-std-eu-ingles-tarjeta\/\">\n\n\t\t\t\t<div class=\"kleo-woo-image kleo-woo-front-image\"><img loading=\"lazy\" decoding=\"async\" width=\"300\" height=\"300\" src=\"https:\/\/ebf-inc.com\/wp-content\/uploads\/woocommerce-placeholder.png\" class=\"woocommerce-placeholder wp-post-image\" alt=\"Marcador\" srcset=\"https:\/\/ebf-inc.com\/wp-content\/uploads\/woocommerce-placeholder.png 1200w, https:\/\/ebf-inc.com\/wp-content\/uploads\/woocommerce-placeholder-300x300.png 300w, https:\/\/ebf-inc.com\/wp-content\/uploads\/woocommerce-placeholder-1024x1024.png 1024w, https:\/\/ebf-inc.com\/wp-content\/uploads\/woocommerce-placeholder-150x150.png 150w, https:\/\/ebf-inc.com\/wp-content\/uploads\/woocommerce-placeholder-768x768.png 768w, https:\/\/ebf-inc.com\/wp-content\/uploads\/woocommerce-placeholder-672x672.png 672w, https:\/\/ebf-inc.com\/wp-content\/uploads\/woocommerce-placeholder-1038x1038.png 1038w\" sizes=\"auto, (max-width: 300px) 100vw, 300px\" \/><\/div>\n\t\t\t<\/a>\n\n\t\t\t\t\t\t<figcaption>\n\t\t\t\t<div class=\"shop-actions clearfix\">\n\t\t\t\t\n\t\t\t\t\t<a href=\"\/es\/wp-json\/wp\/v2\/pages\/271?add-to-cart=92\" aria-describedby=\"woocommerce_loop_add_to_cart_link_describedby_92\" data-quantity=\"1\" class=\"button product_type_simple add_to_cart_button ajax_add_to_cart\" data-product_id=\"92\" data-product_sku=\"\" aria-label=\"A\u00f1adir al carrito: &ldquo;903 Ten Spot Card&rdquo;\" rel=\"nofollow\" data-success_message=\"\u00ab903 Ten Spot Card\u00bb se ha a\u00f1adido a tu carrito\" data-product_price=\"165\" data-product_name=\"903 Ten Spot Card\" data-google_product_id=\"\">A\u00f1adir al carrito<\/a>\t<span id=\"woocommerce_loop_add_to_cart_link_describedby_92\" class=\"screen-reader-text\">\n\t\t\t<\/span>\n<div class=\"quick-view hover-tip\" data-prod=\"92\">Vista r\u00e1pida<\/div>\t\t\t\t\t\n\t\t\t\t<\/div>\n\t\t\t<\/figcaption>\n\t\t\t\t\t<\/figure>\n\n\t\t<div class=\"product-details\">\n\t\t\t<span class=\"posted_in\"> <a href=\"https:\/\/ebf-inc.com\/es\/product-category\/uncategorized-es\/\" rel=\"tag\">Uncategorized<\/a><\/span><h3><a href=\"https:\/\/ebf-inc.com\/es\/producto\/neonatal-std-eu-ingles-tarjeta\/\">903 Ten Spot Card<\/a><\/h3>\t\t<\/div>\n\n\t\t\n\t<span class=\"price\"><span class=\"woocommerce-Price-amount amount\"><bdi><span class=\"woocommerce-Price-currencySymbol\">&#36;<\/span>165.00<\/bdi><\/span><\/span>\n\t<\/div>\n<\/li><\/ul>\n<\/div>[\/vc_column][\/vc_row][vc_row text_align=\u00bbcenter\u00bb text_color=\u00bb#ffffff\u00bb type=\u00bbcolor\u00bb bg_color=\u00bb#154b6b\u00bb padding_top=\u00bb50&#8243; padding_bottom=\u00bb50&#8243;][vc_column width=\u00bb1\/3&#8243;][vc_single_image image=\u00bb57&#8243; img_size=\u00bbfull\u00bb alignment=\u00bbcenter\u00bb][vc_column_text]<\/p>\n<h3>Fabricaci\u00f3n de alta calidad<\/h3>\n<p>El estricto control de calidad y las normas GMP garantizan alta calidad, reproducibilidad y pureza[\/vc_column_text][\/vc_column][vc_column width=\u00bb1\/3&#8243;][vc_single_image image=\u00bb62&#8243; img_size=\u00bbfull\u00bb alignment=\u00bbcenter\u00bb][vc_column_text]<\/p>\n<h3>Capacidades de personalizaci\u00f3n<\/h3>\n<p>Incluyendo c\u00f3digos de barras, formatos escaneables que usan reconocimiento \u00f3ptico de caracteres (OCR), copias sin carb\u00f3n y m\u00e1s[\/vc_column_text][\/vc_column][vc_column width=\u00bb1\/3&#8243;][vc_single_image image=\u00bb61&#8243; img_size=\u00bbfull\u00bb alignment=\u00bbcenter\u00bb][vc_column_text]<\/p>\n<h3>Crea tu propia forma<\/h3>\n<p>O elegir entre una amplia gama de formatos gen\u00e9ricos de tarjetas de colecci\u00f3n[\/vc_column_text][\/vc_column][\/vc_row][vc_row text_align=\u00bbcenter\u00bb padding_top=\u00bb50&#8243; padding_bottom=\u00bb55&#8243;][vc_column][vc_column_text lead=\u00bbyes\u00bb]<strong>EBF es certificada ISO, registrada en la<\/strong><br \/>\n<strong>FDA y cumplen con la Directiva IVD UE.<\/strong>[\/vc_column_text][vc_single_image image=\u00bb50&#8243; img_size=\u00bbfull\u00bb alignment=\u00bbcenter\u00bb][\/vc_column][\/vc_row][vc_row type=\u00bbcolor\u00bb bg_color=\u00bb#fcfcfc\u00bb padding_top=\u00bb50&#8243; padding_bottom=\u00bb55&#8243;][vc_column]<div class=\"wpb_wrapper\"><div class=\"kleo-carousel-container kleo-testimonials\"><div class=\"kleo-carousel-items kleo-carousel-testimonials\" data-scroll-fx=\"crossfade\" data-autoplay=\"true\" data-min-items=\"1\" data-max-items=\"2\" data-speed=\"5000\" data-items-height=\"300\"><ul class=\"kleo-carousel\">\t\n\n\t\t\t\t<li class=\"\">\n\t\t\t\t\t<div class=\"testimonial-image\">\n\t\t\t\t\t\t\t\t\t\t\t<\/div>\n\t\t\t\t\t<div class=\"testimonial-content\">\n\t\t\t\t\t\t<p>Valoramos nuestra relaci\u00f3n con EBF. Son amables, bien informados, y su tiempo de respuesta en cotizaciones y otras preguntas diversas es impecable. Este nivel de capacidad de respuesta es especialmente crucial para nosotros en un proveedor asociado, ya que nos permite mantener el alto nivel de servicio necesario para nuestros clientes.<\/p>\n\t\t\t\t\t<\/div>\n\t\t\t\t\t<div class=\"testimonial-meta\">\n\t\t\t\t\t\t<strong class=\"testimonial-name\">Cindy Dickman<\/strong>\n\t\t\t\t\t\t<span class=\"testimonial-subtitle\"><\/span>\n\t\t\t\t\t<\/div>\n\t\t\t\t<\/li>\n\t\t\n\t\t\t\t\n\n\t\t\t\t<li class=\"\">\n\t\t\t\t\t<div class=\"testimonial-image\">\n\t\t\t\t\t\t\t\t\t\t\t<\/div>\n\t\t\t\t\t<div class=\"testimonial-content\">\n\t\t\t\t\t\t<p>\u00abLa estandarizaci\u00f3n y el aseguramiento de la calidad de la tarjeta de una parte es lo m\u00e1s importante para nosotros, ya que garantiza un manejo seguro y acreditado\u00bb.<\/p>\n\t\t\t\t\t<\/div>\n\t\t\t\t\t<div class=\"testimonial-meta\">\n\t\t\t\t\t\t<strong class=\"testimonial-name\">Linda Malan<\/strong>\n\t\t\t\t\t\t<span class=\"testimonial-subtitle\"><\/span>\n\t\t\t\t\t<\/div>\n\t\t\t\t<\/li>\n\t\t\n\t\t\t\t\n\n\t\t\t\t<li class=\"\">\n\t\t\t\t\t<div class=\"testimonial-image\">\n\t\t\t\t\t\t\t\t\t\t\t<\/div>\n\t\t\t\t\t<div class=\"testimonial-content\">\n\t\t\t\t\t\t<p>\u00abLa tarjeta de dos partes es de alto valor, ya que nos permite almacenar la muestra de sangre y los datos demogr\u00e1ficos en diferentes lugares, garantizando as\u00ed la protecci\u00f3n absoluta de los datos\u00bb.<\/p>\n\t\t\t\t\t<\/div>\n\t\t\t\t\t<div class=\"testimonial-meta\">\n\t\t\t\t\t\t<strong class=\"testimonial-name\">Dr. rer. nat. Cornelia Mueller<\/strong>\n\t\t\t\t\t\t<span class=\"testimonial-subtitle\"><\/span>\n\t\t\t\t\t<\/div>\n\t\t\t\t<\/li>\n\t\t\n\t\t\t\t\n\n\t\t\t\t<li class=\"\">\n\t\t\t\t\t<div class=\"testimonial-image\">\n\t\t\t\t\t\t\t\t\t\t\t<\/div>\n\t\t\t\t\t<div class=\"testimonial-content\">\n\t\t\t\t\t\t<p>\u00abNo s\u00f3lo los laboratorios de detecci\u00f3n, sino tambi\u00e9n el personal de servicios de salud que recolectan los puntos de sangre realmente aprecian la flexibilidad de usar la misma tarjeta para sus requisitos de documentaci\u00f3n individual\u00bb.<\/p>\n\t\t\t\t\t<\/div>\n\t\t\t\t\t<div class=\"testimonial-meta\">\n\t\t\t\t\t\t<strong class=\"testimonial-name\">Kate Hall<\/strong>\n\t\t\t\t\t\t<span class=\"testimonial-subtitle\"><\/span>\n\t\t\t\t\t<\/div>\n\t\t\t\t<\/li>\n\t\t\n\t\t\t\t\n\n\t\t\t\t<li class=\"\">\n\t\t\t\t\t<div class=\"testimonial-image\">\n\t\t\t\t\t\t\t\t\t\t\t<\/div>\n\t\t\t\t\t<div class=\"testimonial-content\">\n\t\t\t\t\t\t<p>\u00abLa clara diferenciaci\u00f3n en las tarjetas de casete entre el marco donde se coloca todo el registro y el papel de filtro donde se recoge la sangre ha mejorado claramente los flujos de trabajo, la velocidad y la calidad del proceso\u00bb.<\/p>\n\t\t\t\t\t<\/div>\n\t\t\t\t\t<div class=\"testimonial-meta\">\n\t\t\t\t\t\t<strong class=\"testimonial-name\">Dr. Francois Eyskens<\/strong>\n\t\t\t\t\t\t<span class=\"testimonial-subtitle\"><\/span>\n\t\t\t\t\t<\/div>\n\t\t\t\t<\/li>\n\t\t\n\t\t\t<\/ul><!-- end kleo-carousel --><\/div><!-- end kleo-carousel-items --><div class=\"kleo-carousel-pager carousel-pager\"><\/div><\/div><!-- end kleo-testimonials carousel-container --><\/div>[\/vc_column][\/vc_row]<\/p>\n","protected":false},"excerpt":{"rendered":"<p>[vc_row text_align=\u00bbcenter\u00bb text_color=\u00bb#ffffff\u00bb type=\u00bbimage\u00bb enable_parallax=\u00bbfalse\u00bb padding_top=\u00bb90&#8243; el_class=\u00bbsection-one\u00bb bg_image=\u00bb66&#8243;][vc_column][vc_single_image image=\u00bb70&#8243; img_size=\u00bbfull\u00bb alignment=\u00bbcenter\u00bb animation=\u00bbanimate-when-almost-visible\u00bb css_animation=\u00bbbottom-to-top\u00bb][vc_column_text css=\u00bb.vc_custom_1502844684176{margin-top: -25px !important;margin-bottom: 20px !important;}\u00bb] 903 Dispositivos de extracci\u00f3n de sangre Un l\u00edder en la industria para 40 a\u00f1o [\/vc_column_text][vc_empty_space height=\u00bb50&#8243;][vc_row_inner css=\u00bb.vc_custom_1501580716826{padding-right: 15% !important;padding-left: 15% !important;}\u00bb][vc_column_inner width=\u00bb1\/3&#8243;][vc_column_text lead=\u00bbyes\u00bb] Mancha de sangre seca[\/vc_column_text][\/vc_column_inner][vc_column_inner width=\u00bb1\/3&#8243;][vc_column_text lead=\u00bbyes\u00bb] Colecci\u00f3n de orina seca[\/vc_column_text][\/vc_column_inner][vc_column_inner width=\u00bb1\/3&#8243;][vc_column_text lead=\u00bbyes\u00bb] Kits de colecci\u00f3n personalizados[\/vc_column_text][\/vc_column_inner][\/vc_row_inner][\/vc_column][\/vc_row][vc_row type=\u00bbcolor\u00bb bg_color=\u00bb#f7f7f7&#8243; padding_top=\u00bb50&#8243; [&hellip;]<\/p>\n","protected":false},"author":2,"featured_media":0,"parent":0,"menu_order":0,"comment_status":"closed","ping_status":"closed","template":"page-templates\/full-width.php","meta":{"footnotes":""},"class_list":["post-271","page","type-page","status-publish","hentry"],"_links":{"self":[{"href":"https:\/\/ebf-inc.com\/es\/wp-json\/wp\/v2\/pages\/271","targetHints":{"allow":["GET"]}}],"collection":[{"href":"https:\/\/ebf-inc.com\/es\/wp-json\/wp\/v2\/pages"}],"about":[{"href":"https:\/\/ebf-inc.com\/es\/wp-json\/wp\/v2\/types\/page"}],"author":[{"embeddable":true,"href":"https:\/\/ebf-inc.com\/es\/wp-json\/wp\/v2\/users\/2"}],"replies":[{"embeddable":true,"href":"https:\/\/ebf-inc.com\/es\/wp-json\/wp\/v2\/comments?post=271"}],"version-history":[{"count":4,"href":"https:\/\/ebf-inc.com\/es\/wp-json\/wp\/v2\/pages\/271\/revisions"}],"predecessor-version":[{"id":782,"href":"https:\/\/ebf-inc.com\/es\/wp-json\/wp\/v2\/pages\/271\/revisions\/782"}],"wp:attachment":[{"href":"https:\/\/ebf-inc.com\/es\/wp-json\/wp\/v2\/media?parent=271"}],"curies":[{"name":"wp","href":"https:\/\/api.w.org\/{rel}","templated":true}]}}