{"id":459,"date":"2017-07-13T13:22:34","date_gmt":"2017-07-13T13:22:34","guid":{"rendered":"https:\/\/ebf-inc.com\/product\/neonatale-std-eu-englische-karte\/"},"modified":"2017-07-13T13:22:34","modified_gmt":"2017-07-13T13:22:34","slug":"neonatale-std-eu-englische-karte","status":"publish","type":"product","link":"https:\/\/ebf-inc.com\/de\/produkt\/neonatale-std-eu-englische-karte\/","title":{"rendered":"Neonatale STD EU Englische Karte"},"content":{"rendered":"<p>Die neonatale STD EU-englische Karte enth\u00e4lt einen demografischen Abschnitt, in dem Informationen \u00fcber Neugeborene, Eltern, Arzt und Lab-Details eingegeben werden k\u00f6nnen. Die Karte hat eine eindeutige laufende Nummer auf dem Karten- und Filterbereich. Das 903 Sammelpapier enth\u00e4lt vier halbe Zoll (13mm) Kreise mit einer umlaufenden Abdeckung, um die 903 vor und nach der Blutentnahme zu sch\u00fctzen. Jeder Kreis h\u00e4lt 75-80 \u03bcl Blut.<\/p>\n<p><strong>100 \/ pack<\/strong><\/p>\n<p><em>Produ\u043at #10538069<\/em><\/p>\n","protected":false},"excerpt":{"rendered":"<p>Die neonatale STD EU-englische Karte enth\u00e4lt einen demografischen Abschnitt, in dem Informationen \u00fcber Neugeborene, Eltern, Arzt und Lab-Details eingegeben werden k\u00f6nnen. Die Karte hat eine eindeutige laufende Nummer auf dem Karten- und Filterbereich. Das 903 Sammelpapier enth\u00e4lt vier halbe Zoll (13mm) Kreise mit einer umlaufenden Abdeckung, um die 903 vor und nach der Blutentnahme zu sch\u00fctzen. Jeder Kreis h\u00e4lt 75-80 [&hellip;]<\/p>\n","protected":false},"featured_media":0,"template":"","meta":[],"product_brand":[],"product_cat":[42],"product_tag":[],"class_list":{"0":"post-459","1":"product","2":"type-product","3":"status-publish","5":"product_cat-uncategorized-de","7":"first","8":"instock","9":"shipping-taxable","10":"purchasable","11":"product-type-simple"},"_links":{"self":[{"href":"https:\/\/ebf-inc.com\/de\/wp-json\/wp\/v2\/product\/459","targetHints":{"allow":["GET"]}}],"collection":[{"href":"https:\/\/ebf-inc.com\/de\/wp-json\/wp\/v2\/product"}],"about":[{"href":"https:\/\/ebf-inc.com\/de\/wp-json\/wp\/v2\/types\/product"}],"wp:attachment":[{"href":"https:\/\/ebf-inc.com\/de\/wp-json\/wp\/v2\/media?parent=459"}],"wp:term":[{"taxonomy":"product_brand","embeddable":true,"href":"https:\/\/ebf-inc.com\/de\/wp-json\/wp\/v2\/product_brand?post=459"},{"taxonomy":"product_cat","embeddable":true,"href":"https:\/\/ebf-inc.com\/de\/wp-json\/wp\/v2\/product_cat?post=459"},{"taxonomy":"product_tag","embeddable":true,"href":"https:\/\/ebf-inc.com\/de\/wp-json\/wp\/v2\/product_tag?post=459"}],"curies":[{"name":"wp","href":"https:\/\/api.w.org\/{rel}","templated":true}]}}