{"id":457,"date":"2017-07-14T13:21:31","date_gmt":"2017-07-14T13:21:31","guid":{"rendered":"https:\/\/ebf-inc.com\/product\/generische-multipartkarte\/"},"modified":"2017-07-14T13:21:31","modified_gmt":"2017-07-14T13:21:31","slug":"generische-multipartkarte","status":"publish","type":"product","link":"https:\/\/ebf-inc.com\/de\/produkt\/generische-multipartkarte\/","title":{"rendered":"Generische Multipartkarte"},"content":{"rendered":"<p>903 Mehrteilige Neonatalkarte Die mehrteilige Neugeborenenkarte enth\u00e4lt einen demografischen Teil in doppelter Ausfertigung, wo Informationen \u00fcber Neugeborene, Eltern, Arzt und Pflege eingegeben werden k\u00f6nnen. Jede Karte hat eine eindeutige laufende Nummer und Barcode. Das mehrteilige 903 Sammelpapier ist mit f\u00fcnf halben Zoll (13 mm) Kreisen bedruckt und hat eine umlaufende Abdeckung, um das 903 Papier vor und nach der Probenahme zu sch\u00fctzen. Jeder Kreis h\u00e4lt 75-80 \u03bcl Blut.<\/p>\n<p><strong>100 \/ Pack<\/strong><\/p>\n<p><em>Produ\u043at #10537279<\/em><\/p>\n","protected":false},"excerpt":{"rendered":"<p>903 Mehrteilige Neonatalkarte Die mehrteilige Neugeborenenkarte enth\u00e4lt einen demografischen Teil in doppelter Ausfertigung, wo Informationen \u00fcber Neugeborene, Eltern, Arzt und Pflege eingegeben werden k\u00f6nnen. Jede Karte hat eine eindeutige laufende Nummer und Barcode. Das mehrteilige 903 Sammelpapier ist mit f\u00fcnf halben Zoll (13 mm) Kreisen bedruckt und hat eine umlaufende Abdeckung, um das 903 Papier vor und nach der Probenahme zu sch\u00fctzen. Jeder Kreis h\u00e4lt 75-80 \u03bcl Blut.<\/p>\n<p><strong>100 \/ Pack<\/strong><\/p>\n<p><em>Produ\u043at #10537279<\/em><\/p>\n","protected":false},"featured_media":458,"template":"","meta":[],"product_brand":[],"product_cat":[42],"product_tag":[],"class_list":{"0":"post-457","1":"product","2":"type-product","3":"status-publish","4":"has-post-thumbnail","6":"product_cat-uncategorized-de","8":"first","9":"instock","10":"shipping-taxable","11":"purchasable","12":"product-type-simple"},"_links":{"self":[{"href":"https:\/\/ebf-inc.com\/de\/wp-json\/wp\/v2\/product\/457","targetHints":{"allow":["GET"]}}],"collection":[{"href":"https:\/\/ebf-inc.com\/de\/wp-json\/wp\/v2\/product"}],"about":[{"href":"https:\/\/ebf-inc.com\/de\/wp-json\/wp\/v2\/types\/product"}],"wp:featuredmedia":[{"embeddable":true,"href":"https:\/\/ebf-inc.com\/de\/wp-json\/wp\/v2\/media\/458"}],"wp:attachment":[{"href":"https:\/\/ebf-inc.com\/de\/wp-json\/wp\/v2\/media?parent=457"}],"wp:term":[{"taxonomy":"product_brand","embeddable":true,"href":"https:\/\/ebf-inc.com\/de\/wp-json\/wp\/v2\/product_brand?post=457"},{"taxonomy":"product_cat","embeddable":true,"href":"https:\/\/ebf-inc.com\/de\/wp-json\/wp\/v2\/product_cat?post=457"},{"taxonomy":"product_tag","embeddable":true,"href":"https:\/\/ebf-inc.com\/de\/wp-json\/wp\/v2\/product_tag?post=457"}],"curies":[{"name":"wp","href":"https:\/\/api.w.org\/{rel}","templated":true}]}}