{"id":666,"date":"2017-08-18T23:31:45","date_gmt":"2017-08-18T23:31:45","guid":{"rendered":"https:\/\/ebf-inc.com\/zuhause\/"},"modified":"2017-08-19T00:42:16","modified_gmt":"2017-08-19T00:42:16","slug":"zuhause","status":"publish","type":"page","link":"https:\/\/ebf-inc.com\/de\/","title":{"rendered":"Zuhause"},"content":{"rendered":"<p>[vc_row text_align=&#8220;center&#8220; text_color=&#8220;#ffffff&#8220; type=&#8220;image&#8220; enable_parallax=&#8220;false&#8220; padding_top=&#8220;90&#8243; el_class=&#8220;section-one&#8220; bg_image=&#8220;66&#8243;][vc_column][vc_single_image image=&#8220;70&#8243; img_size=&#8220;full&#8220; alignment=&#8220;center&#8220; animation=&#8220;animate-when-almost-visible&#8220; css_animation=&#8220;bottom-to-top&#8220;][vc_column_text css=&#8220;.vc_custom_1500383159625{margin-top: -25px !important;margin-bottom: 20px !important;}&#8220;]<\/p>\n<h1>903 Blutentnahmeger\u00e4te<\/h1>\n<h4>Ein F\u00fchrer in der Branche seit 40 Jahren<\/h4>\n<p>[\/vc_column_text]<a class=\"btn no-border-radius btn-primary\" href=\"https:\/\/ebf-inc.com\/shop\/?lang=de\">PRODUKTE<\/a><a class=\"btn no-border-radius btn-default\" href=\"https:\/\/ebf-inc.com\/kontakt\/?lang=de\">KONTAKT<\/a>[vc_empty_space height=&#8220;50&#8243;][vc_row_inner css=&#8220;.vc_custom_1501580716826{padding-right: 15% !important;padding-left: 15% !important;}&#8220;][vc_column_inner width=&#8220;1\/3&#8243;][vc_column_text lead=&#8220;yes&#8220;]<i class=\"icon-check\"><\/i>  Trockenblutfleck[\/vc_column_text][\/vc_column_inner][vc_column_inner width=&#8220;1\/3&#8243;][vc_column_text lead=&#8220;yes&#8220;]<i class=\"icon-check\"><\/i>  Getrocknete Urinsammlung[\/vc_column_text][\/vc_column_inner][vc_column_inner width=&#8220;1\/3&#8243;][vc_column_text lead=&#8220;yes&#8220;]<i class=\"icon-check\"><\/i>  Kundenspezifische Sammlungskits[\/vc_column_text][\/vc_column_inner][\/vc_row_inner][\/vc_column][\/vc_row][vc_row type=&#8220;color&#8220; bg_color=&#8220;#f7f7f7&#8243; padding_top=&#8220;50&#8243; padding_bottom=&#8220;50&#8243;][vc_column]<div class=\"row multi-columns-row colored-icons two-column-items divided-items\"><div class=\"one-by-one-animated animate-when-almost-visible\"><div class=\"feature-items col-xs-12 col-sm-6 col-md-6\"><div class=\"kleo-block feature-item list-el-animated default-icons-size\"><span class=\"feature-icon el-appear icon-check\"><\/span><h3 class=\"feature-title\">Allgemeine Information<\/h3><div class=\"feature-text\">Getrocknete Blutspot (DBS) Sammelkarten sind eine stabile und kosteng\u00fcnstige Methode, um Blutproben von einem Fingerstich zu erhalten, die leicht zur weiteren Analyse transportiert werden k\u00f6nnen. EBF ist die exklusive Fertigung von 903 DBS Probenahmekarten weltweit. Wir fertigen auch Sammelkarten f\u00fcr getrocknete Urin- und Probensammels\u00e4tze. 903 DBS-Karten sind bei der FDA registriert und entsprechen der EU-IVD-Richtlinie.<\/div><\/div><\/div><div class=\"feature-items col-xs-12 col-sm-6 col-md-6\"><div class=\"kleo-block feature-item list-el-animated default-icons-size\"><span class=\"feature-icon el-appear icon-check\"><\/span><h3 class=\"feature-title\">EBF 903 Qualit\u00e4tskontrolle<\/h3><div class=\"feature-text\">EBF kontrolliert sorgf\u00e4ltig den Herstellungsprozess, um eine homogene Zusammensetzung, eine gleichm\u00e4\u00dfige Dicke, Durchflussrate, Saugf\u00e4higkeit und Reinheit zu gew\u00e4hrleisten. Da es sich um ein Medizinprodukt in den USA handelt, muss EBF 903 Papier unter Kontrollen hergestellt werden, die den FDA-Qualit\u00e4tssicherungsvorschriften entsprechen. Dar\u00fcber hinaus wird die Serum-Aufnahme-Analyse f\u00fcr jede Partie von 903 Papier von der Centers for Disease Control Newborn Screening Qualit\u00e4tssicherung Programm durchgef\u00fchrt.<\/div><\/div><\/div><div class=\"feature-items col-xs-12 col-sm-6 col-md-6\"><div class=\"kleo-block feature-item list-el-animated default-icons-size\"><span class=\"feature-icon el-appear icon-check\"><\/span><h3 class=\"feature-title\">Anwendungen<\/h3><div class=\"feature-text\">EBF 903 Probenahmekarten sind FDA zugelassene medizinische Ger\u00e4te der Klasse II f\u00fcr diagnostische Anwendungen. DBS wird routinem\u00e4\u00dfig bei neugeborenen metabolischen Screening, Virologie, Immunologie, Toxikologie, Biomarker-Analyse, Gesundheit und Wellness und anderen diagnostischen Anwendungen eingesetzt.<\/div><\/div><\/div><div class=\"feature-items col-xs-12 col-sm-6 col-md-6\"><div class=\"kleo-block feature-item list-el-animated default-icons-size\"><span class=\"feature-icon el-appear icon-check\"><\/span><h3 class=\"feature-title\">Kundenspezifische L\u00f6sungen<\/h3><div class=\"feature-text\">EBF ist spezialisiert auf ma\u00dfgeschneiderte L\u00f6sungen f\u00fcr die DBS-Probenahme. Wir fertigen eine Reihe von Sammelkartenformaten, einschlie\u00dflich Kassetten-Stilkarten, die f\u00fcr eine automatisierte DBS-Analyse geeignet sind. Wir k\u00f6nnen auch laufende Nummern und Barcodes nach Ihren Vorgaben einbinden. Dar\u00fcber hinaus bieten wir ma\u00dfgeschneiderte Kitting-L\u00f6sungen inklusive aller notwendigen Komponenten f\u00fcr die Sammlung, Lagerung und den Transport von getrockneten Blutspots.<\/div><\/div><\/div><\/div><\/div>[\/vc_column][\/vc_row][vc_row][vc_column][vc_column_text]<\/p>\n<h2>Produkte<\/h2>\n<p>[\/vc_column_text]<div class=\"woocommerce columns-5 \"><ul class=\"products\"><li class=\"post-11 product type-product status-publish has-post-thumbnail product_cat-uncategorized-de first instock shipping-taxable purchasable product-type-simple\">\n\t<div class=\"product-loop-inner\">\n\t\t<figure class=\"product-transition-single\">\n\t\t\t\n\t\t\t<a href=\"https:\/\/ebf-inc.com\/de\/produkt\/903-funf-punkt-blutkarte-eu\/\">\n\n\t\t\t\t<div class=\"kleo-woo-image kleo-woo-front-image\"><img loading=\"lazy\" decoding=\"async\" width=\"300\" height=\"300\" src=\"https:\/\/ebf-inc.com\/wp-content\/uploads\/2017\/07\/5-spot-eu.jpg\" class=\"attachment-woocommerce_thumbnail size-woocommerce_thumbnail\" alt=\"903 Five Spot Blood Card (EU)\" srcset=\"https:\/\/ebf-inc.com\/wp-content\/uploads\/2017\/07\/5-spot-eu.jpg 500w, https:\/\/ebf-inc.com\/wp-content\/uploads\/2017\/07\/5-spot-eu-150x150.jpg 150w, https:\/\/ebf-inc.com\/wp-content\/uploads\/2017\/07\/5-spot-eu-300x300.jpg 300w, https:\/\/ebf-inc.com\/wp-content\/uploads\/2017\/07\/5-spot-eu-180x180.jpg 180w\" sizes=\"auto, (max-width: 300px) 100vw, 300px\" \/><\/div>\n\t\t\t<\/a>\n\n\t\t\t\t\t\t<figcaption>\n\t\t\t\t<div class=\"shop-actions clearfix\">\n\t\t\t\t\n\t\t\t\t\t<a href=\"\/de\/wp-json\/wp\/v2\/pages\/666?add-to-cart=11\" aria-describedby=\"woocommerce_loop_add_to_cart_link_describedby_11\" data-quantity=\"1\" class=\"button product_type_simple add_to_cart_button ajax_add_to_cart\" data-product_id=\"11\" data-product_sku=\"\" aria-label=\"In den Warenkorb legen: \u201e903 Five Spot Blood Card (EU)\u201c\" rel=\"nofollow\" data-success_message=\"\u201e903 Five Spot Blood Card (EU)\u201c wurde deinem Warenkorb hinzugef\u00fcgt\" data-product_price=\"125\" data-product_name=\"903 Five Spot Blood Card (EU)\" data-google_product_id=\"\">In den Warenkorb<\/a>\t<span id=\"woocommerce_loop_add_to_cart_link_describedby_11\" class=\"screen-reader-text\">\n\t\t\t<\/span>\n<div class=\"quick-view hover-tip\" data-prod=\"11\">Quick View<\/div>\t\t\t\t\t\n\t\t\t\t<\/div>\n\t\t\t<\/figcaption>\n\t\t\t\t\t<\/figure>\n\n\t\t<div class=\"product-details\">\n\t\t\t<span class=\"posted_in\"> <a href=\"https:\/\/ebf-inc.com\/de\/product-category\/uncategorized-de\/\" rel=\"tag\">Uncategorized<\/a><\/span><h3><a href=\"https:\/\/ebf-inc.com\/de\/produkt\/903-funf-punkt-blutkarte-eu\/\">903 Five Spot Blood Card (EU)<\/a><\/h3>\t\t<\/div>\n\n\t\t\n\t<span class=\"price\"><span class=\"woocommerce-Price-amount amount\"><bdi><span class=\"woocommerce-Price-currencySymbol\">&#36;<\/span>125.00<\/bdi><\/span><\/span>\n\t<\/div>\n<\/li><li class=\"post-14 product type-product status-publish has-post-thumbnail product_cat-uncategorized-de  instock shipping-taxable purchasable product-type-simple\">\n\t<div class=\"product-loop-inner\">\n\t\t<figure class=\"product-transition-single\">\n\t\t\t\n\t\t\t<a href=\"https:\/\/ebf-inc.com\/de\/produkt\/903-funf-punkt-blutkarte-us\/\">\n\n\t\t\t\t<div class=\"kleo-woo-image kleo-woo-front-image\"><img loading=\"lazy\" decoding=\"async\" width=\"300\" height=\"300\" src=\"https:\/\/ebf-inc.com\/wp-content\/uploads\/2017\/07\/5-spot-us.jpg\" class=\"attachment-woocommerce_thumbnail size-woocommerce_thumbnail\" alt=\"903 Five Spot Blood Card (US)\" srcset=\"https:\/\/ebf-inc.com\/wp-content\/uploads\/2017\/07\/5-spot-us.jpg 500w, https:\/\/ebf-inc.com\/wp-content\/uploads\/2017\/07\/5-spot-us-150x150.jpg 150w, https:\/\/ebf-inc.com\/wp-content\/uploads\/2017\/07\/5-spot-us-300x300.jpg 300w, https:\/\/ebf-inc.com\/wp-content\/uploads\/2017\/07\/5-spot-us-180x180.jpg 180w\" sizes=\"auto, (max-width: 300px) 100vw, 300px\" \/><\/div>\n\t\t\t<\/a>\n\n\t\t\t\t\t\t<figcaption>\n\t\t\t\t<div class=\"shop-actions clearfix\">\n\t\t\t\t\n\t\t\t\t\t<a href=\"\/de\/wp-json\/wp\/v2\/pages\/666?add-to-cart=14\" aria-describedby=\"woocommerce_loop_add_to_cart_link_describedby_14\" data-quantity=\"1\" class=\"button product_type_simple add_to_cart_button ajax_add_to_cart\" data-product_id=\"14\" data-product_sku=\"\" aria-label=\"In den Warenkorb legen: \u201e903 Five Spot Blood Card (US)\u201c\" rel=\"nofollow\" data-success_message=\"\u201e903 Five Spot Blood Card (US)\u201c wurde deinem Warenkorb hinzugef\u00fcgt\" data-product_price=\"125.00\" data-product_name=\"903 Five Spot Blood Card (US)\" data-google_product_id=\"\">In den Warenkorb<\/a>\t<span id=\"woocommerce_loop_add_to_cart_link_describedby_14\" class=\"screen-reader-text\">\n\t\t\t<\/span>\n<div class=\"quick-view hover-tip\" data-prod=\"14\">Quick View<\/div>\t\t\t\t\t\n\t\t\t\t<\/div>\n\t\t\t<\/figcaption>\n\t\t\t\t\t<\/figure>\n\n\t\t<div class=\"product-details\">\n\t\t\t<span class=\"posted_in\"> <a href=\"https:\/\/ebf-inc.com\/de\/product-category\/uncategorized-de\/\" rel=\"tag\">Uncategorized<\/a><\/span><h3><a href=\"https:\/\/ebf-inc.com\/de\/produkt\/903-funf-punkt-blutkarte-us\/\">903 Five Spot Blood Card (US)<\/a><\/h3>\t\t<\/div>\n\n\t\t\n\t<span class=\"price\"><span class=\"woocommerce-Price-amount amount\"><bdi><span class=\"woocommerce-Price-currencySymbol\">&#36;<\/span>125.00<\/bdi><\/span><\/span>\n\t<\/div>\n<\/li><li class=\"post-88 product type-product status-publish has-post-thumbnail product_cat-uncategorized-de  instock shipping-taxable purchasable product-type-simple\">\n\t<div class=\"product-loop-inner\">\n\t\t<figure class=\"product-transition-single\">\n\t\t\t\n\t\t\t<a href=\"https:\/\/ebf-inc.com\/de\/produkt\/ebf-folienbeutel-3-7-8-x-5-5-8\/\">\n\n\t\t\t\t<div class=\"kleo-woo-image kleo-woo-front-image\"><img loading=\"lazy\" decoding=\"async\" width=\"300\" height=\"300\" src=\"https:\/\/ebf-inc.com\/wp-content\/uploads\/2017\/07\/foil-bag.jpg\" class=\"attachment-woocommerce_thumbnail size-woocommerce_thumbnail\" alt=\"EBF Foil Bag (3-7\/8\u2033 x 5-5\/8\u2033)\" srcset=\"https:\/\/ebf-inc.com\/wp-content\/uploads\/2017\/07\/foil-bag.jpg 500w, https:\/\/ebf-inc.com\/wp-content\/uploads\/2017\/07\/foil-bag-150x150.jpg 150w, https:\/\/ebf-inc.com\/wp-content\/uploads\/2017\/07\/foil-bag-300x300.jpg 300w, https:\/\/ebf-inc.com\/wp-content\/uploads\/2017\/07\/foil-bag-180x180.jpg 180w\" sizes=\"auto, (max-width: 300px) 100vw, 300px\" \/><\/div>\n\t\t\t<\/a>\n\n\t\t\t\t\t\t<figcaption>\n\t\t\t\t<div class=\"shop-actions clearfix\">\n\t\t\t\t\n\t\t\t\t\t<a href=\"\/de\/wp-json\/wp\/v2\/pages\/666?add-to-cart=88\" aria-describedby=\"woocommerce_loop_add_to_cart_link_describedby_88\" data-quantity=\"1\" class=\"button product_type_simple add_to_cart_button ajax_add_to_cart\" data-product_id=\"88\" data-product_sku=\"\" aria-label=\"In den Warenkorb legen: \u201eEBF Foil Bag (3-7\/8\u2033 x 5-5\/8\u2033)\u201c\" rel=\"nofollow\" data-success_message=\"\u201eEBF Foil Bag (3-7\/8\u2033 x 5-5\/8\u2033)\u201c wurde deinem Warenkorb hinzugef\u00fcgt\" data-product_price=\"65\" data-product_name=\"EBF Foil Bag (3-7\/8\u2033 x 5-5\/8\u2033)\" data-google_product_id=\"\">In den Warenkorb<\/a>\t<span id=\"woocommerce_loop_add_to_cart_link_describedby_88\" class=\"screen-reader-text\">\n\t\t\t<\/span>\n<div class=\"quick-view hover-tip\" data-prod=\"88\">Quick View<\/div>\t\t\t\t\t\n\t\t\t\t<\/div>\n\t\t\t<\/figcaption>\n\t\t\t\t\t<\/figure>\n\n\t\t<div class=\"product-details\">\n\t\t\t<span class=\"posted_in\"> <a href=\"https:\/\/ebf-inc.com\/de\/product-category\/uncategorized-de\/\" rel=\"tag\">Uncategorized<\/a><\/span><h3><a href=\"https:\/\/ebf-inc.com\/de\/produkt\/ebf-folienbeutel-3-7-8-x-5-5-8\/\">EBF Foil Bag (3-7\/8\u2033 x 5-5\/8\u2033)<\/a><\/h3>\t\t<\/div>\n\n\t\t\n\t<span class=\"price\"><span class=\"woocommerce-Price-amount amount\"><bdi><span class=\"woocommerce-Price-currencySymbol\">&#36;<\/span>65.00<\/bdi><\/span><\/span>\n\t<\/div>\n<\/li><li class=\"post-90 product type-product status-publish has-post-thumbnail product_cat-uncategorized-de  instock shipping-taxable purchasable product-type-simple\">\n\t<div class=\"product-loop-inner\">\n\t\t<figure class=\"product-transition-single\">\n\t\t\t\n\t\t\t<a href=\"https:\/\/ebf-inc.com\/de\/produkt\/generische-multipartkarte\/\">\n\n\t\t\t\t<div class=\"kleo-woo-image kleo-woo-front-image\"><img loading=\"lazy\" decoding=\"async\" width=\"300\" height=\"300\" src=\"https:\/\/ebf-inc.com\/wp-content\/uploads\/2017\/07\/generic.jpg\" class=\"attachment-woocommerce_thumbnail size-woocommerce_thumbnail\" alt=\"Generic Multipart Card\" srcset=\"https:\/\/ebf-inc.com\/wp-content\/uploads\/2017\/07\/generic.jpg 500w, https:\/\/ebf-inc.com\/wp-content\/uploads\/2017\/07\/generic-150x150.jpg 150w, https:\/\/ebf-inc.com\/wp-content\/uploads\/2017\/07\/generic-300x300.jpg 300w, https:\/\/ebf-inc.com\/wp-content\/uploads\/2017\/07\/generic-180x180.jpg 180w\" sizes=\"auto, (max-width: 300px) 100vw, 300px\" \/><\/div>\n\t\t\t<\/a>\n\n\t\t\t\t\t\t<figcaption>\n\t\t\t\t<div class=\"shop-actions clearfix\">\n\t\t\t\t\n\t\t\t\t\t<a href=\"\/de\/wp-json\/wp\/v2\/pages\/666?add-to-cart=90\" aria-describedby=\"woocommerce_loop_add_to_cart_link_describedby_90\" data-quantity=\"1\" class=\"button product_type_simple add_to_cart_button ajax_add_to_cart\" data-product_id=\"90\" data-product_sku=\"\" aria-label=\"In den Warenkorb legen: \u201eGeneric Multipart Card\u201c\" rel=\"nofollow\" data-success_message=\"\u201eGeneric Multipart Card\u201c wurde deinem Warenkorb hinzugef\u00fcgt\" data-product_price=\"144\" data-product_name=\"Generic Multipart Card\" data-google_product_id=\"\">In den Warenkorb<\/a>\t<span id=\"woocommerce_loop_add_to_cart_link_describedby_90\" class=\"screen-reader-text\">\n\t\t\t<\/span>\n<div class=\"quick-view hover-tip\" data-prod=\"90\">Quick View<\/div>\t\t\t\t\t\n\t\t\t\t<\/div>\n\t\t\t<\/figcaption>\n\t\t\t\t\t<\/figure>\n\n\t\t<div class=\"product-details\">\n\t\t\t<span class=\"posted_in\"> <a href=\"https:\/\/ebf-inc.com\/de\/product-category\/uncategorized-de\/\" rel=\"tag\">Uncategorized<\/a><\/span><h3><a href=\"https:\/\/ebf-inc.com\/de\/produkt\/generische-multipartkarte\/\">Generic Multipart Card<\/a><\/h3>\t\t<\/div>\n\n\t\t\n\t<span class=\"price\"><span class=\"woocommerce-Price-amount amount\"><bdi><span class=\"woocommerce-Price-currencySymbol\">&#36;<\/span>144.00<\/bdi><\/span><\/span>\n\t<\/div>\n<\/li><li class=\"post-92 product type-product status-publish product_cat-uncategorized-de last instock shipping-taxable purchasable product-type-simple\">\n\t<div class=\"product-loop-inner\">\n\t\t<figure class=\"product-transition-single\">\n\t\t\t\n\t\t\t<a href=\"https:\/\/ebf-inc.com\/de\/produkt\/neonatale-std-eu-englische-karte\/\">\n\n\t\t\t\t<div class=\"kleo-woo-image kleo-woo-front-image\"><img loading=\"lazy\" decoding=\"async\" width=\"300\" height=\"300\" src=\"https:\/\/ebf-inc.com\/wp-content\/uploads\/woocommerce-placeholder.png\" class=\"woocommerce-placeholder wp-post-image\" alt=\"Platzhalter\" srcset=\"https:\/\/ebf-inc.com\/wp-content\/uploads\/woocommerce-placeholder.png 1200w, https:\/\/ebf-inc.com\/wp-content\/uploads\/woocommerce-placeholder-300x300.png 300w, https:\/\/ebf-inc.com\/wp-content\/uploads\/woocommerce-placeholder-1024x1024.png 1024w, https:\/\/ebf-inc.com\/wp-content\/uploads\/woocommerce-placeholder-150x150.png 150w, https:\/\/ebf-inc.com\/wp-content\/uploads\/woocommerce-placeholder-768x768.png 768w, https:\/\/ebf-inc.com\/wp-content\/uploads\/woocommerce-placeholder-672x672.png 672w, https:\/\/ebf-inc.com\/wp-content\/uploads\/woocommerce-placeholder-1038x1038.png 1038w\" sizes=\"auto, (max-width: 300px) 100vw, 300px\" \/><\/div>\n\t\t\t<\/a>\n\n\t\t\t\t\t\t<figcaption>\n\t\t\t\t<div class=\"shop-actions clearfix\">\n\t\t\t\t\n\t\t\t\t\t<a href=\"\/de\/wp-json\/wp\/v2\/pages\/666?add-to-cart=92\" aria-describedby=\"woocommerce_loop_add_to_cart_link_describedby_92\" data-quantity=\"1\" class=\"button product_type_simple add_to_cart_button ajax_add_to_cart\" data-product_id=\"92\" data-product_sku=\"\" aria-label=\"In den Warenkorb legen: \u201e903 Ten Spot Card\u201c\" rel=\"nofollow\" data-success_message=\"\u201e903 Ten Spot Card\u201c wurde deinem Warenkorb hinzugef\u00fcgt\" data-product_price=\"165\" data-product_name=\"903 Ten Spot Card\" data-google_product_id=\"\">In den Warenkorb<\/a>\t<span id=\"woocommerce_loop_add_to_cart_link_describedby_92\" class=\"screen-reader-text\">\n\t\t\t<\/span>\n<div class=\"quick-view hover-tip\" data-prod=\"92\">Quick View<\/div>\t\t\t\t\t\n\t\t\t\t<\/div>\n\t\t\t<\/figcaption>\n\t\t\t\t\t<\/figure>\n\n\t\t<div class=\"product-details\">\n\t\t\t<span class=\"posted_in\"> <a href=\"https:\/\/ebf-inc.com\/de\/product-category\/uncategorized-de\/\" rel=\"tag\">Uncategorized<\/a><\/span><h3><a href=\"https:\/\/ebf-inc.com\/de\/produkt\/neonatale-std-eu-englische-karte\/\">903 Ten Spot Card<\/a><\/h3>\t\t<\/div>\n\n\t\t\n\t<span class=\"price\"><span class=\"woocommerce-Price-amount amount\"><bdi><span class=\"woocommerce-Price-currencySymbol\">&#36;<\/span>165.00<\/bdi><\/span><\/span>\n\t<\/div>\n<\/li><\/ul>\n<\/div>[\/vc_column][\/vc_row][vc_row text_align=&#8220;center&#8220; text_color=&#8220;#ffffff&#8220; type=&#8220;color&#8220; bg_color=&#8220;#154b6b&#8220; padding_top=&#8220;50&#8243; padding_bottom=&#8220;50&#8243;][vc_column width=&#8220;1\/3&#8243;][vc_single_image image=&#8220;57&#8243; img_size=&#8220;full&#8220; alignment=&#8220;center&#8220;][vc_column_text]<\/p>\n<h3>Hochwertige Fertigung<\/h3>\n<p>Strenge Qualit\u00e4tskontrolle und GMP-Standards sorgen f\u00fcr hohe Qualit\u00e4t, Reproduzierbarkeit und Reinheit [\/vc_column_text][\/vc_column][vc_column width=&#8220;1\/3&#8243;][vc_single_image image=&#8220;62&#8243; img_size=&#8220;full&#8220; alignment=&#8220;center&#8220;][vc_column_text]<\/p>\n<h3>Anpassungsm\u00f6glichkeiten<\/h3>\n<p>Einschlie\u00dflich Barcodes, scannbare Formate mit optischer Zeichenerkennung (OCR), kohlenstofffreie Kopien und vieles mehr[\/vc_column_text][\/vc_column][vc_column width=&#8220;1\/3&#8243;][vc_single_image image=&#8220;61&#8243; img_size=&#8220;full&#8220; alignment=&#8220;center&#8220;][vc_column_text]<\/p>\n<h3>Erstellen Sie Ihr eigenes Formular<\/h3>\n<p>Oder w\u00e4hlen Sie aus einer breiten Palette von generischen Sammlung Kartenformate[\/vc_column_text][\/vc_column][\/vc_row][vc_row text_align=&#8220;center&#8220; padding_top=&#8220;50&#8243; padding_bottom=&#8220;55&#8243;][vc_column][vc_column_text lead=&#8220;yes&#8220;]<strong>EBF ist ISO-zertifiziert, registriert bei der<\/strong><br \/>\n<strong>FDA und konform mit der EU-IVD-Richtlinie.<\/strong>[\/vc_column_text][vc_single_image image=&#8220;50&#8243; img_size=&#8220;full&#8220; alignment=&#8220;center&#8220;][\/vc_column][\/vc_row][vc_row type=&#8220;color&#8220; bg_color=&#8220;#fcfcfc&#8220; padding_top=&#8220;50&#8243; padding_bottom=&#8220;55&#8243;][vc_column]<div class=\"wpb_wrapper\"><div class=\"kleo-carousel-container kleo-testimonials\"><div class=\"kleo-carousel-items kleo-carousel-testimonials\" data-scroll-fx=\"crossfade\" data-autoplay=\"true\" data-min-items=\"1\" data-max-items=\"2\" data-speed=\"5000\" data-items-height=\"300\"><ul class=\"kleo-carousel\">\t\n\n\t\t\t\t<li class=\"\">\n\t\t\t\t\t<div class=\"testimonial-image\">\n\t\t\t\t\t\t\t\t\t\t\t<\/div>\n\t\t\t\t\t<div class=\"testimonial-content\">\n\t\t\t\t\t\t<p>Wir sch\u00e4tzen unsere Beziehung zu EBF. Sie sind freundlich, sachkundig, und ihre Reaktionszeit auf Anf\u00fchrungszeichen und andere verschiedene Anfragen ist einwandfrei. Diese Reaktionsf\u00e4higkeit ist f\u00fcr uns in einem Partneranbieter besonders wichtig, da es uns erm\u00f6glicht, den Kunden ein H\u00f6chstma\u00df an Service zu bieten.<\/p>\n\t\t\t\t\t<\/div>\n\t\t\t\t\t<div class=\"testimonial-meta\">\n\t\t\t\t\t\t<strong class=\"testimonial-name\">Cindy Dickman<\/strong>\n\t\t\t\t\t\t<span class=\"testimonial-subtitle\"><\/span>\n\t\t\t\t\t<\/div>\n\t\t\t\t<\/li>\n\t\t\n\t\t\t\t\n\n\t\t\t\t<li class=\"\">\n\t\t\t\t\t<div class=\"testimonial-image\">\n\t\t\t\t\t\t\t\t\t\t\t<\/div>\n\t\t\t\t\t<div class=\"testimonial-content\">\n\t\t\t\t\t\t<p>&#8222;Die Standardisierung und Qualit\u00e4tssicherung der einteiligen Karte ist uns am wichtigsten, da sie eine sichere und akkreditierte Handhabung sicherstellt.&#8220;<\/p>\n\t\t\t\t\t<\/div>\n\t\t\t\t\t<div class=\"testimonial-meta\">\n\t\t\t\t\t\t<strong class=\"testimonial-name\">Linda Malan<\/strong>\n\t\t\t\t\t\t<span class=\"testimonial-subtitle\"><\/span>\n\t\t\t\t\t<\/div>\n\t\t\t\t<\/li>\n\t\t\n\t\t\t\t\n\n\t\t\t\t<li class=\"\">\n\t\t\t\t\t<div class=\"testimonial-image\">\n\t\t\t\t\t\t\t\t\t\t\t<\/div>\n\t\t\t\t\t<div class=\"testimonial-content\">\n\t\t\t\t\t\t<p>&#8222;Die zweiteilige Karte ist von hohem Wert, da es uns erm\u00f6glicht, die Blutprobe und die demographischen Daten an verschiedenen Orten zu speichern und so einen absoluten Datenschutz zu gew\u00e4hrleisten.&#8220;<\/p>\n\t\t\t\t\t<\/div>\n\t\t\t\t\t<div class=\"testimonial-meta\">\n\t\t\t\t\t\t<strong class=\"testimonial-name\">Dr. rer. nat. Cornelia Mueller<\/strong>\n\t\t\t\t\t\t<span class=\"testimonial-subtitle\"><\/span>\n\t\t\t\t\t<\/div>\n\t\t\t\t<\/li>\n\t\t\n\t\t\t\t\n\n\t\t\t\t<li class=\"\">\n\t\t\t\t\t<div class=\"testimonial-image\">\n\t\t\t\t\t\t\t\t\t\t\t<\/div>\n\t\t\t\t\t<div class=\"testimonial-content\">\n\t\t\t\t\t\t<p>&#8222;Nicht nur Screening-Labore, sondern auch die Mitarbeiter des Gesundheitsspeichers, die die Blutspots sammeln, sch\u00e4tzen die Flexibilit\u00e4t der Verwendung der gleichen Karte f\u00fcr ihre individuellen Dokumentationsanforderungen.&#8220;<\/p>\n\t\t\t\t\t<\/div>\n\t\t\t\t\t<div class=\"testimonial-meta\">\n\t\t\t\t\t\t<strong class=\"testimonial-name\">Kate Hall<\/strong>\n\t\t\t\t\t\t<span class=\"testimonial-subtitle\"><\/span>\n\t\t\t\t\t<\/div>\n\t\t\t\t<\/li>\n\t\t\n\t\t\t\t\n\n\t\t\t\t<li class=\"\">\n\t\t\t\t\t<div class=\"testimonial-image\">\n\t\t\t\t\t\t\t\t\t\t\t<\/div>\n\t\t\t\t\t<div class=\"testimonial-content\">\n\t\t\t\t\t\t<p>&#8222;Die klare Differenzierung der Kassettenkarten zwischen dem Rahmen, in dem die gesamte Registrierung platziert ist, und das Filterpapier, in dem das Blut gesammelt wird, hat deutlich verbesserte Prozessabl\u00e4ufe, Geschwindigkeit und Qualit\u00e4t.&#8220;<\/p>\n\t\t\t\t\t<\/div>\n\t\t\t\t\t<div class=\"testimonial-meta\">\n\t\t\t\t\t\t<strong class=\"testimonial-name\">Dr. Francois Eyskens<\/strong>\n\t\t\t\t\t\t<span class=\"testimonial-subtitle\"><\/span>\n\t\t\t\t\t<\/div>\n\t\t\t\t<\/li>\n\t\t\n\t\t\t<\/ul><!-- end kleo-carousel --><\/div><!-- end kleo-carousel-items --><div class=\"kleo-carousel-pager carousel-pager\"><\/div><\/div><!-- end kleo-testimonials carousel-container --><\/div>[\/vc_column][\/vc_row]<\/p>\n","protected":false},"excerpt":{"rendered":"<p>[vc_row text_align=&#8220;center&#8220; text_color=&#8220;#ffffff&#8220; type=&#8220;image&#8220; enable_parallax=&#8220;false&#8220; padding_top=&#8220;90&#8243; el_class=&#8220;section-one&#8220; bg_image=&#8220;66&#8243;][vc_column][vc_single_image image=&#8220;70&#8243; img_size=&#8220;full&#8220; alignment=&#8220;center&#8220; animation=&#8220;animate-when-almost-visible&#8220; css_animation=&#8220;bottom-to-top&#8220;][vc_column_text css=&#8220;.vc_custom_1500383159625{margin-top: -25px !important;margin-bottom: 20px !important;}&#8220;] 903 Blutentnahmeger\u00e4te Ein F\u00fchrer in der Branche seit 40 Jahren [\/vc_column_text][vc_empty_space height=&#8220;50&#8243;][vc_row_inner css=&#8220;.vc_custom_1501580716826{padding-right: 15% !important;padding-left: 15% !important;}&#8220;][vc_column_inner width=&#8220;1\/3&#8243;][vc_column_text lead=&#8220;yes&#8220;] Trockenblutfleck[\/vc_column_text][\/vc_column_inner][vc_column_inner width=&#8220;1\/3&#8243;][vc_column_text lead=&#8220;yes&#8220;] Getrocknete Urinsammlung[\/vc_column_text][\/vc_column_inner][vc_column_inner width=&#8220;1\/3&#8243;][vc_column_text lead=&#8220;yes&#8220;] Kundenspezifische Sammlungskits[\/vc_column_text][\/vc_column_inner][\/vc_row_inner][\/vc_column][\/vc_row][vc_row type=&#8220;color&#8220; bg_color=&#8220;#f7f7f7&#8243; padding_top=&#8220;50&#8243; padding_bottom=&#8220;50&#8243;][vc_column][\/vc_column][\/vc_row][vc_row][vc_column][vc_column_text] Produkte [\/vc_column_text][\/vc_column][\/vc_row][vc_row text_align=&#8220;center&#8220; text_color=&#8220;#ffffff&#8220; type=&#8220;color&#8220; bg_color=&#8220;#154b6b&#8220; padding_top=&#8220;50&#8243; padding_bottom=&#8220;50&#8243;][vc_column width=&#8220;1\/3&#8243;][vc_single_image image=&#8220;57&#8243; [&hellip;]<\/p>\n","protected":false},"author":32,"featured_media":0,"parent":0,"menu_order":0,"comment_status":"closed","ping_status":"closed","template":"page-templates\/full-width.php","meta":{"footnotes":""},"class_list":["post-666","page","type-page","status-publish","hentry"],"_links":{"self":[{"href":"https:\/\/ebf-inc.com\/de\/wp-json\/wp\/v2\/pages\/666","targetHints":{"allow":["GET"]}}],"collection":[{"href":"https:\/\/ebf-inc.com\/de\/wp-json\/wp\/v2\/pages"}],"about":[{"href":"https:\/\/ebf-inc.com\/de\/wp-json\/wp\/v2\/types\/page"}],"author":[{"embeddable":true,"href":"https:\/\/ebf-inc.com\/de\/wp-json\/wp\/v2\/users\/32"}],"replies":[{"embeddable":true,"href":"https:\/\/ebf-inc.com\/de\/wp-json\/wp\/v2\/comments?post=666"}],"version-history":[{"count":20,"href":"https:\/\/ebf-inc.com\/de\/wp-json\/wp\/v2\/pages\/666\/revisions"}],"predecessor-version":[{"id":786,"href":"https:\/\/ebf-inc.com\/de\/wp-json\/wp\/v2\/pages\/666\/revisions\/786"}],"wp:attachment":[{"href":"https:\/\/ebf-inc.com\/de\/wp-json\/wp\/v2\/media?parent=666"}],"curies":[{"name":"wp","href":"https:\/\/api.w.org\/{rel}","templated":true}]}}