{"id":624,"date":"2017-08-18T23:04:31","date_gmt":"2017-08-18T23:04:31","guid":{"rendered":"https:\/\/ebf-inc.com\/produkte\/"},"modified":"2017-08-19T00:48:44","modified_gmt":"2017-08-19T00:48:44","slug":"produkte","status":"publish","type":"page","link":"https:\/\/ebf-inc.com\/de\/produkte\/","title":{"rendered":"Produkte"},"content":{"rendered":"<p>[vc_row][vc_column width=&#8220;1\/2&#8243;][vc_empty_space height=&#8220;62px&#8220;][vc_column_text]<\/p>\n<h3>903 Getrocknete Blutspot-Sammlung Ger\u00e4te sind f\u00fcr die Sammlung von Neugeborenen Blut entwickelt.<\/h3>\n<p>Vorgedruckte Karten enthalten ein Formular, um demografische Informationen \u00fcber das Neugeborene auszuf\u00fcllen. W\u00e4hlen Sie aus einer Reihe von vorgedruckten Formaten, oder w\u00e4hlen Sie benutzerdefinierte Druck f\u00fcr bestimmte Anwendungen.<\/p>\n<p>Die getrockneten Blutspot-Karten sind gebrauchsfertig und bieten eine einfache Sammlung, Identifizierung und Transport von Proben, ohne die Notwendigkeit f\u00fcr kostspielige Gefrierschr\u00e4nke oder Lieferung auf Trockeneis.[\/vc_column_text][vc_column_text]<\/p>\n<ul>\n<li><strong><a href=\"#twopart\" rel=\"m_PageScroll2id\">903 Zweiteilige Karten<\/a><\/strong><\/li>\n<li><strong><a href=\"#multipart\" rel=\"m_PageScroll2id\">903 Mehrteil Karten<\/a><\/strong><\/li>\n<li><strong><a href=\"#cassette\" rel=\"m_PageScroll2id\">903 Kassettenkarten<\/a><\/strong><\/li>\n<\/ul>\n<p>[\/vc_column_text]<a class=\"btn no-border-radius btn-default\" href=\"https:\/\/ebf-inc.com\/contact\/?lang=de\">Kontakt<\/a><a class=\"btn no-border-radius btn-primary\" href=\"https:\/\/ebf-inc.com\/shop\/?lang=de\">Jetzt bestellen<\/a>[\/vc_column][vc_column width=&#8220;1\/2&#8243;][vc_single_image image=&#8220;144&#8243; img_size=&#8220;full&#8220; alignment=&#8220;center&#8220;][\/vc_column][\/vc_row][vc_row text_align=&#8220;center&#8220; text_color=&#8220;#ffffff&#8220; type=&#8220;image&#8220; bg_position=&#8220;center&#8220; bg_position_horizontal=&#8220;center&#8220; enable_parallax=&#8220;false&#8220; parallax_speed=&#8220;0.05&#8243; padding_top=&#8220;30&#8243; padding_bottom=&#8220;30&#8243; bg_image=&#8220;151&#8243;][vc_column][vc_column_text]<\/p>\n<h3>Ready-to-use getrocknete Blutspot-Karten und Kits sparen Zeit und Kosten<br \/>\nW\u00e4hrend der Neugeborenen-Sammlung, Transport und Archivierung.<\/h3>\n<p>[\/vc_column_text][\/vc_column][\/vc_row][vc_row el_id=&#8220;twopart&#8220;][vc_column width=&#8220;1\/2&#8243; css=&#8220;.vc_custom_1501086552886{padding: 10% !important;}&#8220;][vc_images_carousel images=&#8220;153,154,155,156,157&#8243; img_size=&#8220;full&#8220; speed=&#8220;3500&#8243; autoplay=&#8220;yes&#8220; min_items=&#8220;1&#8243; max_items=&#8220;1&#8243;][\/vc_column][vc_column width=&#8220;1\/2&#8243;][vc_empty_space height=&#8220;62px&#8220;][vc_column_text]<\/p>\n<h2>903 ZWEI-TEILKARTE<\/h2>\n<p>Das Schreiben direkt auf das 903 Papier ist nicht m\u00f6glich, da es Tinte aus dem Stift absorbiert und W\u00f6rter k\u00f6nnen unleserlich erscheinen. Es erh\u00f6ht auch das Risiko der Probenkontamination. Die zweiteilige Karte besteht aus dem 903 Probenbereich, der an eine demografische Karte geklebt ist, die entweder in Schwarz oder OCR (optische Zeichenerkennung) rot erh\u00e4ltlich ist.<\/p>\n<p>Die zweiteilige Karte kann auch zus\u00e4tzliche Features wie einen Barcode enthalten und kann in mehreren Farben gedruckt werden.<br \/>\n<strong>Produktvorteile<\/strong><\/p>\n<ul>\n<li>Verwendung des Barcodesystems<\/li>\n<li>Karte kann mit mehreren Farben bedruckt werden<\/li>\n<li>Einfacheres Schreiben auf dem demogophischen Abschnitt<\/li>\n<li>OCR-scannbares Format<\/li>\n<\/ul>\n<p>[\/vc_column_text]<a class=\"btn no-border-radius btn-default\" href=\"https:\/\/ebf-inc.com\/contact\/?lang=de\">Kontakt<\/a><a class=\"btn no-border-radius btn-primary\" href=\"https:\/\/ebf-inc.com\/shop\/?lang=de\">Jetzt bestellen<\/a>[\/vc_column][\/vc_row][vc_row text_align=&#8220;center&#8220; text_color=&#8220;#ffffff&#8220; type=&#8220;image&#8220; bg_position=&#8220;center&#8220; bg_position_horizontal=&#8220;center&#8220; enable_parallax=&#8220;false&#8220; parallax_speed=&#8220;0.05&#8243; padding_top=&#8220;30&#8243; padding_bottom=&#8220;30&#8243; bg_image=&#8220;151&#8243;][vc_column][vc_column_text]<\/p>\n<h3>Strenge Qualit\u00e4tskontrolle und GMP-Fertigungsstandards<br \/>\nSorgen f\u00fcr hohe Qualit\u00e4t, Reproduzierbarkeit und Reinheit.<\/h3>\n<p>[\/vc_column_text][\/vc_column][\/vc_row][vc_row el_id=&#8220;multipart&#8220;][vc_column width=&#8220;1\/2&#8243; css=&#8220;.vc_custom_1501086552886{padding: 10% !important;}&#8220;][vc_images_carousel images=&#8220;164,162,163,165,166&#8243; img_size=&#8220;full&#8220; speed=&#8220;3500&#8243; autoplay=&#8220;yes&#8220; min_items=&#8220;1&#8243; max_items=&#8220;1&#8243;][\/vc_column][vc_column width=&#8220;1\/2&#8243;][vc_empty_space height=&#8220;62px&#8220;][vc_column_text]<\/p>\n<h2>903 MULTI TEILKARTE<\/h2>\n<p>Die mehrteilige getrocknete Blutfleckkarte besteht aus drei Teilen oder mehr und kann in schwarz oder OCR gedruckt werden. \u00c4hnlich wie die zweiteilige Karte ist der 903 Probenbereich an der demografischen Karte angebracht und kann eine oder zwei obere Kohlenstoffschichten f\u00fcr die \u00dcbertragung von Informationen haben.<\/p>\n<p>Zus\u00e4tzliche Features der Multipart-Karte beinhalten eine Wrap-around-Abdeckung, die das 903 Blutentnahmestrahchen sch\u00fctzt, einen Barcode, eine eindeutige Identifikationsnummerierung und eine Vielzahl von Tintenfarben.<\/p>\n<p><strong>Produktvorteile<\/strong><\/p>\n<ul>\n<li>Carbonless Deckschichten f\u00fcr die Herstellung von mehreren Kopien<\/li>\n<li>Schutz der Probenfl\u00e4che durch Umschlagsabdeckung<\/li>\n<\/ul>\n<p>[\/vc_column_text]<a class=\"btn no-border-radius btn-default\" href=\"https:\/\/ebf-inc.com\/contact\/?lang=de\">Kontakt<\/a><a class=\"btn no-border-radius btn-primary\" href=\"https:\/\/ebf-inc.com\/shop\/?lang=de\">Jetzt bestellen<\/a>[\/vc_column][\/vc_row][vc_row text_align=&#8220;center&#8220; text_color=&#8220;#ffffff&#8220; type=&#8220;image&#8220; bg_position=&#8220;center&#8220; bg_position_horizontal=&#8220;center&#8220; enable_parallax=&#8220;false&#8220; parallax_speed=&#8220;0.05&#8243; padding_top=&#8220;30&#8243; padding_bottom=&#8220;30&#8243; bg_image=&#8220;151&#8243;][vc_column][vc_column_text]<\/p>\n<h3>Erstellen Sie Ihr eigenes individuelles Format oder w\u00e4hlen Sie aus<br \/>\nEine breite Palette von generischen Sammlung Kartenformate<\/h3>\n<p>[\/vc_column_text][\/vc_column][\/vc_row][vc_row el_id=&#8220;cassette&#8220;][vc_column width=&#8220;1\/2&#8243; css=&#8220;.vc_custom_1501086552886{padding: 10% !important;}&#8220;][vc_images_carousel images=&#8220;163,164,162,165,166&#8243; img_size=&#8220;full&#8220; speed=&#8220;3500&#8243; autoplay=&#8220;yes&#8220; min_items=&#8220;1&#8243; max_items=&#8220;1&#8243;][\/vc_column][vc_column width=&#8220;1\/2&#8243;][vc_empty_space height=&#8220;62px&#8220;][vc_column_text]<\/p>\n<h2>903 KASSETTEKARTE<\/h2>\n<p>Kundenspezifische Kassettenformate eignen sich f\u00fcr die automatisierte Verarbeitung. Der 903 Probenbereich ist in einen Kartonrahmen integriert, der mit dem demografischen Teil verklebt ist.<\/p>\n<p>Der Kartonrahmen verleiht dem 903 Probenbereich Stabilit\u00e4t, was bei der Handhabung von Proben von Roboterinstrumenten erforderlich ist.<\/p>\n<p>Die Kassettenkarte ist mit Barcode-Informationen f\u00fcr R\u00fcckverfolgbarkeit und OCR-scannbare demografische Abschnitte verf\u00fcgbar. Nat\u00fcrlich kann Ihr individuelles Logo in mehreren Farben gedruckt werden.<\/p>\n<p><strong>Produktvorteile:<\/strong><\/p>\n<ul>\n<li>Karton-Kassettenrahmen um den Probenbereich f\u00fcr automatisiertes Handling<\/li>\n<\/ul>\n<p>[\/vc_column_text]<a class=\"btn no-border-radius btn-default\" href=\"https:\/\/ebf-inc.com\/contact\/?lang=de\">Kontakt<\/a><a class=\"btn no-border-radius btn-primary\" href=\"https:\/\/ebf-inc.com\/shop\/?lang=de\">Jetzt bestellen<\/a>[\/vc_column][\/vc_row]<\/p>\n","protected":false},"excerpt":{"rendered":"<p>[vc_row][vc_column width=&#8220;1\/2&#8243;][vc_empty_space height=&#8220;62px&#8220;][vc_column_text] 903 Getrocknete Blutspot-Sammlung Ger\u00e4te sind f\u00fcr die Sammlung von Neugeborenen Blut entwickelt. Vorgedruckte Karten enthalten ein Formular, um demografische Informationen \u00fcber das Neugeborene auszuf\u00fcllen. W\u00e4hlen Sie aus einer Reihe von vorgedruckten Formaten, oder w\u00e4hlen Sie benutzerdefinierte Druck f\u00fcr bestimmte Anwendungen. Die getrockneten Blutspot-Karten sind gebrauchsfertig und bieten eine einfache Sammlung, Identifizierung und Transport von Proben, ohne die [&hellip;]<\/p>\n","protected":false},"author":32,"featured_media":0,"parent":0,"menu_order":0,"comment_status":"closed","ping_status":"closed","template":"page-templates\/full-width.php","meta":{"footnotes":""},"class_list":["post-624","page","type-page","status-publish","hentry"],"_links":{"self":[{"href":"https:\/\/ebf-inc.com\/de\/wp-json\/wp\/v2\/pages\/624","targetHints":{"allow":["GET"]}}],"collection":[{"href":"https:\/\/ebf-inc.com\/de\/wp-json\/wp\/v2\/pages"}],"about":[{"href":"https:\/\/ebf-inc.com\/de\/wp-json\/wp\/v2\/types\/page"}],"author":[{"embeddable":true,"href":"https:\/\/ebf-inc.com\/de\/wp-json\/wp\/v2\/users\/32"}],"replies":[{"embeddable":true,"href":"https:\/\/ebf-inc.com\/de\/wp-json\/wp\/v2\/comments?post=624"}],"version-history":[{"count":11,"href":"https:\/\/ebf-inc.com\/de\/wp-json\/wp\/v2\/pages\/624\/revisions"}],"predecessor-version":[{"id":792,"href":"https:\/\/ebf-inc.com\/de\/wp-json\/wp\/v2\/pages\/624\/revisions\/792"}],"wp:attachment":[{"href":"https:\/\/ebf-inc.com\/de\/wp-json\/wp\/v2\/media?parent=624"}],"curies":[{"name":"wp","href":"https:\/\/api.w.org\/{rel}","templated":true}]}}