{"id":602,"date":"2017-08-18T22:31:30","date_gmt":"2017-08-18T22:31:30","guid":{"rendered":"https:\/\/ebf-inc.com\/uber-uns\/"},"modified":"2017-08-18T22:31:30","modified_gmt":"2017-08-18T22:31:30","slug":"uber-uns","status":"publish","type":"page","link":"https:\/\/ebf-inc.com\/de\/uber-uns\/","title":{"rendered":"\u00dcber uns"},"content":{"rendered":"<h2>Eastern Business Forms<\/h2>\n<p><img loading=\"lazy\" decoding=\"async\" src=\"https:\/\/ebf-inc.com\/wp-content\/uploads\/2017\/07\/businessman-252x300.png\" alt=\"\" width=\"168\" height=\"200\" class=\"alignleft size-medium wp-image-226\" srcset=\"https:\/\/ebf-inc.com\/wp-content\/uploads\/2017\/07\/businessman-252x300.png 252w, https:\/\/ebf-inc.com\/wp-content\/uploads\/2017\/07\/businessman.png 558w\" sizes=\"auto, (max-width: 168px) 100vw, 168px\" \/><\/p>\n<p style=\"padding-top: 15px;\">EBF produziert seit mehr als 40 Jahren neugeborene Siebger\u00e4te. EBF ist der exklusive Anbieter von 903 Filterpapier weltweit f\u00fcr den diagnostischen Einsatz und verf\u00fcgt \u00fcber umfangreiche Erfahrung in der Konstruktion und Herstellung von 903 Diagnoseger\u00e4ten und Verfahrenspaketen. EBF ist der exklusive Hersteller von getrockneten Blutspotsammelger\u00e4ten f\u00fcr Schleicher &#038; Shuell, Whatman und GE Healthcare.<\/p>\n<p>Unser Ziel ist es, die Kundenanforderungen zu \u00fcbertreffen, indem wir unsere umfangreiche Fertigungserfahrung nutzen und \u00fcberlegenen Kundenservice bieten. Wir bieten ein hohes Ma\u00df an Produktanpassung und werden mit Ihnen zusammenarbeiten, um ein qualitativ hochwertiges Produkt mit der geringstm\u00f6glichen Vorlaufzeit zu liefern, um Ihre Bed\u00fcrfnisse zu erf\u00fcllen.<\/p>\n<p>Die Firmen- und Produktionsst\u00e4tte der EBF befindet sich in Greenville, SC, USA.<\/p>\n<p style=\"padding-top: 35px;\"><strong>903 Probenentnahmeger\u00e4t<\/strong><\/p>\n<p>1962 ver\u00f6ffentlichte Dr. Robert Guthrie zun\u00e4chst Verfahren zum Screening von Neugeborenen f\u00fcr Phenylketonurie (PKU). Das 903 Sample Collection Device hat bei diesem Screening eine wichtige Rolle gespielt und dabei bei der weit verbreiteten Pr\u00fcfung von PKU unterst\u00fctzt. Dies hat zu einer fr\u00fchzeitigen Erkennung und Intervention f\u00fcr Zehntausend Babys in den USA gef\u00fchrt. Heute ist das Neugeborenen-Screening \u00fcberall zwischen drei bis zwanzig oder mehr Analyten, einschlie\u00dflich angeborener Hypothyreose, Galaktos\u00e4mie, verzweigtkettiger Ketonurie, Ahornzucker-Urin-St\u00f6rung und Sichelzellen-An\u00e4mie mit unserem 903 Probensammelpapier m\u00f6glich. In j\u00fcngerer Zeit, mit dem Aufkommen der Tandem-Massenspektrometrie-Technologie, viele Programme sind weniger h\u00e4ufig auftretende Erkrankungen, um ihre Panel von Analyten, einschlie\u00dflich MCAD, zystische Fibrose und eine Reihe von Aminos\u00e4ure-Erkrankungen. 1998 wurde das 903 Probensammelpapier zum internationalen Standard f\u00fcr die Probenentnahme, Transport, Analyse und Archivierung von K\u00f6rperfl\u00fcssigkeit.<\/p>\n<p>Reinheit, Konsistenz und ausgezeichnete Absorption sind wichtige Merkmale f\u00fcr neonatale Blutentnahmepapiere. Das Papier muss frei von Verunreinigungen sein, die die Qualit\u00e4t oder Zusammensetzung der Probe beeintr\u00e4chtigen k\u00f6nnen. Es muss auch in \u00dcbereinstimmung mit den Anforderungen der CLSI LA4-A5 Konsens-Standard validiert werden. 903 Probenentnahmeger\u00e4te erf\u00fcllen diese Spezifikationen und sind als FDA Class II Medical Device gelistet. In Europa werden sie als &#8222;CE&#8220; -markierte &#8222;In-vitro-Diagnostik&#8220; gem\u00e4\u00df 98\/79 \/ EG verkauft.<\/p>\n","protected":false},"excerpt":{"rendered":"<p>Eastern Business Forms EBF produziert seit mehr als 40 Jahren neugeborene Siebger\u00e4te. EBF ist der exklusive Anbieter von 903 Filterpapier weltweit f\u00fcr den diagnostischen Einsatz und verf\u00fcgt \u00fcber umfangreiche Erfahrung in der Konstruktion und Herstellung von 903 Diagnoseger\u00e4ten und Verfahrenspaketen. EBF ist der exklusive Hersteller von getrockneten Blutspotsammelger\u00e4ten f\u00fcr Schleicher &#038; Shuell, Whatman und GE Healthcare. Unser Ziel ist es, [&hellip;]<\/p>\n","protected":false},"author":32,"featured_media":0,"parent":0,"menu_order":0,"comment_status":"closed","ping_status":"closed","template":"","meta":{"footnotes":""},"class_list":["post-602","page","type-page","status-publish","hentry"],"_links":{"self":[{"href":"https:\/\/ebf-inc.com\/de\/wp-json\/wp\/v2\/pages\/602","targetHints":{"allow":["GET"]}}],"collection":[{"href":"https:\/\/ebf-inc.com\/de\/wp-json\/wp\/v2\/pages"}],"about":[{"href":"https:\/\/ebf-inc.com\/de\/wp-json\/wp\/v2\/types\/page"}],"author":[{"embeddable":true,"href":"https:\/\/ebf-inc.com\/de\/wp-json\/wp\/v2\/users\/32"}],"replies":[{"embeddable":true,"href":"https:\/\/ebf-inc.com\/de\/wp-json\/wp\/v2\/comments?post=602"}],"version-history":[{"count":0,"href":"https:\/\/ebf-inc.com\/de\/wp-json\/wp\/v2\/pages\/602\/revisions"}],"wp:attachment":[{"href":"https:\/\/ebf-inc.com\/de\/wp-json\/wp\/v2\/media?parent=602"}],"curies":[{"name":"wp","href":"https:\/\/api.w.org\/{rel}","templated":true}]}}