{"id":563,"date":"2017-08-18T22:20:30","date_gmt":"2017-08-18T22:20:30","guid":{"rendered":"https:\/\/ebf-inc.com\/fahigkeiten\/"},"modified":"2017-08-18T22:20:31","modified_gmt":"2017-08-18T22:20:31","slug":"fahigkeiten","status":"publish","type":"page","link":"https:\/\/ebf-inc.com\/de\/fahigkeiten\/","title":{"rendered":"F\u00e4higkeiten"},"content":{"rendered":"<p>[vc_row padding_top=&#8220;50&#8243; padding_bottom=&#8220;20&#8243;][vc_column width=&#8220;1\/6&#8243;][\/vc_column][vc_column width=&#8220;1\/3&#8243;][vc_row_inner][vc_column_inner width=&#8220;1\/4&#8243;]<div class=\"text-right\" ><i class=\"icon-barcode icon-4x\"style=\"color: #ef3d35\"><\/i> <\/div>[\/vc_column_inner][vc_column_inner width=&#8220;3\/4&#8243;][vc_column_text]<\/p>\n<h3>Barcodes<\/h3>\n<p>Getrocknete Blutspot-Karten k\u00f6nnen mit dem Barcodieren auf dem demografischen Teil in jedem Format versehen werden, das alphanumerische Zeichen (Buchstaben, Ziffern und einige spezielle Symbole) ausdrucken kann. Die Datenintegrit\u00e4t wird durch die Verwendung von Modulpr\u00fcfziffern erh\u00f6ht.<\/p>\n<p>Barcodes k\u00f6nnen \u00fcber eine Perforation gedruckt werden, wo die Karte im Labor getrennt werden w\u00fcrde. Dies erm\u00f6glicht die M\u00f6glichkeit, alle Abschnitte der Karte zu verfolgen. Auf der linken Seite ist eine Darstellung der Florida-Karte auf P8 gezeigt. Wir k\u00f6nnen auch abnehmbare Klebe-Barcodes f\u00fcr Ihre Karten drucken, die an begleitenden Papierkramen eingehalten werden k\u00f6nnen.[\/vc_column_text][\/vc_column_inner][\/vc_row_inner][\/vc_column][vc_column width=&#8220;1\/3&#8243;][vc_row_inner][vc_column_inner width=&#8220;1\/4&#8243;]<div class=\"text-right\" ><i class=\"icon-cog icon-4x\"style=\"color: #ef3d35\"><\/i> <\/div>[\/vc_column_inner][vc_column_inner width=&#8220;3\/4&#8243;][vc_column_text]<\/p>\n<h3>Kundenspezifische Kits<\/h3>\n<p>Feld-basierte Probenahme erfordert oft die Verwendung von mehreren Produkten wie Handschuhe, sterile Wischt\u00fccher und eine Lanzette zus\u00e4tzlich zu der Probenahmekarte selbst. EBF entwickelt und fertigt kundenspezifische, f\u00fcr Ihre Anwendungen spezifische, kundenspezifische Kits, so dass alle Werkzeuge f\u00fcr eine optimale Probenahme vor Ort und gebrauchsfertig sind.[\/vc_column_text][\/vc_column_inner][\/vc_row_inner][\/vc_column][vc_column width=&#8220;1\/6&#8243;][\/vc_column][\/vc_row][vc_row padding_top=&#8220;20&#8243; padding_bottom=&#8220;20&#8243;][vc_column width=&#8220;1\/6&#8243;][\/vc_column][vc_column width=&#8220;1\/3&#8243;][vc_row_inner][vc_column_inner width=&#8220;1\/4&#8243;]<div class=\"text-right\" ><i class=\"icon-exchange icon-4x\"style=\"color: #ef3d35\"><\/i> <\/div>[\/vc_column_inner][vc_column_inner width=&#8220;3\/4&#8243;][vc_column_text]<\/p>\n<h3>Wrap-around-Abdeckungen<\/h3>\n<p>Wrap-around-Abdeckungen sind an der 903 getrockneten Blutspot-Karte befestigt und k\u00f6nnen &#8222;umwickelt&#8220; werden die 903 Probensammlung Teil der Karte, um den Probenahmebereich zu sch\u00fctzen. Diese Wrap-around-Abdeckung ist in verschiedenen Materialien erh\u00e4ltlich: 28-Pfund-Papier, lichtdurchl\u00e4ssiges Glassine oder klare Feuchtigkeitsschutzbarriere. Dies sch\u00fctzt die Probe und kann die Notwendigkeit f\u00fcr zus\u00e4tzliche Glassine Umschl\u00e4ge zu beseitigen.[\/vc_column_text][\/vc_column_inner][\/vc_row_inner][\/vc_column][vc_column width=&#8220;1\/3&#8243;][vc_row_inner][vc_column_inner width=&#8220;1\/4&#8243;]<div class=\"text-right\" ><i class=\"icon-sort-number-up icon-4x\"style=\"color: #ef3d35\"><\/i> <\/div>[\/vc_column_inner][vc_column_inner width=&#8220;3\/4&#8243;][vc_column_text]<\/p>\n<h3>Sequenzielle Nummerierung<\/h3>\n<p>Getrocknete Blutspotkarten k\u00f6nnen mit fortlaufender Nummerierung versehen werden. Dies bedeutet, dass jede Ihrer Karten eine andere Nummer haben wird, was f\u00fcr die Verfolgung und Identifizierung wichtig ist.[\/vc_column_text][\/vc_column_inner][\/vc_row_inner][\/vc_column][vc_column width=&#8220;1\/6&#8243;][\/vc_column][\/vc_row][vc_row padding_top=&#8220;20&#8243; padding_bottom=&#8220;20&#8243;][vc_column width=&#8220;1\/6&#8243;][\/vc_column][vc_column width=&#8220;1\/3&#8243;][vc_row_inner][vc_column_inner width=&#8220;1\/4&#8243;]<div class=\"text-right\" ><i class=\"icon-cog icon-4x\"style=\"color: #ef3d35\"><\/i> <\/div>[\/vc_column_inner][vc_column_inner width=&#8220;3\/4&#8243;][vc_column_text]<\/p>\n<h3>OCR-scannbares Format<\/h3>\n<p>EBF kann spezielle Tinten f\u00fcr Druckformen verwenden, die f\u00fcr optische Zeichenerkennungs- (OCR-) Scanner unsichtbar sind, so dass die Scanner nur die variablen demografischen Informationen erfassen (d.h. geschriebene Informationseingabe durch den Sampler).[\/vc_column_text][\/vc_column_inner][\/vc_row_inner][\/vc_column][vc_column width=&#8220;1\/3&#8243;][vc_row_inner][vc_column_inner width=&#8220;1\/4&#8243;]<div class=\"text-right\" ><i class=\"icon-pencil-1 icon-4x\"style=\"color: #ef3d35\"><\/i> <\/div>[\/vc_column_inner][vc_column_inner width=&#8220;3\/4&#8243;][vc_column_text]<\/p>\n<h3>Farbcodierung<\/h3>\n<p>Kundenspezifische, getrocknete Blutfleckkarten k\u00f6nnen farbcodiert werden, um die Formverteilung nach der Probenahme zu vereinfachen.[\/vc_column_text][\/vc_column_inner][\/vc_row_inner][\/vc_column][vc_column width=&#8220;1\/6&#8243;][\/vc_column][\/vc_row][vc_row padding_top=&#8220;20&#8243; padding_bottom=&#8220;20&#8243;][vc_column width=&#8220;1\/6&#8243;][\/vc_column][vc_column width=&#8220;1\/3&#8243;][vc_row_inner][vc_column_inner width=&#8220;1\/4&#8243;]<div class=\"text-right\" ><i class=\"icon-box icon-4x\"style=\"color: #ef3d35\"><\/i> <\/div>[\/vc_column_inner][vc_column_inner width=&#8220;3\/4&#8243;][vc_column_text]<\/p>\n<h3>Kundenspezifische Verpackung<\/h3>\n<p>Ein bestimmtes Codierungssystem kann auf jedem Paket, Karton und Versandkarton gedruckt werden. Au\u00dfenkartons k\u00f6nnen beschriftet werden, um die fortlaufende Nummerierung der beiliegenden Formulare wiederzugeben.[\/vc_column_text][\/vc_column_inner][\/vc_row_inner][\/vc_column][vc_column width=&#8220;1\/3&#8243;][vc_row_inner][vc_column_inner width=&#8220;1\/4&#8243;]<div class=\"text-right\" ><i class=\"icon-headphones icon-4x\"style=\"color: #ef3d35\"><\/i> <\/div>[\/vc_column_inner][vc_column_inner width=&#8220;3\/4&#8243;][vc_column_text]<\/p>\n<h3>H\u00f6rprobe<\/h3>\n<p>Es ist m\u00f6glich, einen Abschnitt zu einer getrockneten Blutfleckkarte hinzuzuf\u00fcgen, um Testergebnisse zu h\u00f6ren. Damit werden alle Screening-Ergebnisse in einer Datenbank unter einer einzigen Kontrollnummer zusammengestellt.[\/vc_column_text][\/vc_column_inner][\/vc_row_inner][\/vc_column][vc_column width=&#8220;1\/6&#8243;][\/vc_column][\/vc_row][vc_row padding_top=&#8220;20&#8243; padding_bottom=&#8220;50&#8243;][vc_column width=&#8220;1\/6&#8243;][\/vc_column][vc_column width=&#8220;1\/3&#8243;][vc_row_inner][vc_column_inner width=&#8220;1\/4&#8243;]<div class=\"text-right\" ><i class=\"icon-doc-text-inv icon-4x\"style=\"color: #ef3d35\"><\/i> <\/div>[\/vc_column_inner][vc_column_inner width=&#8220;3\/4&#8243;][vc_column_text]<\/p>\n<h3>\u00dcbergeordnete Informationsbl\u00e4tter \/ Brosch\u00fcren<\/h3>\n<p>\u00dcbergeordnete Informationsbl\u00e4tter, die Teil des Neugeborenen-Sammelger\u00e4ts sind und die Ger\u00e4tenummern enthalten, k\u00f6nnen als erster Teil eines mehrteiligen Formulars bereitgestellt werden. Alternativ k\u00f6nnen detaillierte \u00fcbergeordnete Informationen Brosch\u00fcren an die Form geklebt werden.[\/vc_column_text][\/vc_column_inner][\/vc_row_inner][\/vc_column][vc_column width=&#8220;1\/3&#8243;][vc_row_inner][vc_column_inner width=&#8220;1\/4&#8243;]<div class=\"text-right\" ><i class=\"icon-mail-alt icon-4x\"style=\"color: #ef3d35\"><\/i> <\/div>[\/vc_column_inner][vc_column_inner width=&#8220;3\/4&#8243;][vc_column_text]<\/p>\n<h3>\u00dcbergabe oder Versand von Umschl\u00e4gen<\/h3>\n<p>EBF kann kundenspezifische Umschl\u00e4ge f\u00fcr das Versenden von Proben an das zentrale Labor zur Verf\u00fcgung stellen, um ein Screening-Formular mit dem Elternteil zur Nachsahnung zu schicken oder Proben zu separaten Laboratorien f\u00fcr Nicht-Standard-Screening-Tests zu senden (dh f\u00fcr DNA-Tests oder erg\u00e4nzend Screening). Diese Umschl\u00e4ge sind h\u00e4ufig farbcodiert.[\/vc_column_text][\/vc_column_inner][\/vc_row_inner][\/vc_column][vc_column width=&#8220;1\/6&#8243;][\/vc_column][\/vc_row][vc_row][vc_column][vc_column_text]<\/p>\n<h2 style=\"text-align: center;\">VERGLEICHSTABELLE<\/h2>\n<p>[\/vc_column_text][vc_raw_html]PHRhYmxlIGNsYXNzPSJ0YWJsZSB0YWJsZS1zdHJpcGVkIj4NCjx0aGVhZD4NCjx0cj4NCjx0ZCBjbGFzcz0idGMiPjwvdGQ+DQo8dGQgY2xhc3M9InRjIj48c3Ryb25nPjkwMyBFSU5aRUxURUlMS0FSVEU8L3N0cm9uZz48L3RkPg0KPHRkIGNsYXNzPSJ0YyI+PHN0cm9uZz45MDMgWldFSS1URUlMS0FSVEU8L3N0cm9uZz48L3RkPg0KPHRkIGNsYXNzPSJ0YyI+PHN0cm9uZz45MDMgTVVMVEkgVEVJTEtBUlRFPC9zdHJvbmc+PC90ZD4NCjx0ZCBjbGFzcz0idGMiPjxzdHJvbmc+OTAzIEtBU1NFVFRFS0FSVEU8L3N0cm9uZz48L3RkPg0KPC90cj4NCjwvdGhlYWQ+DQo8dGJvZHk+DQo8dHI+DQo8dGQ+Q0RDIGVtcGZvaGxlbmVzIFBhcGllciBmw7xyIE5ldWdlYm9yZW5lbi1TY3JlZW5pbmc8L3RkPg0KPHRkPjwvdGQ+DQo8dGQgY2xhc3M9InRjIj48aSBjbGFzcz0iaWNvbi1jaGVjayI+PC9pPjwvdGQ+DQo8dGQgY2xhc3M9InRjIj48aSBjbGFzcz0iaWNvbi1jaGVjayI+PC9pPjwvdGQ+DQo8dGQgY2xhc3M9InRjIj48aSBjbGFzcz0iaWNvbi1jaGVjayI+PC9pPjwvdGQ+DQo8L3RyPg0KPHRyPg0KPHRkPlByb2R1a3QgdHJpZmZ0IFVTIHVuZCBFVSBmw7xyIE5ldWdlYm9yZW5lbi1TY3JlZW5pbmc8L3RkPg0KPHRkPjwvdGQ+DQo8dGQgY2xhc3M9InRjIj48aSBjbGFzcz0iaWNvbi1jaGVjayI+PC9pPjwvdGQ+DQo8dGQgY2xhc3M9InRjIj48aSBjbGFzcz0iaWNvbi1jaGVjayI+PC9pPjwvdGQ+DQo8dGQgY2xhc3M9InRjIj48aSBjbGFzcz0iaWNvbi1jaGVjayI+PC9pPjwvdGQ+DQo8L3RyPg0KPHRyPg0KPHRkPlByb2R1a3QgaGVyZ2VzdGVsbHQgdW50ZXIgR29vZCBNYW51ZmFjdHVyaW5nIFByYWN0aWNlcyAoR01QKTwvdGQ+DQo8dGQgY2xhc3M9InRjIj48aSBjbGFzcz0iaWNvbi1jaGVjayI+PC9pPjwvdGQ+DQo8dGQgY2xhc3M9InRjIj48aSBjbGFzcz0iaWNvbi1jaGVjayI+PC9pPjwvdGQ+DQo8dGQgY2xhc3M9InRjIj48aSBjbGFzcz0iaWNvbi1jaGVjayI+PC9pPjwvdGQ+DQo8dGQgY2xhc3M9InRjIj48aSBjbGFzcz0iaWNvbi1jaGVjayI+PC9pPjwvdGQ+DQo8L3RyPg0KPHRyPg0KPHRkPlNlcXVlbnRpZWxsZSBLYXJ0ZTwvdGQ+DQo8dGQgY2xhc3M9InRjIj48aSBjbGFzcz0iaWNvbi1jaGVjayI+PC9pPjwvdGQ+DQo8dGQgY2xhc3M9InRjIj48aSBjbGFzcz0iaWNvbi1jaGVjayI+PC9pPjwvdGQ+DQo8dGQgY2xhc3M9InRjIj48aSBjbGFzcz0iaWNvbi1jaGVjayI+PC9pPjwvdGQ+DQo8dGQgY2xhc3M9InRjIj48aSBjbGFzcz0iaWNvbi1jaGVjayI+PC9pPjwvdGQ+DQo8L3RyPg0KPHRyPg0KPHRkPkVyaMOkbHRsaWNoIGluIG1laHIgYWxzIGVpbmVyIERydWNrZmFyYmU8L3RkPg0KPHRkPjwvdGQ+DQo8dGQgY2xhc3M9InRjIj48aSBjbGFzcz0iaWNvbi1jaGVjayI+PC9pPjwvdGQ+DQo8dGQgY2xhc3M9InRjIj48aSBjbGFzcz0iaWNvbi1jaGVjayI+PC9pPjwvdGQ+DQo8dGQgY2xhc3M9InRjIj48aSBjbGFzcz0iaWNvbi1jaGVjayI+PC9pPjwvdGQ+DQo8L3RyPg0KPHRyPg0KPHRkPk9DUi1zY2FubmJhcmVzIEZvcm1hdDwvdGQ+DQo8dGQ+PC90ZD4NCjx0ZCBjbGFzcz0idGMiPjxpIGNsYXNzPSJpY29uLWNoZWNrIj48L2k+PC90ZD4NCjx0ZCBjbGFzcz0idGMiPjxpIGNsYXNzPSJpY29uLWNoZWNrIj48L2k+PC90ZD4NCjx0ZCBjbGFzcz0idGMiPjxpIGNsYXNzPSJpY29uLWNoZWNrIj48L2k+PC90ZD4NCjwvdHI+DQo8dHI+DQo8dGQ+QmFyY29kZXMgYW5nZXBhc3N0IGFuIElociBCYXJjb2RlLVN5c3RlbTwvdGQ+DQo8dGQ+PC90ZD4NCjx0ZCBjbGFzcz0idGMiPjxpIGNsYXNzPSJpY29uLWNoZWNrIj48L2k+PC90ZD4NCjx0ZCBjbGFzcz0idGMiPjxpIGNsYXNzPSJpY29uLWNoZWNrIj48L2k+PC90ZD4NCjx0ZCBjbGFzcz0idGMiPjxpIGNsYXNzPSJpY29uLWNoZWNrIj48L2k+PC90ZD4NCjwvdHI+DQo8dHI+DQo8dGQ+V3JhcC1hcm91bmQtQWJkZWNrdW5nIHp1bSBTY2h1dHogZGVyIFByb2JlbmZsw6RjaGU8L3RkPg0KPHRkPjwvdGQ+DQo8dGQ+PC90ZD4NCjx0ZCBjbGFzcz0idGMiPjxpIGNsYXNzPSJpY29uLWNoZWNrIj48L2k+PC90ZD4NCjx0ZCBjbGFzcz0idGMiPjxpIGNsYXNzPSJpY29uLWNoZWNrIj48L2k+PC90ZD4NCjwvdHI+DQo8dHI+DQo8dGQ+WnVzw6R0emxpY2hlIENhcmJvbi1TY2hpY2h0ZW4genVtIFZlcnZpZWxmw6RsdGlnZW4gdm9uIEluZm9ybWF0aW9uZW48L3RkPg0KPHRkPjwvdGQ+DQo8dGQ+PC90ZD4NCjx0ZCBjbGFzcz0idGMiPjxpIGNsYXNzPSJpY29uLWNoZWNrIj48L2k+PC90ZD4NCjx0ZCBjbGFzcz0idGMiPjxpIGNsYXNzPSJpY29uLWNoZWNrIj48L2k+PC90ZD4NCjwvdHI+DQo8dHI+DQo8dGQ+S2Fzc2V0dGVucmFobWVuIGbDvHIgQXV0b21hdGlzaWVydW5nPC90ZD4NCjx0ZD48L3RkPg0KPHRkPjwvdGQ+DQo8dGQ+PC90ZD4NCjx0ZCBjbGFzcz0idGMiPjxpIGNsYXNzPSJpY29uLWNoZWNrIj48L2k+PC90ZD4NCjwvdHI+DQo8L3Rib2R5Pg0KPC90YWJsZT4=[\/vc_raw_html][\/vc_column][\/vc_row]<\/p>\n","protected":false},"excerpt":{"rendered":"<p>[vc_row padding_top=&#8220;50&#8243; padding_bottom=&#8220;20&#8243;][vc_column width=&#8220;1\/6&#8243;][\/vc_column][vc_column width=&#8220;1\/3&#8243;][vc_row_inner][vc_column_inner width=&#8220;1\/4&#8243;][\/vc_column_inner][vc_column_inner width=&#8220;3\/4&#8243;][vc_column_text] Barcodes Getrocknete Blutspot-Karten k\u00f6nnen mit dem Barcodieren auf dem demografischen Teil in jedem Format versehen werden, das alphanumerische Zeichen (Buchstaben, Ziffern und einige spezielle Symbole) ausdrucken kann. Die Datenintegrit\u00e4t wird durch die Verwendung von Modulpr\u00fcfziffern erh\u00f6ht. Barcodes k\u00f6nnen \u00fcber eine Perforation gedruckt werden, wo die Karte im Labor getrennt werden w\u00fcrde. Dies erm\u00f6glicht [&hellip;]<\/p>\n","protected":false},"author":32,"featured_media":0,"parent":0,"menu_order":0,"comment_status":"closed","ping_status":"closed","template":"page-templates\/full-width.php","meta":{"footnotes":""},"class_list":["post-563","page","type-page","status-publish","hentry"],"_links":{"self":[{"href":"https:\/\/ebf-inc.com\/de\/wp-json\/wp\/v2\/pages\/563","targetHints":{"allow":["GET"]}}],"collection":[{"href":"https:\/\/ebf-inc.com\/de\/wp-json\/wp\/v2\/pages"}],"about":[{"href":"https:\/\/ebf-inc.com\/de\/wp-json\/wp\/v2\/types\/page"}],"author":[{"embeddable":true,"href":"https:\/\/ebf-inc.com\/de\/wp-json\/wp\/v2\/users\/32"}],"replies":[{"embeddable":true,"href":"https:\/\/ebf-inc.com\/de\/wp-json\/wp\/v2\/comments?post=563"}],"version-history":[{"count":12,"href":"https:\/\/ebf-inc.com\/de\/wp-json\/wp\/v2\/pages\/563\/revisions"}],"predecessor-version":[{"id":575,"href":"https:\/\/ebf-inc.com\/de\/wp-json\/wp\/v2\/pages\/563\/revisions\/575"}],"wp:attachment":[{"href":"https:\/\/ebf-inc.com\/de\/wp-json\/wp\/v2\/media?parent=563"}],"curies":[{"name":"wp","href":"https:\/\/api.w.org\/{rel}","templated":true}]}}