{"id":549,"date":"2017-08-18T22:08:17","date_gmt":"2017-08-18T22:08:17","guid":{"rendered":"https:\/\/ebf-inc.com\/qa\/"},"modified":"2017-08-18T22:08:17","modified_gmt":"2017-08-18T22:08:17","slug":"qa","status":"publish","type":"page","link":"https:\/\/ebf-inc.com\/de\/qa\/","title":{"rendered":"Q&#038;A"},"content":{"rendered":"<p>Wie funktioniert 903?<br \/>\nBiomolek\u00fcle sind an die Cellulosefasermatrix gebunden<\/p>\n<p>Wie lange Samples auf 903 Papierkarten gelagert werden k\u00f6nnen?<br \/>\nLAGERUNG bei Raumtemperatur &#8211; DBS Protein Saver 903 Karten, die innerhalb von 4 Wochen versandt werden.<br \/>\nLAGERUNG bei 4-20 \u00b0 C oder -70 \u00b0 C &#8211; DBS Protein Saver 903 Karten, die f\u00fcr DNA, RNA, PK, Genotyping etc. verwendet werden und die versendet werden> 4 Wochen, aber weniger als 4 Monate<\/p>\n<p>Welche Beispieltypen kann ich auf 903 Papierkarten anwenden?<br \/>\nEmpfohlen f\u00fcr DBS-Analysen, Blutprobenkollektion f\u00fcr diagnostische Anwendungen<\/p>\n<p>Wie soll ich die unbenutzten 903 Karten speichern?<br \/>\nEmpfehlung f\u00fcr die Lagerung von 903 Karten ist bei weniger als 25 \u00b0 C und 60% RH, gesch\u00fctzt vor direkter Sonneneinstrahlung<\/p>\n<p>Was ist die Haltbarkeit einer unbenutzten 903-Karte?<br \/>\nDie Haltbarkeit einer unbenutzten 903-Karte betr\u00e4gt drei Jahre.<\/p>\n<p>Ist es sicher, 903 Karten mit einer Probe auf sie zu schicken?<br \/>\nA. Empfohlen: Die Proben sollten innerhalb von 24 Stunden nach der Probenentnahme in das Labor transportiert oder verschickt werden und die entsprechenden Verfolgungsunterlagen gem\u00e4\u00df den \u00f6rtlichen Vorschriften und nach Ihren \u00f6rtlichen Verfahren und Richtlinien beibehalten werden.<br \/>\nB. Grunds\u00e4tzlich muss der Versand von DBS Protein Saver 903 Karten, die bei Raumtemperatur gelagert werden, innerhalb von 4 Wochen erfolgen. Alternativ sollten die Karten nach den protokollspezifischen Anweisungen in einen K\u00fchlschrank oder Gefrierschrank gestellt werden.<br \/>\nNach Angaben der Weltgesundheitsorganisation Leitlinien f\u00fcr Vorschriften f\u00fcr den Transport von infekti\u00f6sen Stoffen 2011-2012:<br \/>\nUm DBS-Exemplare zu versenden, m\u00fcssen Sie das Basis-Triple-Packing-System verwenden.<br \/>\n1. Der prim\u00e4re Beh\u00e4lter ist die Filterpapiermatrix, die das absorbierte und getrocknete Blut enth\u00e4lt.<br \/>\n2. Ein Sekund\u00e4rbeh\u00e4lter muss den prim\u00e4ren (Filterpapier) Beh\u00e4lter einschlie\u00dfen. Der Sekund\u00e4rbeh\u00e4lter sollte eine Umschlagklappe oder eine Innenh\u00fclle haben, um den Inhalt zu sichern.<br \/>\n3. Die dritte Ebene der Eind\u00e4mmung ist eine \u00e4u\u00dfere H\u00fclle von robustem, hochwertigem Papier. Diese Ebenen der Eind\u00e4mmung bieten eine angemessene Sicherheit aus der beruflichen Exposition und pflegen eine optimale Probenintegrit\u00e4t.<br \/>\nZus\u00e4tzliche Hinweise: Immer nach den \u00f6rtlichen Post-, Kurier- und anderen Transportvorschriften folgen. Wenn die \u00f6rtlichen Vorschriften in luftdichten, auslaufsicheren, verschlossenen Beh\u00e4ltern (Kunststoff- oder Folienbeuteln) f\u00fcr den Transport erforderlich sind, m\u00fcssen Sie eine ausreichende Anzahl von Trockenmittelpaketen enthalten, um sicherzustellen, dass die Proben nur minimal zu \u00fcberm\u00e4\u00dfiger Feuchtigkeit ausgesetzt sind.<\/p>\n<p>Welcher Puncher kann mit 903 Papier benutzt werden?<br \/>\nEntw\u00fcrfe k\u00f6nnen angepasst werden, um die am meisten verwendeten Punchers passen<\/p>\n<p>Was passiert, wenn 903 Karten nass werden, entweder vor oder nach der Lagerung?<br \/>\nWenn die 903-Karte vor der Probenanwendung nass wird, verwerfe die unbenutzte, nasse Karte, da ein Teil der Probe abgewaschen werden kann.<br \/>\nWenn das Produkt nach der Probenanwendung nass wird, nehmen Sie einen Schlag aus der Probe, um die DNA abzurufen und so schnell wie m\u00f6glich zu verarbeiten. Die Fl\u00fcssigkeit kann die Probe beeintr\u00e4chtigt haben, der Biomolek\u00fclabbau k\u00f6nnte aufgetreten sein, weshalb es wichtig ist, die Probe sofort abzurufen<\/p>\n<p>Wie kann ich das Blut oder andere fl\u00fcssige Proben auf 903 Karten auftragen?<br \/>\nEs gibt verschiedene Protokolle, bitte beachten Sie auch die zugeh\u00f6rige IFU-Brosch\u00fcre.<\/p>\n<p>Kann ich die Probe wieder auf die Karte auftragen, nachdem der Fleck getrocknet ist, um mehr Probe auf die 903 Karten zu bekommen?<br \/>\nNein<\/p>\n<p>K\u00f6nnen kundenspezifische Formate gemacht werden?<br \/>\nJa. Unser Designteam kann mit Ihnen zusammenarbeiten, um ein Ger\u00e4t zu produzieren, das Ihren Bed\u00fcrfnissen entspricht.<\/p>\n<p>K\u00f6nnen Sie zuvor gefrorenes Blut auf 903 Karten anwenden, um die Probe zu reinigen?<br \/>\nJa, ein gr\u00f6\u00dferer Schlag kann zwar ben\u00f6tigt werden, obwohl einige der Zellen beim Einfrieren lysiert worden sind<\/p>\n<p>Wie viele Schl\u00e4ge bekomme ich aus einem 903 Stichprobenkreis?<br \/>\nAbh\u00e4ngig vom Stanzdurchmesser und Kreisgr\u00f6\u00dfe (min. Kreisgr\u00f6\u00dfe mit 10 mm)<\/p>\n<p>Kann ich DNA aus der 903-Karte eluieren?<br \/>\nGrunds\u00e4tzlich ja mit Hilfe der Proteinase K-Behandlung und einer Phenol \/ Chloroform \/ Isoamylalkohol (25: 24: 1) Extraktion (Anwendungshinweis vorhanden).<\/p>\n<p>Was meinst du mit \u00fcberm\u00e4\u00dfiger Feuchtigkeit bei der Lagerung? Was ist mit Feuchtigkeit beim Versand von geflecktem und \/ oder unspotiertem Produkt?<br \/>\nFeuchtigkeit kann die Probe beeintr\u00e4chtigen, Biomolek\u00fclabbau kann auftreten, dort empfehlen wir, einen versiegelten Beutel zu verwenden, der ein Trockenmittelpaket enth\u00e4lt.<\/p>\n<p>Wie viel Blut h\u00e4lt jede Karte?<br \/>\nDies h\u00e4ngt von der Anzahl der Kreise pro Karte ab. Jeder Kreisprobenbereich h\u00e4lt 75-80\u03bcl Probe, max 400\u03bcl f\u00fcr Karten mit 5 Probenbereichen<\/p>\n<p>Welche Zertifizierung gibt es?<br \/>\nAnalysenzertifikat ist f\u00fcr das 903 Papier f\u00fcr jeden Job verf\u00fcgbar. Normalerweise stellen wir keine arbeitsbezogenen Analysenzertifikate zur Verf\u00fcgung.<br \/>\nUrsprungszeugniszeugnisse werden als Pflichtdokument f\u00fcr Exportkontinen ausgeliefert.<\/p>\n<p>Sind MSDS verf\u00fcgbar?<br \/>\nKeine Materialdaten Safty Sheets sind verf\u00fcgbar, da keine Chemikalien f\u00fcr dieses Produkt verwendet werden<\/p>\n<p>Welche Barcodes k\u00f6nnen Sie drucken?<br \/>\nEBF kann die meisten Barcodes drucken, die in der Branche eingesetzt werden. Mit Hochgeschwindigkeits-Laserdruckern kann EBF auf jede Barcode-Gr\u00f6\u00dfe anpassen und ist auch in der Lage, 2-D-Barcodes zu drucken.<\/p>\n<p>K\u00f6nnen Sie Barcodes auf 903 Filterpapier drucken?<br \/>\nWegen der Natur von 903 Filterpapier und einer hohen Obsorbanz empfiehlt sich EBF nicht, fein gedruckte Gegenst\u00e4nde wie Barcodes direkt auf das 903 Papier zu drucken.<\/p>\n<p>Was ist Ihre typische Lieferung?<br \/>\nDie Komplexit\u00e4t der Karte und des Volumens kann die Lieferung beeinflussen, aber die Mehrheit der Auftr\u00e4ge kann verarbeitet und versendet werden 6-8 Wochen nach der Bestellung der Bestellung und des Kunden Kopie Genehmigung.<\/p>\n<p>K\u00f6nnen Sie mehrteilige Formen herstellen?<br \/>\nJa, EBF kann alles von einer einfachen 903 Einzelkarte zu mehrteiligen Formen mit Barcoding und \/ oder Nummerierung herstellen. Mit unseren 50+ Jahren Erfahrung hinter uns, ist unser Team auch in der Lage, Designvorschl\u00e4ge anzubieten, um Kundenbed\u00fcrfnisse zu erf\u00fcllen.<\/p>\n","protected":false},"excerpt":{"rendered":"<p>Wie funktioniert 903? Biomolek\u00fcle sind an die Cellulosefasermatrix gebunden Wie lange Samples auf 903 Papierkarten gelagert werden k\u00f6nnen? LAGERUNG bei Raumtemperatur &#8211; DBS Protein Saver 903 Karten, die innerhalb von 4 Wochen versandt werden. LAGERUNG bei 4-20 \u00b0 C oder -70 \u00b0 C &#8211; DBS Protein Saver 903 Karten, die f\u00fcr DNA, RNA, PK, Genotyping etc. verwendet werden und die [&hellip;]<\/p>\n","protected":false},"author":32,"featured_media":0,"parent":0,"menu_order":0,"comment_status":"closed","ping_status":"closed","template":"","meta":{"footnotes":""},"class_list":["post-549","page","type-page","status-publish","hentry"],"_links":{"self":[{"href":"https:\/\/ebf-inc.com\/de\/wp-json\/wp\/v2\/pages\/549","targetHints":{"allow":["GET"]}}],"collection":[{"href":"https:\/\/ebf-inc.com\/de\/wp-json\/wp\/v2\/pages"}],"about":[{"href":"https:\/\/ebf-inc.com\/de\/wp-json\/wp\/v2\/types\/page"}],"author":[{"embeddable":true,"href":"https:\/\/ebf-inc.com\/de\/wp-json\/wp\/v2\/users\/32"}],"replies":[{"embeddable":true,"href":"https:\/\/ebf-inc.com\/de\/wp-json\/wp\/v2\/comments?post=549"}],"version-history":[{"count":0,"href":"https:\/\/ebf-inc.com\/de\/wp-json\/wp\/v2\/pages\/549\/revisions"}],"wp:attachment":[{"href":"https:\/\/ebf-inc.com\/de\/wp-json\/wp\/v2\/media?parent=549"}],"curies":[{"name":"wp","href":"https:\/\/api.w.org\/{rel}","templated":true}]}}